{"id":1702,"date":"2015-07-31T09:53:04","date_gmt":"2015-07-31T07:53:04","guid":{"rendered":"https:\/\/cus.bojszowy.pl\/bip\/?page_id=1702"},"modified":"2025-04-11T09:26:16","modified_gmt":"2025-04-11T07:26:16","slug":"dzialalnosc-ze-strony-gops","status":"publish","type":"page","link":"https:\/\/cus.bojszowy.pl\/bip\/dzialalnosc-ze-strony-gops\/","title":{"rendered":"Dzia\u0142alno\u015b\u0107"},"content":{"rendered":"<p><a href=\"https:\/\/cus.bojszowy.pl\/bip\/wp-content\/uploads\/sites\/2\/2025\/01\/akt.pdf\">Program Us\u0142ug Spo\u0142ecznych w Gminie Bojszowy na rok 2025<\/a><\/p>\n<p>&nbsp;<\/p>\n<p><a href=\"https:\/\/cus.bojszowy.pl\/wp-content\/uploads\/2024\/01\/LXVIII_446_2023.pdf\" data-wahfont=\"14\">Program Us\u0142ug Spo\u0142ecznych w Gminie Bojszowy na rok 2024<\/a><\/p>\n<p><a href=\"https:\/\/cus.bojszowy.pl\/bip\/wp-content\/uploads\/sites\/2\/2025\/04\/informacja-z-realizacji-programu-uslug-spolecznych-za-2024.pdf\">Informacja z realizacji Programu Us\u0142ug Spo\u0142ecznych w Gminie Bojszowy za rok 2024<\/a><\/p>\n<p><a href=\"https:\/\/cus.bojszowy.pl\/bip\/wp-content\/uploads\/sites\/2\/2025\/01\/XL_272_2021_Program_Uslug_Spolecznych.pdf\">Program Us\u0142ug Spo\u0142ecznych w Gminie Bojszowy na lata 2022-2023<\/a><\/p>\n<p><a href=\"https:\/\/cus.bojszowy.pl\/bip\/wp-content\/uploads\/sites\/2\/2025\/01\/informacja-z-planu-realizacji-uslug-spolecznych.pdf\">Informacja z realizacji Programu Us\u0142ug Spo\u0142ecznych w Gminie Bojszowy na lata 2022-2023<\/a><\/p>\n<p>&nbsp;<\/p>\n<p>Zapraszamy do zapoznania si\u0119 z nasz\u0105 dzia\u0142alno\u015bci\u0105 na stronie <a href=\"https:\/\/cus.bojszowy.pl\">cus.bojszowy.pl<\/a><\/p>\n","protected":false},"excerpt":{"rendered":"<p>Program Us\u0142ug Spo\u0142ecznych w Gminie Bojszowy na rok 2025 &nbsp; Program Us\u0142ug Spo\u0142ecznych w Gminie Bojszowy na rok 2024 Informacja z realizacji Programu Us\u0142ug Spo\u0142ecznych w Gminie Bojszowy za rok 2024 Program Us\u0142ug Spo\u0142ecznych w Gminie Bojszowy na lata 2022-2023 Informacja z realizacji Programu Us\u0142ug Spo\u0142ecznych w Gminie Bojszowy na lata 2022-2023 &nbsp; Zapraszamy do&hellip;<\/p>\n","protected":false},"author":5,"featured_media":0,"parent":0,"menu_order":0,"comment_status":"closed","ping_status":"closed","template":"","meta":{"ngg_post_thumbnail":0,"footnotes":""},"class_list":["post-1702","page","type-page","status-publish","hentry","description-off"],"_links":{"self":[{"href":"https:\/\/cus.bojszowy.pl\/bip\/wp-json\/wp\/v2\/pages\/1702","targetHints":{"allow":["GET"]}}],"collection":[{"href":"https:\/\/cus.bojszowy.pl\/bip\/wp-json\/wp\/v2\/pages"}],"about":[{"href":"https:\/\/cus.bojszowy.pl\/bip\/wp-json\/wp\/v2\/types\/page"}],"author":[{"embeddable":true,"href":"https:\/\/cus.bojszowy.pl\/bip\/wp-json\/wp\/v2\/users\/5"}],"replies":[{"embeddable":true,"href":"https:\/\/cus.bojszowy.pl\/bip\/wp-json\/wp\/v2\/comments?post=1702"}],"version-history":[{"count":7,"href":"https:\/\/cus.bojszowy.pl\/bip\/wp-json\/wp\/v2\/pages\/1702\/revisions"}],"predecessor-version":[{"id":3073,"href":"https:\/\/cus.bojszowy.pl\/bip\/wp-json\/wp\/v2\/pages\/1702\/revisions\/3073"}],"wp:attachment":[{"href":"https:\/\/cus.bojszowy.pl\/bip\/wp-json\/wp\/v2\/media?parent=1702"}],"curies":[{"name":"wp","href":"https:\/\/api.w.org\/{rel}","templated":true}]}}