{"id":1862,"date":"2016-02-25T08:41:23","date_gmt":"2016-02-25T07:41:23","guid":{"rendered":"https:\/\/cus.bojszowy.pl\/bip\/?page_id=1862"},"modified":"2025-03-27T14:36:49","modified_gmt":"2025-03-27T13:36:49","slug":"kontrola-zarzadcza","status":"publish","type":"page","link":"https:\/\/cus.bojszowy.pl\/bip\/kontrola-zarzadcza\/","title":{"rendered":"Kontrola zarz\u0105dcza"},"content":{"rendered":"<p><a href=\"https:\/\/cus.bojszowy.pl\/bip\/wp-content\/uploads\/sites\/2\/2016\/02\/O\u015bwiadczenie-kontrola-zarz\u0105dcza-razem.pdf\" target=\"_blank\" rel=\"noopener noreferrer\">O\u015bwiadczenie o stanie kontroli zarz\u0105dczej za 2015 rok<\/a><\/p>\n<p><a href=\"https:\/\/cus.bojszowy.pl\/bip\/wp-content\/uploads\/sites\/2\/2016\/02\/O\u015bwiadczenie-o-stanie-kontroli-zarz\u0105dczej.pdf\" target=\"_blank\" rel=\"noopener noreferrer\">O\u015bwiadczenie o stanie kontroli zarz\u0105dczej za 2016 rok<\/a><\/p>\n<p><a href=\"https:\/\/cus.bojszowy.pl\/wp-content\/uploads\/2019\/04\/O\u015bwiadczenie-o-stanie-kontroli-zarz\u0105dzczej-za-rok-2017.pdf\">O\u015bwiadczenie o stanie kontroli zarz\u0105dczej za 2017 rok<\/a><\/p>\n<p><a href=\"https:\/\/cus.bojszowy.pl\/wp-content\/uploads\/2019\/04\/O\u015bwiadczenie-o-stanie-kontroli-zarz\u0105dczej-za-rok-2018.pdf\">O\u015bwiadczenie o stanie kontroli zarz\u0105dczej za 2018 rok<\/a><\/p>\n<p><a href=\"https:\/\/cus.bojszowy.pl\/bip\/wp-content\/uploads\/sites\/2\/2020\/12\/oswiadczenie-o-stanie-kontroli-zarzadczej-za-rok-2019.pdf\">O\u015bwiadczenie o stanie kontroli zarz\u0105dczej za 2019 rok<\/a><\/p>\n<p><a href=\"https:\/\/cus.bojszowy.pl\/bip\/wp-content\/uploads\/sites\/2\/2025\/03\/oswiadczenie-o-stanie-kontroli-zarzadczej-za-rok-2020.pdf\">O\u015bwiadczenie o stanie kontroli zarz\u0105dczej za 2020 rok<\/a><\/p>\n<p><a href=\"https:\/\/cus.bojszowy.pl\/bip\/wp-content\/uploads\/sites\/2\/2025\/03\/oswiadczenie-o-stanie-kontroli-zarzadczej-za-rok-2021.pdf\">O\u015bwiadczenie o stanie kontroli zarz\u0105dczej za 2021 rok<\/a><\/p>\n<p><a href=\"https:\/\/cus.bojszowy.pl\/bip\/wp-content\/uploads\/sites\/2\/2025\/03\/oswiadczenie-o-stanie-kontroli-zarzadczej-za-rok-2022.pdf\">O\u015bwiadczenie o stanie kontroli zarz\u0105dczej za 2022 rok<\/a><\/p>\n<p><a href=\"https:\/\/cus.bojszowy.pl\/bip\/wp-content\/uploads\/sites\/2\/2025\/03\/oswiadczenie-o-stanie-kontroli-zarzadczej-za-rok-2023.pdf\">O\u015bwiadczenie o stanie kontroli zarz\u0105dczej za 2023 rok<\/a><\/p>\n<p><a href=\"https:\/\/cus.bojszowy.pl\/bip\/wp-content\/uploads\/sites\/2\/2025\/03\/oswiadczenie-o-stanie-kontroli-zarzadczej-za-rok-2024-1.pdf\">O\u015bwiadczenie o stanie kontroli zarz\u0105dczej za 2024 rok<\/a><\/p>\n","protected":false},"excerpt":{"rendered":"<p>O\u015bwiadczenie o stanie kontroli zarz\u0105dczej za 2015 rok O\u015bwiadczenie o stanie kontroli zarz\u0105dczej za 2016 rok O\u015bwiadczenie o stanie kontroli zarz\u0105dczej za 2017 rok O\u015bwiadczenie o stanie kontroli zarz\u0105dczej za 2018 rok O\u015bwiadczenie o stanie kontroli zarz\u0105dczej za 2019 rok O\u015bwiadczenie o stanie kontroli zarz\u0105dczej za 2020 rok O\u015bwiadczenie o stanie kontroli zarz\u0105dczej za 2021&hellip;<\/p>\n","protected":false},"author":6,"featured_media":0,"parent":0,"menu_order":0,"comment_status":"closed","ping_status":"open","template":"","meta":{"ngg_post_thumbnail":0,"footnotes":""},"class_list":["post-1862","page","type-page","status-publish","hentry","description-off"],"_links":{"self":[{"href":"https:\/\/cus.bojszowy.pl\/bip\/wp-json\/wp\/v2\/pages\/1862","targetHints":{"allow":["GET"]}}],"collection":[{"href":"https:\/\/cus.bojszowy.pl\/bip\/wp-json\/wp\/v2\/pages"}],"about":[{"href":"https:\/\/cus.bojszowy.pl\/bip\/wp-json\/wp\/v2\/types\/page"}],"author":[{"embeddable":true,"href":"https:\/\/cus.bojszowy.pl\/bip\/wp-json\/wp\/v2\/users\/6"}],"replies":[{"embeddable":true,"href":"https:\/\/cus.bojszowy.pl\/bip\/wp-json\/wp\/v2\/comments?post=1862"}],"version-history":[{"count":11,"href":"https:\/\/cus.bojszowy.pl\/bip\/wp-json\/wp\/v2\/pages\/1862\/revisions"}],"predecessor-version":[{"id":3068,"href":"https:\/\/cus.bojszowy.pl\/bip\/wp-json\/wp\/v2\/pages\/1862\/revisions\/3068"}],"wp:attachment":[{"href":"https:\/\/cus.bojszowy.pl\/bip\/wp-json\/wp\/v2\/media?parent=1862"}],"curies":[{"name":"wp","href":"https:\/\/api.w.org\/{rel}","templated":true}]}}