{"id":2177,"date":"2018-06-06T10:06:58","date_gmt":"2018-06-06T08:06:58","guid":{"rendered":"https:\/\/cus.bojszowy.pl\/bip\/?page_id=2177"},"modified":"2024-08-12T11:31:08","modified_gmt":"2024-08-12T09:31:08","slug":"ochrona-danych-osobowych","status":"publish","type":"page","link":"https:\/\/cus.bojszowy.pl\/bip\/ochrona-danych-osobowych\/","title":{"rendered":"Ochrona danych osobowych"},"content":{"rendered":"<p><strong>KLAUZULA INFORMACYJNA <\/strong><strong>DOT. PRZETWARZANIA DANYCH OSOBOWYCH<\/strong><\/p>\n<p><strong>&nbsp;<\/strong><\/p>\n<p>Stosuj\u0105c si\u0119 do wymog\u00f3w Rozporz\u0105dzenia Parlamentu Europejskiego i Rady (UE) 2016\/679 z dnia 27 kwietnia 2016 r. w sprawie ochrony os\u00f3b fizycznych w zwi\u0105zku z przetwarzaniem danych osobowych i w sprawie swobodnego przep\u0142ywu takich danych oraz uchylenia dyrektywy 95\/46\/WE (og\u00f3lne rozporz\u0105dzenie o ochronie danych \u201eRODO\u201d), informujemy o zasadach przetwarzania Pa\u0144stwa danych osobowych oraz o przys\u0142uguj\u0105cych Pa\u0144stwu prawach z tym zwi\u0105zanych.<\/p>\n<ol>\n<li><strong>To\u017csamo\u015b\u0107 i dane kontaktowe administratora<\/strong><\/li>\n<\/ol>\n<p style=\"text-align: center;\">Administratorem danych osobowych jest:<\/p>\n<p style=\"text-align: center;\">Centrum Us\u0142ug Spo\u0142ecznych w Bojszowach<\/p>\n<p style=\"text-align: center;\">z siedzib\u0105: ul. Ruchu Oporu 100, 43-220 Bojszowy Nowe<\/p>\n<p style=\"text-align: center;\">reprezentowane przez Dyrektora Centrum Us\u0142ug Spo\u0142ecznych w Bojszowach<\/p>\n<p style=\"text-align: center;\">tel. <strong>32&nbsp;328-93-05<\/strong>, e-mail: <strong>kontakt@cus.bojszowy.pl<\/strong><\/p>\n<p><strong>&nbsp;<\/strong><\/p>\n<ol start=\"2\">\n<li><strong>Dane kontaktowe inspektora ochrony danych<\/strong><\/li>\n<\/ol>\n<p>Administrator wyznaczy\u0142 inspektora ochrony danych Pana Adama Adamczyk, z kt\u00f3rym mo\u017ce Pani\/Pan skontaktowa\u0107 si\u0119 poprzez e-mail: <strong>iod@cus.bojszowy.pl.<\/strong><\/p>\n<p>Z inspektorem ochrony danych mo\u017cna kontaktowa\u0107 si\u0119 we wszystkich sprawach dotycz\u0105cych przetwarzania danych osobowych oraz korzystania z praw zwi\u0105zanych z przetwarzaniem danych.<\/p>\n<ol start=\"3\">\n<li><strong>Cel przetwarzania i podstawa prawna<\/strong><\/li>\n<\/ol>\n<p>Pa\u0144stwa dane osobowe przetwarzane s\u0105 na podstawie art. 6 ust. 1 lit. a &#8211; c, art. 9 ust 2 lit. b og\u00f3lnego rozporz\u0105dzenia o ochronie danych w celu:<\/p>\n<p>&#8211;&nbsp;&nbsp;&nbsp;&nbsp;wype\u0142nienia obowi\u0105zk\u00f3w powierzonych Centrum Us\u0142ug Spo\u0142ecznych w Bojszowach, wynikaj\u0105cych z nast\u0119puj\u0105cych ustaw:<\/p>\n<p>1) ustawy z dnia 12 marca 2004r. o pomocy spo\u0142ecznej,<\/p>\n<p>2) ustawy z dnia 7 wrze\u015bnia 1991 r. o systemie o\u015bwiaty,&nbsp;<\/p>\n<p>3) ustawy z dnia 28 listopada 2003 r. o \u015bwiadczeniach rodzinnych,<\/p>\n<p>4) ustawy z dnia 21 czerwca 2001 r. o dodatkach mieszkaniowych,<\/p>\n<p>5) ustawy z dnia 7 wrze\u015bnia 2007 r. o pomocy osobom uprawnionym do aliment\u00f3w,<\/p>\n<p>6) ustawy z dnia 26 pa\u017adziernika 1982 r. o wychowaniu w trze\u017awo\u015bci i przeciwdzia\u0142aniu alkoholizmowi,<\/p>\n<p>7) ustawy z dnia 29 lipca 2005 r. o przeciwdzia\u0142aniu przemocy w rodzinie,<\/p>\n<p>8) ustawy &nbsp;z dnia 29 lipca 2005 r. o przeciwdzia\u0142aniu narkomanii,<\/p>\n<p>9) ustawy z dnia 19 sierpnia 1994 r. o ochronie zdrowia psychicznego,<\/p>\n<p>10) ustawy z dnia 13 pa\u017adziernika 1998 r. o systemie ubezpiecze\u0144 spo\u0142ecznych,<\/p>\n<p>11) ustawy z dnia 13 czerwca 2003 r. o zatrudnieniu socjalnym,<\/p>\n<p>12) ustawy z dnia 27 sierpnia 2004 r. o \u015bwiadczeniach opieki zdrowotnej finansowanych ze \u015brodk\u00f3w publicznych,<\/p>\n<p>13) ustawy z dnia 20 kwietnia 2004 r. o promocji zatrudnienia i instytucjach rynku pracy,<\/p>\n<p>14) ustawy z dnia 9 czerwca 2011 r. o wspieraniu rodziny i systemie pieczy zast\u0119pczej,<\/p>\n<p>15) ustawy z dnia 5 grudnia 2014 r. o Karcie Du\u017cej Rodziny,<\/p>\n<p>16) ustawy z dnia 11 lutego 2016 r. o pomocy pa\u0144stwa w wychowywaniu dzieci,<\/p>\n<p>17) ustawy z dnia 4 listopada 2016 r. o wsparciu kobiet w ci\u0105\u017cy i rodzin \u201eZa \u017cyciem\u201d<\/p>\n<p>&#8211;&nbsp;&nbsp;&nbsp;&nbsp;realizacji um\u00f3w zawartych z kontrahentami Centrum Us\u0142ug Spo\u0142ecznych w Bojszowach;<\/p>\n<p>&#8211;&nbsp;&nbsp;&nbsp;&nbsp;w pozosta\u0142ych przypadkach Pa\u0144stwa dane osobowe przetwarzane s\u0105 wy\u0142\u0105cznie na podstawie wcze\u015bniej udzielonej zgody w zakresie i celu okre\u015blonym w tre\u015bci zgody.<\/p>\n<ol start=\"4\">\n<li><strong> Odbiorcy danych lub kategorie odbiorc\u00f3w danych<\/strong><\/li>\n<\/ol>\n<p>Pa\u0144stwa dane b\u0119d\u0105 udost\u0119pniane jedynie podmiotom uprawnionym na podstawie przepis\u00f3w prawa lub um\u00f3w powierzenia.<\/p>\n<ol start=\"5\">\n<li><strong>Okres przechowywania danych<\/strong><\/li>\n<\/ol>\n<p>Pa\u0144stwa dane osobowe b\u0119d\u0105 przechowywane przez okres niezb\u0119dny do realizacji cel\u00f3w okre\u015blonych w pkt 3, a po tym czasie przez okres wskazany w&nbsp; przepisach powszechnie obowi\u0105zuj\u0105cego prawa oraz jednolitym rzeczowym wykazie akt Centrum Us\u0142ug Spo\u0142ecznych w Bojszowach.<\/p>\n<ol start=\"6\">\n<li><strong>Prawa os\u00f3b, kt\u00f3rych dane s\u0105 przetwarzane<\/strong><\/li>\n<\/ol>\n<p>Posiadaj\u0105 Pa\u0144stwo prawo do dost\u0119pu do podanych danych osobowych, prawo do ich sprostowania, usuni\u0119cia lub prawo do ograniczenia ich przetwarzania. Ponadto tak\u017ce prawo do cofni\u0119cia zgody w dowolnym momencie bez wp\u0142ywu na zgodno\u015b\u0107 z prawem przetwarzania, prawo do przenoszenia danych oraz prawo do wniesienia sprzeciwu wobec przetwarzania Pana\/i danych osobowych.<\/p>\n<ol start=\"7\">\n<li><strong>Prawo wniesienia skargi do organu nadzorczego<\/strong><\/li>\n<\/ol>\n<p>Przys\u0142uguje Pa\u0144stwu prawo do wniesienia skargi do Prezesa Urz\u0119du Ochrony Danych Osobowych gdy uzna Pan\/i, i\u017c przetwarzanie danych osobowych Pana\/i dotycz\u0105cych narusza przepisy Og\u00f3lnego rozporz\u0105dzenia o ochronie danych osobowych z dnia 27 kwietnia 2016r.<\/p>\n<ol start=\"8\">\n<li><strong>Informacja o dowolno\u015bci lub obowi\u0105zku podania danych<\/strong><\/li>\n<\/ol>\n<p>Podanie przez Pa\u0144stwo danych jest obowi\u0105zkowe i wynika z przepis\u00f3w szczeg\u00f3\u0142owych w zakresie wsparcia, o kt\u00f3re Pa\u0144stwo si\u0119 ubiegaj\u0105 lub zawartej mi\u0119dzy stronami umowy.<\/p>\n<p>Konsekwencj\u0105 niepodania danych wi\u0105za\u0107 si\u0119 b\u0119dzie z brakiem mo\u017cliwo\u015bci rozpatrzenia danego wniosku, b\u0105d\u017a zawarcia umowy.<\/p>\n","protected":false},"excerpt":{"rendered":"<p>KLAUZULA INFORMACYJNA DOT. PRZETWARZANIA DANYCH OSOBOWYCH &nbsp; Stosuj\u0105c si\u0119 do wymog\u00f3w Rozporz\u0105dzenia Parlamentu Europejskiego i Rady (UE) 2016\/679 z dnia 27 kwietnia 2016 r. w sprawie ochrony os\u00f3b fizycznych w zwi\u0105zku z przetwarzaniem danych osobowych i w sprawie swobodnego przep\u0142ywu takich danych oraz uchylenia dyrektywy 95\/46\/WE (og\u00f3lne rozporz\u0105dzenie o ochronie danych \u201eRODO\u201d), informujemy o zasadach&hellip;<\/p>\n","protected":false},"author":5,"featured_media":0,"parent":0,"menu_order":0,"comment_status":"closed","ping_status":"closed","template":"","meta":{"ngg_post_thumbnail":0,"footnotes":""},"class_list":["post-2177","page","type-page","status-publish","hentry","description-off"],"_links":{"self":[{"href":"https:\/\/cus.bojszowy.pl\/bip\/wp-json\/wp\/v2\/pages\/2177","targetHints":{"allow":["GET"]}}],"collection":[{"href":"https:\/\/cus.bojszowy.pl\/bip\/wp-json\/wp\/v2\/pages"}],"about":[{"href":"https:\/\/cus.bojszowy.pl\/bip\/wp-json\/wp\/v2\/types\/page"}],"author":[{"embeddable":true,"href":"https:\/\/cus.bojszowy.pl\/bip\/wp-json\/wp\/v2\/users\/5"}],"replies":[{"embeddable":true,"href":"https:\/\/cus.bojszowy.pl\/bip\/wp-json\/wp\/v2\/comments?post=2177"}],"version-history":[{"count":3,"href":"https:\/\/cus.bojszowy.pl\/bip\/wp-json\/wp\/v2\/pages\/2177\/revisions"}],"predecessor-version":[{"id":2990,"href":"https:\/\/cus.bojszowy.pl\/bip\/wp-json\/wp\/v2\/pages\/2177\/revisions\/2990"}],"wp:attachment":[{"href":"https:\/\/cus.bojszowy.pl\/bip\/wp-json\/wp\/v2\/media?parent=2177"}],"curies":[{"name":"wp","href":"https:\/\/api.w.org\/{rel}","templated":true}]}}