{"id":2221,"date":"2018-12-07T08:12:50","date_gmt":"2018-12-07T07:12:50","guid":{"rendered":"https:\/\/cus.bojszowy.pl\/bip\/?page_id=2221"},"modified":"2018-12-20T09:26:18","modified_gmt":"2018-12-20T08:26:18","slug":"zapytanie-ofertowe-nr-2-2018","status":"publish","type":"page","link":"https:\/\/cus.bojszowy.pl\/bip\/zapytanie-ofertowe-nr-2-2018\/","title":{"rendered":"Zapytanie ofertowe nr 2\/2018"},"content":{"rendered":"<p><a href=\"https:\/\/cus.bojszowy.pl\/bip\/wp-content\/uploads\/sites\/2\/2018\/12\/Zawiadomienie-nr-2-2018-.jpg\">Zawiadomienie o wyborze najkorzystniejszej oferty<\/a>&nbsp; &nbsp;&nbsp;<\/p>\n<p style=\"text-align: right;\">&nbsp;&nbsp;&nbsp;&nbsp;&nbsp;&nbsp;&nbsp;&nbsp;&nbsp;&nbsp;&nbsp;&nbsp;&nbsp;&nbsp;&nbsp;&nbsp;&nbsp;&nbsp;&nbsp;&nbsp;&nbsp;&nbsp;&nbsp;&nbsp;&nbsp;&nbsp;&nbsp;&nbsp;&nbsp;&nbsp;&nbsp;&nbsp;&nbsp;&nbsp;&nbsp;&nbsp;&nbsp;&nbsp;&nbsp;&nbsp;&nbsp;&nbsp;&nbsp;&nbsp;&nbsp;&nbsp;&nbsp;&nbsp;&nbsp;&nbsp;&nbsp;&nbsp;&nbsp;&nbsp;&nbsp;&nbsp;&nbsp;&nbsp;&nbsp;&nbsp;&nbsp;&nbsp;&nbsp;&nbsp;&nbsp;&nbsp;&nbsp;&nbsp;&nbsp;&nbsp;&nbsp;&nbsp;&nbsp;&nbsp;&nbsp;&nbsp;&nbsp;&nbsp;&nbsp;&nbsp;&nbsp;&nbsp;&nbsp;&nbsp;&nbsp;&nbsp;&nbsp;&nbsp;&nbsp;&nbsp;&nbsp;&nbsp;&nbsp;&nbsp;&nbsp;&nbsp;&nbsp;&nbsp;\u015awierczyniec, dnia 04.12.2018 r.<\/p>\n<p>&nbsp;&nbsp;&nbsp;&nbsp;&nbsp;&nbsp;&nbsp;&nbsp;&nbsp;&nbsp;&nbsp;&nbsp;&nbsp;&nbsp;&nbsp;&nbsp;&nbsp;&nbsp;&nbsp;&nbsp;&nbsp;&nbsp;&nbsp;&nbsp;&nbsp;&nbsp;&nbsp;&nbsp;&nbsp;&nbsp;&nbsp;&nbsp;&nbsp;&nbsp;&nbsp;&nbsp;&nbsp;&nbsp;&nbsp;&nbsp;&nbsp;&nbsp;&nbsp;&nbsp;&nbsp;&nbsp;&nbsp;&nbsp;&nbsp;&nbsp;&nbsp;&nbsp;&nbsp;&nbsp;&nbsp;&nbsp;<\/p>\n<p style=\"text-align: center;\"><strong>Zaproszenie do sk\u0142adania ofert<\/strong><\/p>\n<p style=\"text-align: center;\">ZAPYTANIE OFERTOWE NR 2\/2018<\/p>\n<p style=\"text-align: left;\"><strong>I. ZAMAWIAJ\u0104CY:<\/strong><\/p>\n<p>Gmina Bojszowy, ul. Gaikowa 35, 43-220 Bojszowy<br \/>\nOdbiorca us\u0142ug &#8211; Gminny O\u015brodek Pomocy Spo\u0142ecznej w Bojszowach<br \/>\nTel. (32) 328 93 05<br \/>\nfaks (32) 328 93 20<br \/>\nAdres e-mail: kontakt@gops.bojszowy.pl<\/p>\n<p><strong>II. NAZWA I OPIS PRZEDMIOTU ZAM\u00d3WIENIA<\/strong><\/p>\n<p>Dzia\u0142aj\u0105c zgodnie z art. 4 pkt 8 ustawy z dnia 29 stycznia 2004 r. \u201dPrawo zam\u00f3wie\u0144 publicznych\u201d (t.j. Dz.U z 2018 r. poz. 1986 ze zmianami), Zamawiaj\u0105cy zaprasza do z\u0142o\u017cenia oferty<br \/>\nw post\u0119powaniu ofertowym, kt\u00f3rego przedmiotem jest:<\/p>\n<p style=\"text-align: center;\"><strong>\u015awiadczenie us\u0142ug tymczasowego schronienia dla 4 os\u00f3b bezdomnych oraz potrzebuj\u0105cych (\u0142\u0105cznie kobiet i m\u0119\u017cczyzn) w postaci : schroniska dla bezdomnych<\/strong><\/p>\n<ol>\n<li>Ka\u017cdorazowe umieszczenie osoby bezdomnej lub potrzebuj\u0105cej w schronisku dla bezdomnych odbywa si\u0119 na podstawie indywidualnej decyzji administracyjnej o umieszczeniu w schronisku, wydanej przez Kierownika Gminnego O\u015brodka Pomocy Spo\u0142ecznej w Bojszowach. Decyzje zawiera\u0107 b\u0119d\u0105 mi\u0119dzy innymi: imi\u0119 i nazwisko \u015bwiadczeniobiorcy, rodzaj us\u0142ugi ze wskazaniem szczeg\u00f3\u0142owego zakresu, okres trwania us\u0142ugi;W szczeg\u00f3lnie uzasadnionych przypadkach dopuszcza si\u0119 rozpocz\u0119cie \u015bwiadczenia us\u0142ugi w oparciu o dane przekazane faksem, telefonicznie lub e-mailem. Takie zlecenie us\u0142ug zastaje potwierdzone kopi\u0105 decyzji administracyjnej w ci\u0105gu 7 dni;<\/li>\n<\/ol>\n<ol start=\"2\">\n<li>Podmiot sk\u0142adaj\u0105cy ofert\u0119 zobowi\u0105zany jest do zapewnienia us\u0142ug oraz standardu obiektu okre\u015blonych w za\u0142\u0105czniku nr 2 do Rozporz\u0105dzenia Ministra Rodziny, Pracy i Polityki Spo\u0142ecznej z dnia 27 kwietnia 2018 r. w sprawie minimalnych standard\u00f3w noclegowni, schronisk dla os\u00f3b bezdomnych, schronisk dla os\u00f3b bezdomnych z us\u0142ugami opieku\u0144czymi i ogrzewalni (Dz. U.<br \/>\nz 2018 r., poz. 896), prowadzenia pracy socjalnej, w tym motywowania os\u00f3b bezdomnych<br \/>\ndo podj\u0119cia zatrudnienia oraz podj\u0119cia terapii odwykowej i samopomocy, zapewnienia pomocy w za\u0142atwianiu spraw urz\u0119dowych, ukierunkowanych na wzmocnienie aktywno\u015bci spo\u0142ecznej<br \/>\ni uzyskanie samodzielno\u015bci \u017cyciowej, wsp\u00f3\u0142pracy z Gminnym O\u015brodkiem Pomocy Spo\u0142ecznej<br \/>\nw Bojszowach w zakresie realizacji indywidualnych program\u00f3w wychodzenia z bezdomno\u015bci<br \/>\ni zawartych kontrakt\u00f3w socjalnych, pisemnego informowania zamawiaj\u0105cego o wydaleniu<br \/>\nz plac\u00f3wki skierowanej osoby &#8211; z podaniem przyczyny, w terminie 4 dni od dnia zdarzenia;<\/li>\n<li>Liczba os\u00f3b wymagaj\u0105cych schronienia ze wzgl\u0119du na specyfikacj\u0119 przedmiotu zam\u00f3wienia, faktyczna liczba os\u00f3b, kt\u00f3rym \u015bwiadczone b\u0119d\u0105 us\u0142ugi schronienia oraz liczba \u015bwiadcze\u0144 b\u0119dzie uzale\u017cniona od rzeczywistej liczby os\u00f3b, kt\u00f3re wymagaj\u0105 pomocy w formie us\u0142ug schronienia dla os\u00f3b bezdomnych z terenu Gminy Bojszowy, dlatego zamawiaj\u0105cy zastrzega sobie prawo niewyczerpania ca\u0142ego zakresu przedmiotu zam\u00f3wienia w trakcie realizowania umowy;<\/li>\n<li>Rozliczenie us\u0142ug przez Wykonawc\u0119 nast\u0119powa\u0107 b\u0119dzie co miesi\u0105c, w terminie do 7 dnia nast\u0119pnego miesi\u0105ca, z wy\u0142\u0105czeniem grudnia, za kt\u00f3ry rozliczenie nast\u0119powa\u0107 b\u0119dzie<br \/>\ndo 25 grudnia;<\/li>\n<li>Zap\u0142ata za wykonanie us\u0142ugi b\u0119dzie regulowana miesi\u0119cznie, po wykonaniu us\u0142ugi &#8211;<br \/>\nw terminie 14 dni od daty dor\u0119czenia poprawnie wystawionej faktury\/rachunku do GOPS.<\/li>\n<li>Podstaw\u0105 rozliczenia b\u0119dzie z\u0142o\u017cenie przez Wykonawc\u0119 faktury\/rachunku z imiennym wykazem os\u00f3b obj\u0119tych schronieniem w danym miesi\u0105cu i ilo\u015bci dni udzielonego schronienia;<\/li>\n<li>Wykonawca zobowi\u0105zany b\u0119dzie niezw\u0142ocznie informowa\u0107 Zamawiaj\u0105cego o ka\u017cdej zmianie sytuacji \u017cyciowej i zdrowotnej osoby korzystaj\u0105cej ze schronienia;<\/li>\n<li>Zamawiaj\u0105cy zastrzega sobie prawo kontroli jako\u015bci \u015bwiadczonych us\u0142ug oraz zgodno\u015bci ich wykonywania z umow\u0105 i wymaganiami zawartymi w niniejszym zapytaniu.<\/li>\n<li>Termin realizacji zam\u00f3wienia: od daty podpisania umowy<em> do <strong>31.<\/strong><strong>12.2019 r.<\/strong><\/em><\/li>\n<li>Opis wymaga\u0144 stawianych Wykonawcy:<br \/>\n&#8211; wymagania niezb\u0119dne: w post\u0119powaniu ofertowym mog\u0105 bra\u0107 udzia\u0142 podmioty, je\u017celi ich cele statutowe obejmuj\u0105 prowadzenie dzia\u0142alno\u015bci w zakresie pomocy osobom bezdomnym&nbsp; i wpisane s\u0105 do rejestru plac\u00f3wek udzielaj\u0105cych tymczasowego schronienia, prowadzonego przez wojewod\u0119. Warunek zostanie spe\u0142niony, je\u017celi Wykonawca z\u0142o\u017cy o\u015bwiadczenie, stanowi\u0105ce Za\u0142\u0105cznik nr 2 do niniejszego zapytania ofertowego.<\/li>\n<\/ol>\n<p>10.1. Warunki i zakres realizacji:<\/p>\n<p>a) Miejscem realizacji zam\u00f3wienia jest miejsce udzielenia schronienia,<\/p>\n<p>b) Stawk\u0119 dzienn\u0105 nale\u017cy poda\u0107 w \u201eFormularzu ofertowym\u201d (za\u0142\u0105cznik nr 1),<\/p>\n<p>c) Wykonawca okre\u015bli stawk\u0119 brutto za wykonanie przedmiotowego zadania.<\/p>\n<p>10.2. Pozosta\u0142e warunki realizacji zadania okre\u015blone zosta\u0142y w tre\u015bci umowy (za\u0142\u0105cznik nr 3).<\/p>\n<p><strong>&nbsp;<\/strong><\/p>\n<p><strong>III KRYTERIA WYBORU OFERTY<\/strong>:<\/p>\n<p>Cena &#8211; za pobyt jednej osoby za 1 dzie\u0144.<\/p>\n<p>Zamawiaj\u0105cy wybierze ofert\u0119 wykonawcy, kt\u00f3ry zaproponuje najni\u017csz\u0105 cen\u0105 od osoby<br \/>\nza 1 dzie\u0144 pobytu.<\/p>\n<ol>\n<li>Spos\u00f3b przygotowania oferty:<\/li>\n<\/ol>\n<p>&#8211; wype\u0142niony formularz ofertowy wg z\u0142\u0105cznika nr 1<\/p>\n<ol start=\"2\">\n<li>Wymagane dokumenty:<\/li>\n<\/ol>\n<p>&#8211; odpis z Krajowego Rejestru S\u0105dowego (je\u017celi dotyczy) lub inny dokument stanowi\u0105cy&nbsp; podstaw\u0119 dzia\u0142alno\u015bci podmiotu (m. in. wydruk z CEIDG);<\/p>\n<p>&#8211; dla podmiot\u00f3w dzia\u0142aj\u0105cych na podstawie przepis\u00f3w o stosunku Pa\u0144stwa do Ko\u015bcio\u0142a Katolickiego oraz do innych ko\u015bcio\u0142\u00f3w i zwi\u0105zk\u00f3w wyznaniowych, obowi\u0105zkowym dokumentem jest kopia dekretu o mianowaniu ksi\u0119dza na proboszcza parafii, pe\u0142nomocnictwo lub upowa\u017cnienie zarz\u0105du g\u0142\u00f3wnego, wydane dla os\u00f3b go reprezentuj\u0105cych z oddzia\u0142\u00f3w terenowych nieposiadaj\u0105cych osobowo\u015bci prawnej&nbsp;,<\/p>\n<p>&#8211; dokument zawieraj\u0105cy upowa\u017cnienie do reprezentowania podmiotu w zakresie z\u0142o\u017cenia oferty oraz zawarcia w imieniu podmiotu sk\u0142adaj\u0105cego ofert\u0119 umowy z Gmin\u0105 Bojszowy \u2013 dot. podmiot\u00f3w, kt\u00f3re w dokumencie stanowi\u0105cym&nbsp; podstaw\u0119 dzia\u0142alno\u015bci nie posiadaj\u0105 informacji<br \/>\no osobach upowa\u017cnionych do ich reprezentowania.<\/p>\n<ol start=\"3\">\n<li>Miejsce i termin z\u0142o\u017cenia ofert<\/li>\n<\/ol>\n<p>Oferty mo\u017cna sk\u0142ada\u0107 w nast\u0119puj\u0105cy spos\u00f3b:<\/p>\n<p>a) drog\u0105 elektroniczn\u0105 na adres e\u2010 mail : kontakt@gops.bojszowy.pl<\/p>\n<p>b) drog\u0105 pocztow\u0105 na adres: Gminny O\u015brodek Pomocy Spo\u0142ecznej w Bojszowach ul. Sierpowa 38,43-220 \u015awierczyniec z dopiskiem \u201e<strong>\u015awiadczenie us\u0142ug tymczasowego schronienia dla os\u00f3b bezdomnych lub potrzebuj\u0105cych z terenu Gminy Bojszowy\u201d<\/strong><strong>.<\/strong><\/p>\n<p><strong>Oferty nale\u017cy sk\u0142ada\u0107 do 17.12.2018 r., do godz. 13<\/strong><strong>.00.<\/strong><\/p>\n<p>Rozstrzygni\u0119cie ofert nast\u0105pi w terminie 14 dni roboczych i zostanie opublikowane na stronie internetowej GOPS w Bojszowach.<\/p>\n<p>Oferty, kt\u00f3re wp\u0142yn\u0105 po w\/w terminie nie b\u0119d\u0105 rozpatrywane.<\/p>\n<p>4.Osoba do kontaktu w przedmiotowej sprawie:<\/p>\n<p>Imi\u0119 i Nazwisko : Weronika Kokot<br \/>\nTel. 32&nbsp; 328 93 05; e\u2010mail: kontakt@gops.bojszowy.pl<\/p>\n<p>Za\u0142\u0105czniki:<\/p>\n<p>&nbsp;<\/p>\n<ol>\n<li><a href=\"https:\/\/cus.bojszowy.pl\/bip\/wp-content\/uploads\/sites\/2\/2018\/12\/Za\u0142\u0105cznik-Nr-1.pdf\">Formularz ofertowy<\/a><\/li>\n<li><a href=\"https:\/\/cus.bojszowy.pl\/bip\/wp-content\/uploads\/sites\/2\/2018\/12\/Za\u0142\u0105cznik-Nr-2.pdf\">O\u015bwiadczenie o spe\u0142nianiu warunk\u00f3w<\/a><\/li>\n<li><a href=\"https:\/\/cus.bojszowy.pl\/bip\/wp-content\/uploads\/sites\/2\/2018\/12\/Za\u0142\u0105cznik-Nr-3.pdf\">Istotne postanowienia umowy<\/a><\/li>\n<\/ol>\n","protected":false},"excerpt":{"rendered":"<p>Zawiadomienie o wyborze najkorzystniejszej oferty&nbsp; &nbsp;&nbsp; &nbsp;&nbsp;&nbsp;&nbsp;&nbsp;&nbsp;&nbsp;&nbsp;&nbsp;&nbsp;&nbsp;&nbsp;&nbsp;&nbsp;&nbsp;&nbsp;&nbsp;&nbsp;&nbsp;&nbsp;&nbsp;&nbsp;&nbsp;&nbsp;&nbsp;&nbsp;&nbsp;&nbsp;&nbsp;&nbsp;&nbsp;&nbsp;&nbsp;&nbsp;&nbsp;&nbsp;&nbsp;&nbsp;&nbsp;&nbsp;&nbsp;&nbsp;&nbsp;&nbsp;&nbsp;&nbsp;&nbsp;&nbsp;&nbsp;&nbsp;&nbsp;&nbsp;&nbsp;&nbsp;&nbsp;&nbsp;&nbsp;&nbsp;&nbsp;&nbsp;&nbsp;&nbsp;&nbsp;&nbsp;&nbsp;&nbsp;&nbsp;&nbsp;&nbsp;&nbsp;&nbsp;&nbsp;&nbsp;&nbsp;&nbsp;&nbsp;&nbsp;&nbsp;&nbsp;&nbsp;&nbsp;&nbsp;&nbsp;&nbsp;&nbsp;&nbsp;&nbsp;&nbsp;&nbsp;&nbsp;&nbsp;&nbsp;&nbsp;&nbsp;&nbsp;&nbsp;&nbsp;&nbsp;\u015awierczyniec, dnia 04.12.2018 r. &nbsp;&nbsp;&nbsp;&nbsp;&nbsp;&nbsp;&nbsp;&nbsp;&nbsp;&nbsp;&nbsp;&nbsp;&nbsp;&nbsp;&nbsp;&nbsp;&nbsp;&nbsp;&nbsp;&nbsp;&nbsp;&nbsp;&nbsp;&nbsp;&nbsp;&nbsp;&nbsp;&nbsp;&nbsp;&nbsp;&nbsp;&nbsp;&nbsp;&nbsp;&nbsp;&nbsp;&nbsp;&nbsp;&nbsp;&nbsp;&nbsp;&nbsp;&nbsp;&nbsp;&nbsp;&nbsp;&nbsp;&nbsp;&nbsp;&nbsp;&nbsp;&nbsp;&nbsp;&nbsp;&nbsp;&nbsp; Zaproszenie do sk\u0142adania ofert ZAPYTANIE OFERTOWE NR 2\/2018 I. ZAMAWIAJ\u0104CY: Gmina Bojszowy, ul. Gaikowa 35, 43-220 Bojszowy Odbiorca us\u0142ug &#8211; Gminny O\u015brodek Pomocy Spo\u0142ecznej w Bojszowach Tel. (32) 328 93 05 faks (32) 328 93 20 Adres e-mail: kontakt@gops.bojszowy.pl II. NAZWA I OPIS PRZEDMIOTU&hellip;<\/p>\n","protected":false},"author":5,"featured_media":0,"parent":0,"menu_order":0,"comment_status":"closed","ping_status":"closed","template":"","meta":{"ngg_post_thumbnail":0,"footnotes":""},"class_list":["post-2221","page","type-page","status-publish","hentry","description-off"],"_links":{"self":[{"href":"https:\/\/cus.bojszowy.pl\/bip\/wp-json\/wp\/v2\/pages\/2221","targetHints":{"allow":["GET"]}}],"collection":[{"href":"https:\/\/cus.bojszowy.pl\/bip\/wp-json\/wp\/v2\/pages"}],"about":[{"href":"https:\/\/cus.bojszowy.pl\/bip\/wp-json\/wp\/v2\/types\/page"}],"author":[{"embeddable":true,"href":"https:\/\/cus.bojszowy.pl\/bip\/wp-json\/wp\/v2\/users\/5"}],"replies":[{"embeddable":true,"href":"https:\/\/cus.bojszowy.pl\/bip\/wp-json\/wp\/v2\/comments?post=2221"}],"version-history":[{"count":6,"href":"https:\/\/cus.bojszowy.pl\/bip\/wp-json\/wp\/v2\/pages\/2221\/revisions"}],"predecessor-version":[{"id":2308,"href":"https:\/\/cus.bojszowy.pl\/bip\/wp-json\/wp\/v2\/pages\/2221\/revisions\/2308"}],"wp:attachment":[{"href":"https:\/\/cus.bojszowy.pl\/bip\/wp-json\/wp\/v2\/media?parent=2221"}],"curies":[{"name":"wp","href":"https:\/\/api.w.org\/{rel}","templated":true}]}}