{"id":2229,"date":"2018-12-07T08:26:18","date_gmt":"2018-12-07T07:26:18","guid":{"rendered":"https:\/\/cus.bojszowy.pl\/bip\/?page_id=2229"},"modified":"2018-12-20T09:28:09","modified_gmt":"2018-12-20T08:28:09","slug":"zapytanie-ofertowe-nr-3-2018","status":"publish","type":"page","link":"https:\/\/cus.bojszowy.pl\/bip\/zapytanie-ofertowe-nr-3-2018\/","title":{"rendered":"Zapytanie ofertowe nr 3\/2018"},"content":{"rendered":"<p><a href=\"https:\/\/cus.bojszowy.pl\/bip\/wp-content\/uploads\/sites\/2\/2018\/12\/Zawiadomienie-nr-3-2018-.jpg\">Zawiadomienie o wyborze najkorzystniejszej oferty<\/a>&nbsp; &nbsp;&nbsp;<\/p>\n<p style=\"text-align: right;\">\u015awierczyniec, dnia 04.12.2018 r.<\/p>\n<p>&nbsp;&nbsp;&nbsp;&nbsp;&nbsp;&nbsp;&nbsp;&nbsp;&nbsp;&nbsp;&nbsp;&nbsp;&nbsp;&nbsp;&nbsp;&nbsp;&nbsp;&nbsp;&nbsp;&nbsp;&nbsp;&nbsp;&nbsp;&nbsp;&nbsp;&nbsp;&nbsp;&nbsp;&nbsp;&nbsp;&nbsp;&nbsp;&nbsp;&nbsp;&nbsp;&nbsp;&nbsp;&nbsp;&nbsp;&nbsp;&nbsp;&nbsp;&nbsp;&nbsp;&nbsp;&nbsp;&nbsp;&nbsp;&nbsp;&nbsp;&nbsp;&nbsp;&nbsp;&nbsp;&nbsp;&nbsp;<\/p>\n<p style=\"text-align: center;\"><strong>Zaproszenie do sk\u0142adania ofert<\/strong><\/p>\n<p style=\"text-align: center;\">ZAPYTANIE OFERTOWE NR 3\/2018<\/p>\n<p style=\"text-align: left;\"><strong>I. ZAMAWIAJ\u0104CY:<\/strong><\/p>\n<p>Gmina Bojszowy, ul. Gaikowa 35, 43-220 Bojszowy<br \/>\nOdbiorca us\u0142ug &#8211; Gminny O\u015brodek Pomocy Spo\u0142ecznej w Bojszowach<br \/>\nTel. (32) 328 93 05<br \/>\nfaks (32) 328 93 20<br \/>\nAdres e-mail: kontakt@gops.bojszowy.pl<\/p>\n<p><strong>II. NAZWA I OPIS PRZEDMIOTU ZAM\u00d3WIENIA<\/strong><\/p>\n<p>Dzia\u0142aj\u0105c zgodnie z art. 4 pkt 8 ustawy z dnia 29 stycznia 2004 r. \u201dPrawo zam\u00f3wie\u0144 publicznych\u201d (t.j. Dz.U z 2018 r. poz. 1986 ze zmianami), Zamawiaj\u0105cy zaprasza do z\u0142o\u017cenia oferty<br \/>\nw post\u0119powaniu ofertowym, kt\u00f3rego przedmiotem jest:<\/p>\n<p style=\"text-align: center;\"><strong>\u201eUs\u0142uga przygotowywania i dowo\u017cenia posi\u0142k\u00f3w <\/strong><strong>(obiad\u00f3w) dwudaniowych<br \/>\ndla klient\u00f3w Gminnego O\u015brodka Pomocy Spo\u0142ecznej w Bojszowach oraz dla uczestnik\u00f3w &nbsp;Dziennego Domu Senior+ w Mi\u0119dzyrzeczu, w dni powszednie<br \/>\nz wy\u0142\u0105czeniem sob\u00f3t.\u201d<\/strong><\/p>\n<ol>\n<li>Przedmiotem zam\u00f3wienia jest przygotowywanie i dowiezienie posi\u0142k\u00f3w (obiad\u00f3w), sk\u0142adaj\u0105cych si\u0119 z dw\u00f3ch da\u0144;<\/li>\n<li>Us\u0142uga realizowana b\u0119dzie w dni powszednie \u2013 od poniedzia\u0142ku do pi\u0105tku w godzinach<br \/>\nod 11.00 do 13.00;<\/li>\n<li>Posi\u0142ki (obiady) musz\u0105 cechowa\u0107 si\u0119 dobr\u0105 jako\u015bci\u0105, odpowiedni\u0105 wag\u0105 i warto\u015bci\u0105 od\u017cywcz\u0105 zgodnie z ustaw\u0105 o bezpiecze\u0144stwie \u017cywno\u015bci i \u017cywienia (Dz. U. z 2018 r. poz. 1541 ze zmianami) oraz odpowiada\u0107 zaleceniom G\u0142\u00f3wnego Inspektora Sanitarnego<br \/>\ni Instytutu \u017bywno\u015bci i \u017bywienia w sprawie norm wy\u017cywienia i \u017cywienia, jakie obowi\u0105zuj\u0105<br \/>\nw zak\u0142adach \u017cywienia zbiorowego oraz jako\u015bci zdrowotnych \u017cywno\u015bci;<\/li>\n<li>Potrawy powinny by\u0107 lekkostrawne, przygotowywane z surowc\u00f3w wysokiej jako\u015bci, \u015bwie\u017cych, naturalnych, ma\u0142o przetworzonych, z ograniczon\u0105 ilo\u015bci\u0105 substancji dodatkowych \u2013 konserwuj\u0105cych, zag\u0119szczaj\u0105cych, barwi\u0105cych lub sztucznie aromatyzowanych;<\/li>\n<li>Posi\u0142ki (obiady) musz\u0105 by\u0107 zr\u00f3\u017cnicowane, sporz\u0105dzone z pe\u0142nowarto\u015bciowych produkt\u00f3w z uwzgl\u0119dnieniem sezonowo\u015bci ich wyst\u0119powania i pokrywa\u0107 \u00bd dziennego zapotrzebowania kalorycznego dla osoby doros\u0142ej, tj.: zapewni\u0107 nie mniej ni\u017c 1200 kcal;<\/li>\n<li>Posi\u0142ki (obiady) dowo\u017cone b\u0119d\u0105 w\u0142asnym transportem wykonawcy, dostosowanym<br \/>\ndo przewozu \u017cywno\u015bci, spe\u0142niaj\u0105cym wymogi sanitarno-epidemiologiczne;<\/li>\n<li>Posi\u0142ki (obiady) winny by\u0107 zapakowane w spos\u00f3b gwarantuj\u0105cy spo\u017cycie gor\u0105cego posi\u0142ku przez klienta, bezpo\u015brednio po dostarczeniu tego posi\u0142ku, bez konieczno\u015bci jego podgrzewania, w jednorazowe opakowania;<\/li>\n<li>Wykonawca zobowi\u0105zany jest przestrzega\u0107 zasad sanitarno-higienicznych na ka\u017cdym etapie produkcji i transportu posi\u0142k\u00f3w;<\/li>\n<li>Szacunkowa ilo\u015b\u0107 posi\u0142k\u00f3w dziennie: 12. Ilo\u015b\u0107 posi\u0142k\u00f3w mo\u017ce ulec zmianie w zale\u017cno\u015bci<br \/>\nod rzeczywistych potrzeb;<\/li>\n<li>Rozliczenie us\u0142ug przez Wykonawc\u0119 nast\u0119powa\u0107 b\u0119dzie co miesi\u0105c, w terminie<br \/>\ndo 10 dnia nast\u0119pnego miesi\u0105ca, z wy\u0142\u0105czeniem miesi\u0105ca grudnia, za kt\u00f3ry rozliczenie nast\u0119powa\u0107 b\u0119dzie do dnia 25 tego miesi\u0105ca;<\/li>\n<li>Zap\u0142ata za wykonanie us\u0142ugi b\u0119dzie regulowana miesi\u0119cznie, po wykonaniu us\u0142ugi<br \/>\n&#8211; w terminie 14 dni od daty dor\u0119czenia poprawnie wystawionej faktury\/rachunku<br \/>\ndo GOPS.<\/li>\n<li>Zamawiaj\u0105cy zastrzega sobie prawo kontroli jako\u015bci \u015bwiadczonych us\u0142ug oraz zgodno\u015bci ich wykonywania z umow\u0105 i wymaganiami zawartymi w niniejszym zapytaniu.<\/li>\n<li>Termin realizacji zam\u00f3wienia: od daty podpisania umowy<em> do <strong>31.12.2019 r.<\/strong><\/em><\/li>\n<\/ol>\n<p><strong>III. KRYTERIA WYBORU OFERTY<\/strong>:<\/p>\n<p>Cena &#8211; za 1 posi\u0142ek (obiad) brutto wraz z dowozem<\/p>\n<p>Zamawiaj\u0105cy wybierze ofert\u0119 wykonawcy, kt\u00f3ry zaproponuje najni\u017csz\u0105 cen\u0119 za 1 posi\u0142ek (obiad) wraz z dowozem.<\/p>\n<ol>\n<li>Spos\u00f3b przygotowania oferty :<\/li>\n<\/ol>\n<p>&#8211; wype\u0142niony formularz ofertowy wg z\u0142\u0105cznika nr 1 \u2013 wz\u00f3r oferty.<\/p>\n<ol start=\"2\">\n<li>Wymagane dokumenty :<\/li>\n<\/ol>\n<p>&#8211; odpis z Krajowego Rejestru S\u0105dowego (je\u017celi dotyczy) lub inny dokument stanowi\u0105cy&nbsp; podstaw\u0119 dzia\u0142alno\u015bci podmiotu (m. in. wydruk z CEIDG);<br \/>\n&#8211; dokument zawieraj\u0105cy upowa\u017cnienie do reprezentowania podmiotu w zakresie z\u0142o\u017cenia oferty oraz zawarcia w imieniu podmiotu sk\u0142adaj\u0105cego ofert\u0119 umowy<br \/>\nz Gmin\u0105 Bojszowy \u2013 dot. podmiot\u00f3w, kt\u00f3re w dokumencie stanowi\u0105cym&nbsp; podstaw\u0119 dzia\u0142alno\u015bci nie posiadaj\u0105 informacji o osobach upowa\u017cnionych do ich reprezentowania.<\/p>\n<ol start=\"3\">\n<li>Miejsce i termin z\u0142o\u017cenia ofert<\/li>\n<\/ol>\n<p>Oferty mo\u017cna sk\u0142ada\u0107 w nast\u0119puj\u0105cy spos\u00f3b :<br \/>\na) drog\u0105 elektroniczn\u0105 na adres e\u2010 mail : kontakt@gops.bojszowy.pl<br \/>\nb) drog\u0105 pocztow\u0105 na adres: Gminny O\u015brodek Pomocy Spo\u0142ecznej w Bojszowach<br \/>\nSierpowa 38 ,43-220 \u015awierczyniec z dopiskiem <strong>\u201eUs\u0142uga przygotowywania i dowo\u017cenia<br \/>\nposi\u0142k\u00f3w (obiad\u00f3w) dwudaniowych dla klient\u00f3w Gminnego O\u015brodka Pomocy Spo\u0142ecznej<br \/>\nw Bojszowach oraz dla uczestnik\u00f3w Dziennego Domu Senior+ w Mi\u0119dzyrzeczu, w dni powszednie z wy\u0142\u0105czeniem sob\u00f3t.\u201d<\/strong><strong>.<\/strong><\/p>\n<p><strong>Oferty nale\u017cy sk\u0142ada\u0107 do 17.12.2018 r., do godz. 13<\/strong><strong>.00.<\/strong><\/p>\n<p>Rozstrzygni\u0119cie ofert nast\u0105pi w terminie 14 dni roboczych i zostanie opublikowane na stronie internetowej GOPS w Bojszowach.<br \/>\nOferty, kt\u00f3re wp\u0142yn\u0105 po w\/w terminie nie b\u0119d\u0105 rozpatrywane.<\/p>\n<ol start=\"4\">\n<li>Osoba do kontaktu w przedmiotowej sprawie.<br \/>\nImi\u0119 i Nazwisko : Weronika Kokot<br \/>\nTel. 32&nbsp; 328 93 05; e\u2010mail: kontakt@gops.bojszowy.pl<\/li>\n<\/ol>\n<p>Za\u0142\u0105czniki :<\/p>\n<ol>\n<li><a href=\"https:\/\/cus.bojszowy.pl\/bip\/wp-content\/uploads\/sites\/2\/2018\/12\/Za\u0142\u0105cznik-Nr-1-1.pdf\">Formularz ofertowy<\/a><\/li>\n<li><a href=\"https:\/\/cus.bojszowy.pl\/bip\/wp-content\/uploads\/sites\/2\/2018\/12\/Za\u0142\u0105cznik-Nr-2-1.pdf\">O\u015bwiadczenie o spe\u0142nianiu warunk\u00f3w<\/a><\/li>\n<li><a href=\"https:\/\/cus.bojszowy.pl\/bip\/wp-content\/uploads\/sites\/2\/2018\/12\/Za\u0142\u0105cznik-Nr-3-1.pdf\">Istotne postanowienia umowy<\/a><\/li>\n<\/ol>\n","protected":false},"excerpt":{"rendered":"<p>Zawiadomienie o wyborze najkorzystniejszej oferty&nbsp; &nbsp;&nbsp; \u015awierczyniec, dnia 04.12.2018 r. &nbsp;&nbsp;&nbsp;&nbsp;&nbsp;&nbsp;&nbsp;&nbsp;&nbsp;&nbsp;&nbsp;&nbsp;&nbsp;&nbsp;&nbsp;&nbsp;&nbsp;&nbsp;&nbsp;&nbsp;&nbsp;&nbsp;&nbsp;&nbsp;&nbsp;&nbsp;&nbsp;&nbsp;&nbsp;&nbsp;&nbsp;&nbsp;&nbsp;&nbsp;&nbsp;&nbsp;&nbsp;&nbsp;&nbsp;&nbsp;&nbsp;&nbsp;&nbsp;&nbsp;&nbsp;&nbsp;&nbsp;&nbsp;&nbsp;&nbsp;&nbsp;&nbsp;&nbsp;&nbsp;&nbsp;&nbsp; Zaproszenie do sk\u0142adania ofert ZAPYTANIE OFERTOWE NR 3\/2018 I. ZAMAWIAJ\u0104CY: Gmina Bojszowy, ul. Gaikowa 35, 43-220 Bojszowy Odbiorca us\u0142ug &#8211; Gminny O\u015brodek Pomocy Spo\u0142ecznej w Bojszowach Tel. (32) 328 93 05 faks (32) 328 93 20 Adres e-mail: kontakt@gops.bojszowy.pl II. NAZWA I OPIS PRZEDMIOTU&hellip;<\/p>\n","protected":false},"author":5,"featured_media":0,"parent":0,"menu_order":0,"comment_status":"closed","ping_status":"closed","template":"","meta":{"ngg_post_thumbnail":0,"footnotes":""},"class_list":["post-2229","page","type-page","status-publish","hentry","description-off"],"_links":{"self":[{"href":"https:\/\/cus.bojszowy.pl\/bip\/wp-json\/wp\/v2\/pages\/2229","targetHints":{"allow":["GET"]}}],"collection":[{"href":"https:\/\/cus.bojszowy.pl\/bip\/wp-json\/wp\/v2\/pages"}],"about":[{"href":"https:\/\/cus.bojszowy.pl\/bip\/wp-json\/wp\/v2\/types\/page"}],"author":[{"embeddable":true,"href":"https:\/\/cus.bojszowy.pl\/bip\/wp-json\/wp\/v2\/users\/5"}],"replies":[{"embeddable":true,"href":"https:\/\/cus.bojszowy.pl\/bip\/wp-json\/wp\/v2\/comments?post=2229"}],"version-history":[{"count":4,"href":"https:\/\/cus.bojszowy.pl\/bip\/wp-json\/wp\/v2\/pages\/2229\/revisions"}],"predecessor-version":[{"id":2309,"href":"https:\/\/cus.bojszowy.pl\/bip\/wp-json\/wp\/v2\/pages\/2229\/revisions\/2309"}],"wp:attachment":[{"href":"https:\/\/cus.bojszowy.pl\/bip\/wp-json\/wp\/v2\/media?parent=2229"}],"curies":[{"name":"wp","href":"https:\/\/api.w.org\/{rel}","templated":true}]}}