{"id":2359,"date":"2019-05-07T12:55:20","date_gmt":"2019-05-07T10:55:20","guid":{"rendered":"https:\/\/cus.bojszowy.pl\/bip\/?page_id=2359"},"modified":"2019-06-12T10:20:10","modified_gmt":"2019-06-12T08:20:10","slug":"sprawozdawczosc-za-rok-2018","status":"publish","type":"page","link":"https:\/\/cus.bojszowy.pl\/bip\/sprawozdawczosc-za-rok-2018\/","title":{"rendered":"Sprawozdawczo\u015b\u0107 za rok 2018"},"content":{"rendered":"<p><a href=\"https:\/\/cus.bojszowy.pl\/bip\/wp-content\/uploads\/sites\/2\/2019\/05\/sprawozdawczo\u015b\u0107-za-2018r..pdf\">Sprawozdawczo\u015b\u0107 Gminnego O\u015brodka Pomocy Spo\u0142ecznej w Bojszowach za rok 2018<\/a><\/p>\n<p><a href=\"https:\/\/cus.bojszowy.pl\/bip\/wp-content\/uploads\/sites\/2\/2019\/06\/sprawozdawczo\u015b\u0107-za-2018r.-dodatkowa-informacja.pdf\">Sprawozdawczo\u015b\u0107 za rok 2018 &#8211; dodatkowa informacja<\/a><\/p>\n","protected":false},"excerpt":{"rendered":"<p>Sprawozdawczo\u015b\u0107 Gminnego O\u015brodka Pomocy Spo\u0142ecznej w Bojszowach za rok 2018 Sprawozdawczo\u015b\u0107 za rok 2018 &#8211; dodatkowa informacja<\/p>\n","protected":false},"author":6,"featured_media":0,"parent":0,"menu_order":0,"comment_status":"closed","ping_status":"closed","template":"","meta":{"ngg_post_thumbnail":0,"footnotes":""},"class_list":["post-2359","page","type-page","status-publish","hentry","description-off"],"_links":{"self":[{"href":"https:\/\/cus.bojszowy.pl\/bip\/wp-json\/wp\/v2\/pages\/2359","targetHints":{"allow":["GET"]}}],"collection":[{"href":"https:\/\/cus.bojszowy.pl\/bip\/wp-json\/wp\/v2\/pages"}],"about":[{"href":"https:\/\/cus.bojszowy.pl\/bip\/wp-json\/wp\/v2\/types\/page"}],"author":[{"embeddable":true,"href":"https:\/\/cus.bojszowy.pl\/bip\/wp-json\/wp\/v2\/users\/6"}],"replies":[{"embeddable":true,"href":"https:\/\/cus.bojszowy.pl\/bip\/wp-json\/wp\/v2\/comments?post=2359"}],"version-history":[{"count":4,"href":"https:\/\/cus.bojszowy.pl\/bip\/wp-json\/wp\/v2\/pages\/2359\/revisions"}],"predecessor-version":[{"id":2369,"href":"https:\/\/cus.bojszowy.pl\/bip\/wp-json\/wp\/v2\/pages\/2359\/revisions\/2369"}],"wp:attachment":[{"href":"https:\/\/cus.bojszowy.pl\/bip\/wp-json\/wp\/v2\/media?parent=2359"}],"curies":[{"name":"wp","href":"https:\/\/api.w.org\/{rel}","templated":true}]}}