{"id":2376,"date":"2019-10-16T10:23:44","date_gmt":"2019-10-16T08:23:44","guid":{"rendered":"https:\/\/cus.bojszowy.pl\/bip\/?page_id=2376"},"modified":"2019-10-17T14:50:15","modified_gmt":"2019-10-17T12:50:15","slug":"petycje","status":"publish","type":"page","link":"https:\/\/cus.bojszowy.pl\/bip\/petycje\/","title":{"rendered":"Petycje"},"content":{"rendered":"<table class=\"alignleft\" style=\"width: 808px; border-color: #0f0e0e; background-color: #f2ebeb; height: 91px;\" border=\"0f0e0e\">\n<tbody>\n<tr>\n<td style=\"width: 562.85px;\">\n<h5><a href=\"https:\/\/cus.bojszowy.pl\/bip\/wp-content\/uploads\/sites\/2\/2019\/10\/petycja-FROB.pdf\">Wniosek w trybie ustawy o dost\u0119pie do informacji publicznej i odr\u0119bna Petycja &#8211; w jednym pi\u015bmie, Fundacji Rozwoju Obrotu Bezgot\u00f3wkowego dotycz\u0105ca p\u0142atno\u015bci bezgot\u00f3wkowych<\/a><\/h5>\n<\/td>\n<td style=\"width: 229.15px;\"><a href=\"https:\/\/cus.bojszowy.pl\/bip\/wp-content\/uploads\/sites\/2\/2019\/10\/odpowied\u017a-na-petycj\u0119-FROB.pdf\">odpowied\u017a na petycj\u0119<\/a><\/td>\n<\/tr>\n<\/tbody>\n<\/table>\n<p>&nbsp;<\/p>\n<p>&nbsp;<\/p>\n","protected":false},"excerpt":{"rendered":"<p>Wniosek w trybie ustawy o dost\u0119pie do informacji publicznej i odr\u0119bna Petycja &#8211; w jednym pi\u015bmie, Fundacji Rozwoju Obrotu Bezgot\u00f3wkowego dotycz\u0105ca p\u0142atno\u015bci bezgot\u00f3wkowych odpowied\u017a na petycj\u0119 &nbsp; &nbsp;<\/p>\n","protected":false},"author":6,"featured_media":0,"parent":0,"menu_order":0,"comment_status":"closed","ping_status":"closed","template":"","meta":{"ngg_post_thumbnail":0,"footnotes":""},"class_list":["post-2376","page","type-page","status-publish","hentry","description-off"],"_links":{"self":[{"href":"https:\/\/cus.bojszowy.pl\/bip\/wp-json\/wp\/v2\/pages\/2376","targetHints":{"allow":["GET"]}}],"collection":[{"href":"https:\/\/cus.bojszowy.pl\/bip\/wp-json\/wp\/v2\/pages"}],"about":[{"href":"https:\/\/cus.bojszowy.pl\/bip\/wp-json\/wp\/v2\/types\/page"}],"author":[{"embeddable":true,"href":"https:\/\/cus.bojszowy.pl\/bip\/wp-json\/wp\/v2\/users\/6"}],"replies":[{"embeddable":true,"href":"https:\/\/cus.bojszowy.pl\/bip\/wp-json\/wp\/v2\/comments?post=2376"}],"version-history":[{"count":6,"href":"https:\/\/cus.bojszowy.pl\/bip\/wp-json\/wp\/v2\/pages\/2376\/revisions"}],"predecessor-version":[{"id":2387,"href":"https:\/\/cus.bojszowy.pl\/bip\/wp-json\/wp\/v2\/pages\/2376\/revisions\/2387"}],"wp:attachment":[{"href":"https:\/\/cus.bojszowy.pl\/bip\/wp-json\/wp\/v2\/media?parent=2376"}],"curies":[{"name":"wp","href":"https:\/\/api.w.org\/{rel}","templated":true}]}}