{"id":2410,"date":"2019-11-28T14:07:38","date_gmt":"2019-11-28T13:07:38","guid":{"rendered":"https:\/\/cus.bojszowy.pl\/bip\/?page_id=2410"},"modified":"2019-11-29T09:34:49","modified_gmt":"2019-11-29T08:34:49","slug":"zapytanie-ofertowe-nr-4-2019","status":"publish","type":"page","link":"https:\/\/cus.bojszowy.pl\/bip\/zapytanie-ofertowe-nr-4-2019\/","title":{"rendered":"Zapytanie ofertowe nr 4\/2019"},"content":{"rendered":"<p>Zapytanie ofertowe &#8211; schronienie dla os\u00f3b bezdomnych (noclegownia)<\/p>\n<p>&nbsp;<\/p>\n<p>ZAPYTANIE OFERTOWE Nr 4 \/2019<\/p>\n<p>1. <strong>Dane Zamawiaj\u0105cego:<\/strong><\/p>\n<p>Gmina Bojszowy, ul. Gaikowa 35, 43-220 Bojszowy<\/p>\n<p>Odbiorca us\u0142ug &#8211; Gminny O\u015brodek Pomocy Spo\u0142ecznej w Bojszowach<\/p>\n<p>Tel. (32) 328 93 05<\/p>\n<p>faks (32) 328 93 20<\/p>\n<p>Adres e-mail: kontakt@gops.bojszowy.pl<\/p>\n<p>&nbsp;<\/p>\n<p>2.<strong> Tryb udzielenie zam\u00f3wienia:<\/strong><\/p>\n<p>Zgodnie z przepisami art. 4 pkt 8 ustawy z dnia 29 stycznia 2004r. Prawo zam\u00f3wie\u0144 publicznych &nbsp;(&nbsp;t.j. Dz.U. z 2019 poz. 1848 z p\u00f3\u017an. zm.) do post\u0119powania nie stosuje si\u0119 przepis\u00f3w niniejszej ustawy. Warto\u015b\u0107 zam\u00f3wienia nie przekracza 30 000 euro.<\/p>\n<p>3.<strong> Opis przedmiotu zam\u00f3wienia:<\/strong><\/p>\n<p>3.1.&nbsp; Przedmiotem zam\u00f3wienia jest rezerwacja jednego miejsca w noclegowni, a w przypadku pojawienia si\u0119 takiej konieczno\u015bci zapewnienie osobie bezdomnej (kobiecie lub m\u0119\u017cczy\u017anie) z&nbsp;terenu Gminy Bojszowy schronienia w postaci miejsca noclegowego w noclegowni (w ramach ww. rezerwacji), umo\u017cliwiaj\u0105cego sp\u0119dzenie nocy w warunkach gwarantuj\u0105cych ochron\u0119 \u017cycia i zdrowia.<\/p>\n<p>3.2.&nbsp; Wymagany zakres us\u0142ug w ramach przedmiotu zam\u00f3wienia:<\/p>\n<ol>\n<li>zapewnienie tymczasowego schronienia w postaci miejsca do spania w ogrzewanym pomieszczeniu, kt\u00f3rego temperatura nie jest ni\u017csza ni\u017c 20\u00b0C,<\/li>\n<li>umo\u017cliwienie spo\u017cycia posi\u0142k\u00f3w i zapewnienie gor\u0105cego napoju,<\/li>\n<li>umo\u017cliwienie skorzystania z prysznica, wymiany odzie\u017cy,<\/li>\n<li>zapewnienie dezynfekcji i dezynsekcji odzie\u017cy w przypadku braku mo\u017cliwo\u015bci jej wymiany.<\/li>\n<\/ol>\n<p>Zamawiaj\u0105cy zastrzega, aby standard us\u0142ug \u015bwiadczonych w prowadzonych przez oferent\u00f3w plac\u00f3wkach by\u0142 zapewniony na poziomie okre\u015blonym w rozporz\u0105dzeniu Ministra Rodziny, Pracy i&nbsp;Polityki Spo\u0142ecznej z dnia 27 kwietnia 2018 r. w sprawie minimalnych standard\u00f3w noclegowni, schronisk dla os\u00f3b bezdomnych, schronisk dla os\u00f3b bezdomnych z us\u0142ugami opieku\u0144czymi i&nbsp;ogrzewalni (Dz.U. z 2018 poz. 896 z p\u00f3\u017an. zm.).<\/p>\n<p>3.3&nbsp; Ka\u017cdorazowe umieszczenie osoby, o kt\u00f3rej mowa w pkt 3.1. odbywa si\u0119 na podstawie skierowania do noclegowni, kt\u00f3re wydaje Kierownik Gminnego O\u015brodka Pomocy Spo\u0142ecznej w&nbsp;Bojszowach.<\/p>\n<p>3.4. Z wybranym oferentem Gmina Bojszowy zawrze umow\u0119 okre\u015blaj\u0105c\u0105 prawa i&nbsp;obowi\u0105zki stron, w tym obowi\u0105zek zapewnienia gotowo\u015bci do przyj\u0119cia osoby kierowanej przez Gminny O\u015brodek Pomocy Spo\u0142ecznej w Bojszowach, a tak\u017ce tryb kontroli wykonania zleconej us\u0142ugi.<\/p>\n<p>4.<strong> Termin realizacji zam\u00f3wienia:<\/strong>od dnia 01 stycznia 2020r. do dnia 31 grudnia 2020r.<\/p>\n<p>5.<strong> Kryteria oceny oferty:&nbsp;<\/strong>cena &#8211; 100%, tj. &nbsp;Zamawiaj\u0105cy wybiera ofert\u0119, kt\u00f3ra \u0142\u0105cznie zawiera najni\u017csz\u0105 cen\u0119 za miesi\u0105c rezerwacji miejsca w noclegowni oraz za dzie\u0144 us\u0142ugi (noclegu danej osoby w&nbsp;noclegowni).<\/p>\n<p>6.<strong> Istotne warunki zam\u00f3wienia:<\/strong><\/p>\n<p>6.1 Wymagania niezb\u0119dne:<br \/>\na) w zapytaniu ofertowym mog\u0105 bra\u0107 udzia\u0142 podmioty, je\u017celi ich cele statutowe obejmuj\u0105 prowadzenie dzia\u0142alno\u015bci w zakresie pomocy osobom bezdomnym i wpisane s\u0105 do rejestru plac\u00f3wek udzielaj\u0105cych tymczasowego schronienia, prowadzonego przez odpowiedniego miejscowo Wojewod\u0119.<br \/>\nb) wymagania dotycz\u0105ce lokalu noclegowni: na poziomie okre\u015blonym w Rozporz\u0105dzeniu Ministra Rodziny, Pracy i&nbsp;Polityki Spo\u0142ecznej z dnia 27 kwietnia 2018 r. w sprawie minimalnych standard\u00f3w noclegowni, schronisk dla os\u00f3b bezdomnych, schronisk dla os\u00f3b bezdomnych z&nbsp;us\u0142ugami opieku\u0144czymi i ogrzewalni (Dz.U. z 2018 poz. 896 z p\u00f3\u017an. zm.).<\/p>\n<p>6.2 Wymagane dokumenty:<br \/>\na) aktualny wyci\u0105g z Krajowego Rejestru S\u0105dowego lub inny w\u0142a\u015bciwy dokument stanowi\u0105cy o&nbsp;podstawie dzia\u0142alno\u015bci podmiotu;<br \/>\nb) w przypadku fundacji i stowarzysze\u0144 \u2013 aktualny, zgodny ze stanem faktycznym wypis z&nbsp;Krajowego Rejestru S\u0105dowego;<br \/>\nc) &nbsp;&nbsp;w przypadku pozosta\u0142ych podmiot\u00f3w \u2013 inny dokument w\u0142a\u015bciwy dla podmiotu;<br \/>\nd) pe\u0142nomocnictwo lub dokumenty uprawniaj\u0105ce do reprezentowania Wykonawcy, je\u017celi uprawnienie do reprezentacji Wykonawcy dla osoby podpisuj\u0105cej ofert\u0119 nie wynika<br \/>\nz dokumentu rejestrowego. Do oferty nale\u017cy do\u0142\u0105czy\u0107 odpowiednie dokumenty potwierdzaj\u0105ce to upowa\u017cnienie lub pe\u0142nomocnictwo w oryginale lub w postaci kopii po\u015bwiadczonej za zgodno\u015b\u0107 z orygina\u0142em.<\/p>\n<p>7.<strong> Spos\u00f3b przygotowania oferty:<\/strong><\/p>\n<p>Ofert\u0119 nale\u017cy sporz\u0105dzi\u0107 na za\u0142\u0105czonym druku \u201eOferta\u201d, w j\u0119zyku polskim, w formie pisemnej (na&nbsp;maszynie, komputerze, nie\u015bcieralnym atramentem lub d\u0142ugopisem). Oferta winna by\u0107 podpisana przez w\u0142a\u015bciciela lub osob\u0119 upowa\u017cnion\u0105.<\/p>\n<p>8.<strong> Miejsce i termin z\u0142o\u017cenia oferty:<\/strong><\/p>\n<p>Oferty mo\u017cna sk\u0142ada\u0107 w nast\u0119puj\u0105cy spos\u00f3b :<br \/>\na) drog\u0105 elektroniczn\u0105 na adres e \u2010 mail : kontakt@gops.bojszowy.pl<br \/>\nb) drog\u0105 pocztow\u0105 na adres: Gminny O\u015brodek Pomocy Spo\u0142ecznej w Bojszowach ul. Sierpowa 38, 43-220 \u015awierczyniec z dopiskiem \u201e<strong>\u015awiadczenie us\u0142ug w noclegowni dla os\u00f3b bezdomnych z terenu Gminy Bojszowy\u201d<\/strong><strong>.<\/strong><\/p>\n<p><strong>Oferty nale\u017cy sk\u0142ada\u0107 do 13.12.2019 r. do godz. 13<\/strong><strong>.00.<\/strong><\/p>\n<p>Rozstrzygni\u0119cie ofert nast\u0105pi w termie 14 dni roboczych i zostanie opublikowane na stronie internetowej zamawiaj\u0105cego.<\/p>\n<p>Aplikacje, kt\u00f3re wp\u0142yn\u0105 po w\/w terminie nie b\u0119d\u0105 rozpatrywane.<\/p>\n<p>&nbsp;&nbsp;&nbsp;&nbsp;&nbsp;&nbsp;&nbsp;&nbsp;&nbsp;&nbsp;&nbsp;&nbsp;&nbsp;&nbsp;&nbsp;&nbsp;&nbsp;&nbsp;&nbsp;&nbsp;&nbsp;&nbsp;&nbsp;&nbsp;&nbsp;&nbsp;&nbsp;&nbsp;&nbsp;&nbsp;&nbsp;&nbsp;&nbsp;&nbsp;&nbsp;&nbsp;&nbsp;&nbsp;&nbsp;&nbsp;&nbsp;&nbsp;&nbsp;&nbsp;&nbsp;&nbsp;&nbsp;&nbsp;&nbsp;&nbsp;&nbsp;&nbsp;&nbsp;&nbsp;&nbsp;&nbsp;&nbsp;<\/p>\n<p>9.<strong> Informacja dotycz\u0105ca wynagrodzenia:<\/strong><\/p>\n<p>Zamawiaj\u0105cy zap\u0142aci nale\u017cno\u015b\u0107 za rezerwacj\u0119 1 miejsca w noclegowni oraz w przypadku konieczno\u015bci umieszczenia w noclegowni osoby, o kt\u00f3rej mowa w pkt. 3.1 niniejszego zapytania ofertowego &#8211; za faktycznie udzielon\u0105 pomoc (ilo\u015bci faktycznych nocleg\u00f3w danej osoby w&nbsp;noclegowni), przelewem &#8211; w terminie 14 dni od daty otrzymania rachunku (faktury), wystawionego po zako\u0144czeniu ka\u017cdego miesi\u0105ca, na wskazany w nim rachunek bankowy.<\/p>\n<p>10.<strong> Wyja\u015bnienie i modyfikacja zapytania ofertowego:<\/strong><\/p>\n<p>a) przed up\u0142ywem terminu sk\u0142adania ofert, w szczeg\u00f3lnie uzasadnionych przypadkach, Zamawiaj\u0105cy mo\u017ce zmodyfikowa\u0107 tre\u015b\u0107 zapytania ofertowego. Dokonana modyfikacja zostanie niezw\u0142ocznie przekazana wszystkim wykonawcom, kt\u00f3rzy z\u0142o\u017cyli do tego momentu zapytanie ofertowe.<br \/>\nb) Zamawiaj\u0105cy mo\u017ce zamkn\u0105\u0107 post\u0119powanie bez wybrania jakiekolwiek oferty,<br \/>\nw przypadku, gdy&nbsp;\u017cadna ze z\u0142o\u017conych ofert nie odpowiada warunkom okre\u015blonym przez Zamawiaj\u0105cego.<\/p>\n<p>11.<strong> Wyb\u00f3r najkorzystniejszej oferty:<\/strong><\/p>\n<p>a) o wyborze najkorzystniejszej oferty Zamawiaj\u0105cy powiadomi niezw\u0142ocznie wykonawc\u00f3w, kt\u00f3rzy z\u0142o\u017cyli oferty, podaj\u0105c nazw\u0119 i adres Wykonawcy, kt\u00f3rego ofert\u0119 wybrano oraz uzasadnienie jej wyboru.<br \/>\nb) Zamawiaj\u0105cy zastrzega sobie prawo uniewa\u017cnienia post\u0119powania w ka\u017cdym czasie bez&nbsp;podania przyczyny.<\/p>\n<p>12.<strong> Pozosta\u0142e informacje dotycz\u0105ce udzia\u0142u w post\u0119powaniu:<\/strong><\/p>\n<p>a) nie dopuszcza si\u0119 sk\u0142adania ofert cz\u0119\u015bciowych, ani wariantowych.<br \/>\nb) wykonawcy maj\u0105 prawo z\u0142o\u017cy\u0107 tylko jedn\u0105 ofert\u0119, kt\u00f3ra musi obejmowa\u0107 ca\u0142o\u015b\u0107 zam\u00f3wienia.<\/p>\n<p>13.<strong> Osoba odpowiedzialna do kontakt\u00f3w z Wykonawcami\/Dostawcami:<\/strong><\/p>\n<p>Imi\u0119 i Nazwisko : Amelia Tatoj<\/p>\n<p>Tel. 32&nbsp; 328 93 05; e\u2010mail: <a href=\"mailto:kontakt@gops.bojszowy.pl\">kontakt@gops.bojszowy.pl<\/a><\/p>\n<p>&nbsp;<\/p>\n<p>Za\u0142\u0105czniki:<\/p>\n<ol>\n<li><a href=\"https:\/\/cus.bojszowy.pl\/bip\/wp-content\/uploads\/sites\/2\/2019\/11\/za\u0142\u0105cznik-Nr-1-do-zap-nr-4.pdf\">Formularz ofertowy<\/a><\/li>\n<li><a href=\"https:\/\/cus.bojszowy.pl\/bip\/wp-content\/uploads\/sites\/2\/2019\/11\/za\u0142\u0105cznik-Nr-2-do-zap-nr-4.pdf\">Wz\u00f3r umowy<\/a><\/li>\n<\/ol>\n","protected":false},"excerpt":{"rendered":"<p>Zapytanie ofertowe &#8211; schronienie dla os\u00f3b bezdomnych (noclegownia) &nbsp; ZAPYTANIE OFERTOWE Nr 4 \/2019 1. Dane Zamawiaj\u0105cego: Gmina Bojszowy, ul. Gaikowa 35, 43-220 Bojszowy Odbiorca us\u0142ug &#8211; Gminny O\u015brodek Pomocy Spo\u0142ecznej w Bojszowach Tel. (32) 328 93 05 faks (32) 328 93 20 Adres e-mail: kontakt@gops.bojszowy.pl &nbsp; 2. Tryb udzielenie zam\u00f3wienia: Zgodnie z przepisami art.&hellip;<\/p>\n","protected":false},"author":6,"featured_media":0,"parent":0,"menu_order":0,"comment_status":"closed","ping_status":"closed","template":"","meta":{"ngg_post_thumbnail":0,"footnotes":""},"class_list":["post-2410","page","type-page","status-publish","hentry","description-off"],"_links":{"self":[{"href":"https:\/\/cus.bojszowy.pl\/bip\/wp-json\/wp\/v2\/pages\/2410","targetHints":{"allow":["GET"]}}],"collection":[{"href":"https:\/\/cus.bojszowy.pl\/bip\/wp-json\/wp\/v2\/pages"}],"about":[{"href":"https:\/\/cus.bojszowy.pl\/bip\/wp-json\/wp\/v2\/types\/page"}],"author":[{"embeddable":true,"href":"https:\/\/cus.bojszowy.pl\/bip\/wp-json\/wp\/v2\/users\/6"}],"replies":[{"embeddable":true,"href":"https:\/\/cus.bojszowy.pl\/bip\/wp-json\/wp\/v2\/comments?post=2410"}],"version-history":[{"count":4,"href":"https:\/\/cus.bojszowy.pl\/bip\/wp-json\/wp\/v2\/pages\/2410\/revisions"}],"predecessor-version":[{"id":2424,"href":"https:\/\/cus.bojszowy.pl\/bip\/wp-json\/wp\/v2\/pages\/2410\/revisions\/2424"}],"wp:attachment":[{"href":"https:\/\/cus.bojszowy.pl\/bip\/wp-json\/wp\/v2\/media?parent=2410"}],"curies":[{"name":"wp","href":"https:\/\/api.w.org\/{rel}","templated":true}]}}