{"id":2433,"date":"2020-05-06T09:45:33","date_gmt":"2020-05-06T07:45:33","guid":{"rendered":"https:\/\/cus.bojszowy.pl\/bip\/?page_id=2433"},"modified":"2020-05-06T09:45:33","modified_gmt":"2020-05-06T07:45:33","slug":"sprawozdawczosc-za-rok-2019","status":"publish","type":"page","link":"https:\/\/cus.bojszowy.pl\/bip\/sprawozdawczosc-za-rok-2019\/","title":{"rendered":"Sprawozdawczo\u015b\u0107 za rok 2019"},"content":{"rendered":"<p><a href=\"https:\/\/cus.bojszowy.pl\/bip\/wp-content\/uploads\/sites\/2\/2020\/05\/sprawozdawczo\u015b\u0107-GOPS-w-Bojszowach-za-2019r..pdf\">Sprawozdawczo\u015b\u0107 Gminnego O\u015brodka Pomocy Spo\u0142ecznej w Bojszowach za rok 2019<\/a><\/p>\n","protected":false},"excerpt":{"rendered":"<p>Sprawozdawczo\u015b\u0107 Gminnego O\u015brodka Pomocy Spo\u0142ecznej w Bojszowach za rok 2019<\/p>\n","protected":false},"author":6,"featured_media":0,"parent":0,"menu_order":0,"comment_status":"closed","ping_status":"closed","template":"","meta":{"ngg_post_thumbnail":0,"footnotes":""},"class_list":["post-2433","page","type-page","status-publish","hentry","description-off"],"_links":{"self":[{"href":"https:\/\/cus.bojszowy.pl\/bip\/wp-json\/wp\/v2\/pages\/2433","targetHints":{"allow":["GET"]}}],"collection":[{"href":"https:\/\/cus.bojszowy.pl\/bip\/wp-json\/wp\/v2\/pages"}],"about":[{"href":"https:\/\/cus.bojszowy.pl\/bip\/wp-json\/wp\/v2\/types\/page"}],"author":[{"embeddable":true,"href":"https:\/\/cus.bojszowy.pl\/bip\/wp-json\/wp\/v2\/users\/6"}],"replies":[{"embeddable":true,"href":"https:\/\/cus.bojszowy.pl\/bip\/wp-json\/wp\/v2\/comments?post=2433"}],"version-history":[{"count":1,"href":"https:\/\/cus.bojszowy.pl\/bip\/wp-json\/wp\/v2\/pages\/2433\/revisions"}],"predecessor-version":[{"id":2435,"href":"https:\/\/cus.bojszowy.pl\/bip\/wp-json\/wp\/v2\/pages\/2433\/revisions\/2435"}],"wp:attachment":[{"href":"https:\/\/cus.bojszowy.pl\/bip\/wp-json\/wp\/v2\/media?parent=2433"}],"curies":[{"name":"wp","href":"https:\/\/api.w.org\/{rel}","templated":true}]}}