{"id":2453,"date":"2020-10-01T12:25:02","date_gmt":"2020-10-01T10:25:02","guid":{"rendered":"https:\/\/cus.bojszowy.pl\/bip\/?page_id=2453"},"modified":"2025-10-10T11:17:17","modified_gmt":"2025-10-10T09:17:17","slug":"koordynator-ds-dostepnosci","status":"publish","type":"page","link":"https:\/\/cus.bojszowy.pl\/bip\/koordynator-ds-dostepnosci\/","title":{"rendered":"Koordynator ds. dost\u0119pno\u015bci"},"content":{"rendered":"\n<p>Na podstawie art. 14 ust. 1 ustawy z dnia 19 lipca 2019r. o zapewnianiu dost\u0119pno\u015bci osobom ze szczeg\u00f3lnymi potrzebami (t.j. Dz. U. z 2024 r. poz.1411) w Centrum Us\u0142ug Spo\u0142ecznych w Bojszowach wyznaczony zosta\u0142 koordynator ds. dost\u0119pno\u015bci &#8211; Grzegorz Wietrzny.<\/p>\n\n\n\n<p>kontakt do koordynatora: <br>tel. 32 328-93-05; e-mail: kontakt@cus.bojszowy.pl<\/p>\n\n\n\n<p><a href=\"https:\/\/cus.bojszowy.pl\/bip\/wp-content\/uploads\/sites\/2\/2025\/10\/Plan-dostepnosci.pdf\">Plan dzia\u0142a\u0144 Centrum Us\u0142ug Spo\u0142ecznych w Bojszowach w zakresie zapewnienia dost\u0119pno\u015bci <br>na lata 2025-2027 wraz z analiz\u0105 stanu zapewnienia dost\u0119pno\u015bci osobom ze szczeg\u00f3lnymi potrzebami<\/a><\/p>\n","protected":false},"excerpt":{"rendered":"<p>Na podstawie art. 14 ust. 1 ustawy z dnia 19 lipca 2019r. o zapewnianiu dost\u0119pno\u015bci osobom ze szczeg\u00f3lnymi potrzebami (t.j. Dz. U. z 2024 r. poz.1411) w Centrum Us\u0142ug Spo\u0142ecznych w Bojszowach wyznaczony zosta\u0142 koordynator ds. dost\u0119pno\u015bci &#8211; Grzegorz Wietrzny. kontakt do koordynatora: tel. 32 328-93-05; e-mail: kontakt@cus.bojszowy.pl Plan dzia\u0142a\u0144 Centrum Us\u0142ug Spo\u0142ecznych w Bojszowach&hellip;<\/p>\n","protected":false},"author":6,"featured_media":0,"parent":0,"menu_order":0,"comment_status":"closed","ping_status":"closed","template":"","meta":{"ngg_post_thumbnail":0,"footnotes":""},"class_list":["post-2453","page","type-page","status-publish","hentry","description-off"],"_links":{"self":[{"href":"https:\/\/cus.bojszowy.pl\/bip\/wp-json\/wp\/v2\/pages\/2453","targetHints":{"allow":["GET"]}}],"collection":[{"href":"https:\/\/cus.bojszowy.pl\/bip\/wp-json\/wp\/v2\/pages"}],"about":[{"href":"https:\/\/cus.bojszowy.pl\/bip\/wp-json\/wp\/v2\/types\/page"}],"author":[{"embeddable":true,"href":"https:\/\/cus.bojszowy.pl\/bip\/wp-json\/wp\/v2\/users\/6"}],"replies":[{"embeddable":true,"href":"https:\/\/cus.bojszowy.pl\/bip\/wp-json\/wp\/v2\/comments?post=2453"}],"version-history":[{"count":6,"href":"https:\/\/cus.bojszowy.pl\/bip\/wp-json\/wp\/v2\/pages\/2453\/revisions"}],"predecessor-version":[{"id":3096,"href":"https:\/\/cus.bojszowy.pl\/bip\/wp-json\/wp\/v2\/pages\/2453\/revisions\/3096"}],"wp:attachment":[{"href":"https:\/\/cus.bojszowy.pl\/bip\/wp-json\/wp\/v2\/media?parent=2453"}],"curies":[{"name":"wp","href":"https:\/\/api.w.org\/{rel}","templated":true}]}}