{"id":2495,"date":"2020-12-22T12:03:50","date_gmt":"2020-12-22T11:03:50","guid":{"rendered":"https:\/\/cus.bojszowy.pl\/bip\/?page_id=2495"},"modified":"2020-12-22T12:03:54","modified_gmt":"2020-12-22T11:03:54","slug":"nabory-2020","status":"publish","type":"page","link":"https:\/\/cus.bojszowy.pl\/bip\/nabory-2020\/","title":{"rendered":"NABORY 2020"},"content":{"rendered":"\n<p><a rel=\"noreferrer noopener\" href=\"https:\/\/cus.bojszowy.pl\/bip\/wp-content\/uploads\/sites\/2\/2020\/12\/nabor-na-wolne-stanowisko-pracy-pracownik-socjalny.pdf\" target=\"_blank\">Og\u0142oszenie o naborze &#8211; Pracownik socjalny<\/a><\/p>\n\n\n\n<p><a rel=\"noreferrer noopener\" href=\"https:\/\/cus.bojszowy.pl\/bip\/wp-content\/uploads\/sites\/2\/2020\/12\/Kwestionariusz-osobowy-dla-osoby-ubiegajacej-sie-o-zatrudnienie.pdf\" target=\"_blank\">Kwestionariusz osobowy<\/a><\/p>\n\n\n\n<p><a href=\"https:\/\/cus.bojszowy.pl\/bip\/wp-content\/uploads\/sites\/2\/2020\/12\/oswiadczenie-o-niekaralnosci.pdf\" target=\"_blank\" rel=\"noreferrer noopener\">O\u015bwiadczenie o niekaralno\u015bci<\/a><\/p>\n","protected":false},"excerpt":{"rendered":"<p>Og\u0142oszenie o naborze &#8211; Pracownik socjalny Kwestionariusz osobowy O\u015bwiadczenie o niekaralno\u015bci<\/p>\n","protected":false},"author":6,"featured_media":0,"parent":0,"menu_order":0,"comment_status":"closed","ping_status":"closed","template":"","meta":{"ngg_post_thumbnail":0,"footnotes":""},"class_list":["post-2495","page","type-page","status-publish","hentry","description-off"],"_links":{"self":[{"href":"https:\/\/cus.bojszowy.pl\/bip\/wp-json\/wp\/v2\/pages\/2495","targetHints":{"allow":["GET"]}}],"collection":[{"href":"https:\/\/cus.bojszowy.pl\/bip\/wp-json\/wp\/v2\/pages"}],"about":[{"href":"https:\/\/cus.bojszowy.pl\/bip\/wp-json\/wp\/v2\/types\/page"}],"author":[{"embeddable":true,"href":"https:\/\/cus.bojszowy.pl\/bip\/wp-json\/wp\/v2\/users\/6"}],"replies":[{"embeddable":true,"href":"https:\/\/cus.bojszowy.pl\/bip\/wp-json\/wp\/v2\/comments?post=2495"}],"version-history":[{"count":1,"href":"https:\/\/cus.bojszowy.pl\/bip\/wp-json\/wp\/v2\/pages\/2495\/revisions"}],"predecessor-version":[{"id":2499,"href":"https:\/\/cus.bojszowy.pl\/bip\/wp-json\/wp\/v2\/pages\/2495\/revisions\/2499"}],"wp:attachment":[{"href":"https:\/\/cus.bojszowy.pl\/bip\/wp-json\/wp\/v2\/media?parent=2495"}],"curies":[{"name":"wp","href":"https:\/\/api.w.org\/{rel}","templated":true}]}}