{"id":2520,"date":"2021-03-29T14:06:18","date_gmt":"2021-03-29T12:06:18","guid":{"rendered":"https:\/\/cus.bojszowy.pl\/bip\/?page_id=2520"},"modified":"2025-03-31T14:39:57","modified_gmt":"2025-03-31T12:39:57","slug":"deklaracja-dostepnosci","status":"publish","type":"page","link":"https:\/\/cus.bojszowy.pl\/bip\/deklaracja-dostepnosci\/","title":{"rendered":"Deklaracja dost\u0119pno\u015bci"},"content":{"rendered":"\n<h2 class=\"wp-block-heading\"><strong>Deklaracja dost\u0119pno\u015bci w Centrum Us\u0142ug Spo\u0142ecznych w Bojszowach<\/strong><\/h2>\n\n\n\n<h4 class=\"wp-block-heading\">Wst\u0119p do deklaracji<\/h4>\n\n\n\n<pre class=\"wp-block-preformatted\">Centrum Us\u0142ug Spo\u0142ecznych w Bojszowach zobowi\u0105zuje si\u0119 zapewni\u0107 dost\u0119pno\u015b\u0107 swoich stron internetowych zgodnie z ustaw\u0105 z dnia 4 kwietnia 2019 r. o dost\u0119pno\u015bci cyfrowej stron internetowych i aplikacji mobilnych podmiot\u00f3w publicznych. O\u015bwiadczenie w sprawie dost\u0119pno\u015bci ma zastosowanie do stron internetowych:<br>- cus.bojszowy.pl <br>- cus.bojszowy.pl\/bip<\/pre>\n\n\n\n<h4 class=\"wp-block-heading\">Data publikacji i aktualizacji<\/h4>\n\n\n\n<pre class=\"wp-block-preformatted\">Data publikacji strony internetowej: 3 lutego 2011r.   <br>Data ostatniej istotnej aktualizacji: 20 marca 2025r.<\/pre>\n\n\n\n<h4 class=\"wp-block-heading\">Status pod wzgl\u0119dem zgodno\u015bci<\/h4>\n\n\n\n<pre class=\"wp-block-preformatted\">Strona internetowa jest cz\u0119\u015bciowo zgodna z ustaw\u0105 z dnia 4 kwietnia 2019 r. o dost\u0119pno\u015bci cyfrowej stron internetowych i aplikacji mobilnych podmiot\u00f3w publicznych z powodu niezgodno\u015bci lub w\u0142\u0105cze\u0144 wymienionych poni\u017cej.<\/pre>\n\n\n\n<h4 class=\"wp-block-heading\">Tre\u015bci niedost\u0119pne<\/h4>\n\n\n\n<pre class=\"wp-block-preformatted\">- brak opis\u00f3w alternatywnych przy zdj\u0119ciach<br>- niekt\u00f3re tre\u015bci s\u0105 przedstawione w postaci grafiki bez alternatywy w postaci tekstu.<br>- cz\u0119\u015b\u0107 plik\u00f3w nie jest dost\u0119pnych cyfrowo,<br>- brak zachowanego wsp\u00f3\u0142czynnika kontrastu 3:1 dla niekt\u00f3rych element\u00f3w strony<br>- niekt\u00f3re linki nie zwieraj\u0105 tekstu<br>- wyst\u0119puj\u0105 problemy z etykietami w postaci braku oznaczenia nag\u0142\u00f3wk\u00f3w, tytu\u0142\u00f3w oraz brak tekst\u00f3w alternatywnych<br>- struktura nag\u0142\u00f3wk\u00f3w na stronie nie jest klarowna<br>- w niekt\u00f3rych miejscach brakuje oznaczenia j\u0119zyka<br>- w niekt\u00f3rych miejscach serwisu teksty s\u0105 justowane<br>- strona nie posiada alternatywnych etykiet element\u00f3w graficznych oraz nie umo\u017cliwia aktywacji ruchem<br>- cz\u0119\u015b\u0107 zamieszczonych dokument\u00f3w ma posta\u0107 skanu<\/pre>\n\n\n\n<h4 class=\"wp-block-heading\">Wy\u0142\u0105czenia:<\/h4>\n\n\n\n<pre class=\"wp-block-preformatted\">- cz\u0119\u015b\u0107 plik\u00f3w zosta\u0142a opublikowana przed wej\u015bciem w \u017cycie ustawy o dost\u0119pno\u015bci cyfrowej<br>- cz\u0119\u015b\u0107 plik\u00f3w zamieszczonych na stronie nie pochodzi od organu<\/pre>\n\n\n\n<h4 class=\"wp-block-heading\">Przygotowanie deklaracji dost\u0119pno\u015bci<\/h4>\n\n\n\n<pre class=\"wp-block-preformatted\">Deklaracj\u0119 sporz\u0105dzono dni 18 marca 2021r. <br>Ostatnia aktualizacja deklaracji: 31 marca 2025r.<br><br>Deklaracj\u0119 sporz\u0105dzono na podstawie samooceny przeprowadzonej przez podmiot publiczny oraz przy u\u017cyciu validatora dost\u0119pno\u015bci stron (validator.utilitia.pl).<\/pre>\n\n\n\n<h4 class=\"wp-block-heading\">Skr\u00f3ty klawiszowe<\/h4>\n\n\n\n<pre class=\"wp-block-preformatted\">Na stronie mo\u017cna u\u017cywa\u0107 standardowych skr\u00f3t\u00f3w klawiaturowych przegl\u0105darki internetowej.<br><\/pre>\n\n\n\n<h4 class=\"wp-block-heading\">Informacje zwrotne i dane kontaktowe<\/h4>\n\n\n\n<pre class=\"wp-block-preformatted\"><strong>Osoba odpowiedzialna za rozpatrywanie skarg i wniosk\u00f3w w kwestii dost\u0119pno\u015bci strony<\/strong>:<br>Za rozpatrywanie uwag i wniosk\u00f3w odpowiada: <br>Grzegorz Wietrzny<br>e-mail: kontakt@cus.bojszowy.pl<br>telefon\/fax: +48 32 328 93 05 wew. 26<br><strong>Organ nadzoruj\u0105cy, do kt\u00f3rego mo\u017cna sk\u0142ada\u0107 skargi i odwo\u0142ania<\/strong>:<br>Dyrektor Anna M\u0142ocek<br>Adres CUS w Bojszowach: 43-220 Bojszowy Nowe, ul. Ruchu Oporu 100<br>e-mail: kierownik@gops.bojszowy.pl<br>telefon: 32 328 93 05<br><\/pre>\n\n\n\n<h4 class=\"wp-block-heading\">Informacje na temat procedury odwo\u0142awczej<\/h4>\n\n\n\n<pre class=\"wp-block-preformatted\">W przypadku problem\u00f3w z dost\u0119pno\u015bci\u0105 strony internetowej prosimy o kontakt. <br>Osob\u0105 kontaktow\u0105 jest Grzegorz Wietrzny, kontakt@cus.bojszowy.pl. <br>Kontaktowa\u0107 mo\u017cna si\u0119 tak\u017ce dzwoni\u0105c na numer telefonu +48 32 3289305 wew. 26. <br>T\u0105 sam\u0105 drog\u0105 mo\u017cesz z\u0142o\u017cy\u0107:<br>- wniosek o udost\u0119pnienie informacji niedost\u0119pnej,<br>- skarg\u0119 na brak zapewnienia dost\u0119pno\u015bci.<br>Ka\u017cdy ma prawo wyst\u0105pi\u0107 z \u017c\u0105daniem zapewnienia dost\u0119pno\u015bci cyfrowej strony internetowej, aplikacji mobilnej lub jakiego\u015b ich elementu. Mo\u017cesz te\u017c za\u017c\u0105da\u0107 udost\u0119pnienia informacji w formach alternatywnych, na przyk\u0142ad odczytanie niedost\u0119pnego cyfrowo dokumentu, opisania zawarto\u015bci filmu bez audiodeskrypcji itp.<br><br>\u017b\u0105danie powinno zawiera\u0107:<br>- dane osoby zg\u0142aszaj\u0105cej \u017c\u0105danie,<br>- wskazanie, o kt\u00f3r\u0105 stron\u0119 internetow\u0105 lub aplikacj\u0119 mobiln\u0105 chodzi,<br>- spos\u00f3b kontaktu.<br><br>Je\u017celi osoba \u017c\u0105daj\u0105ca zg\u0142asza potrzeb\u0119 otrzymania informacji w formie alternatywnej, powinna te\u017c okre\u015bli\u0107 form\u0119 tej informacji.<br>Podmiot publiczny ma obowi\u0105zek zrealizowa\u0107 \u017c\u0105danie niezw\u0142ocznie i nie p\u00f3\u017aniej, ni\u017c w ci\u0105gu 7 dni.<br>Je\u017celi nie mo\u017cna dotrzyma\u0107 tego terminu, podmiot publiczny niezw\u0142ocznie informuje o nowym terminie, kt\u00f3ry nie mo\u017ce by\u0107 d\u0142u\u017cszy ni\u017c 2 miesi\u0105ce.<br>Je\u015bli podmiot publiczny nie mo\u017ce zapewni\u0107 dost\u0119pu do informacji w \u017c\u0105danej formie, mo\u017ce zaproponowa\u0107 alternatywny spos\u00f3b dost\u0119pu do informacji.<br>Je\u015bli podmiot publiczny odm\u00f3wi realizacji \u017c\u0105dania zapewnienia dost\u0119pno\u015bci lub alternatywnego dost\u0119pu do informacji, wnioskodawca ma prawo z\u0142o\u017cy\u0107 skarg\u0119.<br>Po wyczerpaniu wszystkich mo\u017cliwo\u015bci skarg\u0119 mo\u017cna przes\u0142a\u0107 tak\u017ce do <a href=\"https:\/\/bip.brpo.gov.pl\/pl\/content\/zlozenie-wniosku-do-rzecznika-praw-obywatelskich\">Rzecznika Praw Obywatelskich<\/a>.<br><br><br><\/pre>\n\n\n\n<h2 class=\"wp-block-heading\">Dost\u0119pno\u015b\u0107 architektoniczna<\/h2>\n\n\n\n<h4 class=\"wp-block-heading\">Informacje na temat dost\u0119pno\u015bci<\/h4>\n\n\n\n<pre class=\"wp-block-preformatted\">- <strong>Komunikacja publiczna<\/strong> \u2013 w bezpo\u015brednim s\u0105siedztwie znajduje si\u0119 przystanek autobusowy<br>- <strong>Parking<\/strong> \u2013 przed budynkiem znajduj\u0105 si\u0119 2 miejsca parkingowe dla os\u00f3b z niepe\u0142nosprawno\u015bciami<br>- <strong>Winda<\/strong>: Budynek wyposa\u017cony jest w wind\u0119 dostosowan\u0105 do potrzeb os\u00f3b z niepe\u0142nosprawno\u015bciami, a wej\u015bcie do niej znajduje si\u0119 z poziomu utwardzonego parkingu<br>- <strong>Wej\u015bcie do budynku<\/strong>: wej\u015bcie jest odpowiednio o\u015bwietlone; wej\u015bcie g\u0142\u00f3wne jest przystosowane dla os\u00f3b poruszaj\u0105cych si\u0119 na w\u00f3zkach inwalidzkich <br>- <strong>Schody<\/strong> \u2013 zastosowano obustronne balustrady<br>- <strong>Toalety<\/strong> \u2013 na pierwszej kondygnacji znajduj\u0105 si\u0119 toalety przystosowane dla os\u00f3b ze szczeg\u00f3lnymi potrzebami<br>- <strong>Pies asystuj\u0105cy<\/strong> - do budynku i wszystkich jego pomieszcze\u0144 mo\u017cna wej\u015b\u0107 z psem asystuj\u0105cym.<br>- <strong>Rozk\u0142ad pomieszcze\u0144<\/strong> \u2013 zapewniono informacj\u0119 na temat rozk\u0142adu pomieszcze\u0144 w budynku w spos\u00f3b wizualny i g\u0142osowy <br>- <strong>Pomieszczenia<\/strong> \u2013 zapewniono dost\u0119p do wszystkich pomieszcze\u0144 w budynku (w tym za pomoc\u0105 platformy\/d\u017awigu osobowego)<br>- <strong>Korytarze<\/strong> \u2013 szeroko\u015b\u0107 korytarzy wynosi min. 120 cm, co umo\u017cliwia swobodne poruszanie si\u0119 na w\u00f3zkach inwalidzkich, pod\u0142oga jest antypo\u015blizgowa, a przej\u015bcia s\u0105 wolne od przeszk\u00f3d<br>- <strong>Ewakuacja<\/strong> \u2013 zapewniono osobom ze szczeg\u00f3lnymi potrzebami mo\u017cliwo\u015b\u0107 ewakuacji lub ich uratowania w inny spos\u00f3b<br><\/pre>\n\n\n\n<h4 class=\"wp-block-heading\">Dost\u0119pno\u015b\u0107 komunikacyjno-informacyjna<\/h4>\n\n\n\n<pre class=\"wp-block-preformatted\">Zapewniono mo\u017cliwo\u015b\u0107 skorzystania z t\u0142umacza j\u0119zyka migowego na miejscu (po wcze\u015bniejszym zg\u0142oszeniu).<\/pre>\n","protected":false},"excerpt":{"rendered":"<p>Deklaracja dost\u0119pno\u015bci w Centrum Us\u0142ug Spo\u0142ecznych w Bojszowach Wst\u0119p do deklaracji Centrum Us\u0142ug Spo\u0142ecznych w Bojszowach zobowi\u0105zuje si\u0119 zapewni\u0107 dost\u0119pno\u015b\u0107 swoich stron internetowych zgodnie z ustaw\u0105 z dnia 4 kwietnia 2019 r. o dost\u0119pno\u015bci cyfrowej stron internetowych i aplikacji mobilnych podmiot\u00f3w publicznych. O\u015bwiadczenie w sprawie dost\u0119pno\u015bci ma zastosowanie do stron internetowych:- cus.bojszowy.pl &#8211; cus.bojszowy.pl\/bip Data&hellip;<\/p>\n","protected":false},"author":6,"featured_media":0,"parent":0,"menu_order":0,"comment_status":"closed","ping_status":"closed","template":"","meta":{"ngg_post_thumbnail":0,"footnotes":""},"class_list":["post-2520","page","type-page","status-publish","hentry","description-off"],"_links":{"self":[{"href":"https:\/\/cus.bojszowy.pl\/bip\/wp-json\/wp\/v2\/pages\/2520","targetHints":{"allow":["GET"]}}],"collection":[{"href":"https:\/\/cus.bojszowy.pl\/bip\/wp-json\/wp\/v2\/pages"}],"about":[{"href":"https:\/\/cus.bojszowy.pl\/bip\/wp-json\/wp\/v2\/types\/page"}],"author":[{"embeddable":true,"href":"https:\/\/cus.bojszowy.pl\/bip\/wp-json\/wp\/v2\/users\/6"}],"replies":[{"embeddable":true,"href":"https:\/\/cus.bojszowy.pl\/bip\/wp-json\/wp\/v2\/comments?post=2520"}],"version-history":[{"count":2,"href":"https:\/\/cus.bojszowy.pl\/bip\/wp-json\/wp\/v2\/pages\/2520\/revisions"}],"predecessor-version":[{"id":3070,"href":"https:\/\/cus.bojszowy.pl\/bip\/wp-json\/wp\/v2\/pages\/2520\/revisions\/3070"}],"wp:attachment":[{"href":"https:\/\/cus.bojszowy.pl\/bip\/wp-json\/wp\/v2\/media?parent=2520"}],"curies":[{"name":"wp","href":"https:\/\/api.w.org\/{rel}","templated":true}]}}