{"id":2540,"date":"2021-05-21T12:23:01","date_gmt":"2021-05-21T10:23:01","guid":{"rendered":"https:\/\/cus.bojszowy.pl\/bip\/?page_id=2540"},"modified":"2021-05-21T12:23:04","modified_gmt":"2021-05-21T10:23:04","slug":"sprawozdawczosc-za-rok-2020","status":"publish","type":"page","link":"https:\/\/cus.bojszowy.pl\/bip\/sprawozdawczosc-za-rok-2020\/","title":{"rendered":"Sprawozdawczo\u015b\u0107 za rok 2020"},"content":{"rendered":"\n<p>&nbsp;<\/p>\n<p><a href=\"https:\/\/cus.bojszowy.pl\/bip\/wp-content\/uploads\/sites\/2\/2021\/05\/sprawozdawczosc-GOPS-w-Bojszowach-za-2020r..pdf\">Sprawozdawczo\u015b\u0107 Gminnego O\u015brodka Pomocy Spo\u0142ecznej w Bojszowach za rok 2020<\/a><\/p>\n","protected":false},"excerpt":{"rendered":"&nbsp; Sprawozdawczo\u015b\u0107 Gminnego O\u015brodka Pomocy Spo\u0142ecznej w Bojszowach za rok 2020","protected":false},"author":6,"featured_media":0,"parent":0,"menu_order":0,"comment_status":"closed","ping_status":"closed","template":"","meta":{"ngg_post_thumbnail":0,"footnotes":""},"class_list":["post-2540","page","type-page","status-publish","hentry","description-off"],"_links":{"self":[{"href":"https:\/\/cus.bojszowy.pl\/bip\/wp-json\/wp\/v2\/pages\/2540","targetHints":{"allow":["GET"]}}],"collection":[{"href":"https:\/\/cus.bojszowy.pl\/bip\/wp-json\/wp\/v2\/pages"}],"about":[{"href":"https:\/\/cus.bojszowy.pl\/bip\/wp-json\/wp\/v2\/types\/page"}],"author":[{"embeddable":true,"href":"https:\/\/cus.bojszowy.pl\/bip\/wp-json\/wp\/v2\/users\/6"}],"replies":[{"embeddable":true,"href":"https:\/\/cus.bojszowy.pl\/bip\/wp-json\/wp\/v2\/comments?post=2540"}],"version-history":[{"count":1,"href":"https:\/\/cus.bojszowy.pl\/bip\/wp-json\/wp\/v2\/pages\/2540\/revisions"}],"predecessor-version":[{"id":2541,"href":"https:\/\/cus.bojszowy.pl\/bip\/wp-json\/wp\/v2\/pages\/2540\/revisions\/2541"}],"wp:attachment":[{"href":"https:\/\/cus.bojszowy.pl\/bip\/wp-json\/wp\/v2\/media?parent=2540"}],"curies":[{"name":"wp","href":"https:\/\/api.w.org\/{rel}","templated":true}]}}