{"id":2553,"date":"2021-06-16T14:36:13","date_gmt":"2021-06-16T12:36:13","guid":{"rendered":"https:\/\/cus.bojszowy.pl\/bip\/?page_id=2553"},"modified":"2021-11-19T12:49:56","modified_gmt":"2021-11-19T11:49:56","slug":"zapytanie-ofertowe-1-zo-gops-2021","status":"publish","type":"page","link":"https:\/\/cus.bojszowy.pl\/bip\/zapytanie-ofertowe-1-zo-gops-2021\/","title":{"rendered":"Zapytanie ofertowe 1\/2021"},"content":{"rendered":"\n<p><strong>Zaproszenie do sk\u0142adania ofert<\/strong><\/p>\n<p>ZAPYTANIE OFERTOWE NR&nbsp; 1\/2021 z dnia 08.11.2021r.<\/p>\n<p><strong>I. ZAMAWIAJ\u0104CY:<\/strong><\/p>\n<p>Gmina Bojszowy, ul. Gaikowa 35, 43-220 Bojszowy<br>Odbiorca us\u0142ug \u2013 Centrum Us\u0142ug Spo\u0142ecznych w Bojszowach<br>Tel. (32) 328 93 05<br>faks (32) 328 93 20<br>Adres e-mail: kontakt@cus.bojszowy.pl<\/p>\n<p><strong>II. NAZWA I OPIS PRZEDMIOTU ZAM\u00d3WIENIA<\/strong><\/p>\n<p>Dzia\u0142aj\u0105c zgodnie z art. 2 ust 1 pkt 1 ustawy z dnia 11 wrze\u015bnia 2019r.r. \u201dPrawo zam\u00f3wie\u0144 publicznych\u201d (t. j. Dz.U z 2021r. poz. 1129 ze zmianami), Zamawiaj\u0105cy zaprasza do z\u0142o\u017cenia oferty w post\u0119powaniu ofertowym, kt\u00f3rego przedmiotem jest:<\/p>\n<p style=\"text-align: center;\"><strong>\u201eUs\u0142uga przygotowywania i dowo\u017cenia posi\u0142k\u00f3w&nbsp;(obiad\u00f3w) dwudaniowych<br>dla klient\u00f3w Centrum Us\u0142ug Spo\u0142ecznych w Bojszowach oraz dla uczestnik\u00f3w &nbsp;Dziennego Domu Senior + &nbsp;<br>w Bojszowach, w dni powszednie z wy\u0142\u0105czeniem sob\u00f3t.\u201d<\/strong><\/p>\n<ol>\n<li>Przedmiotem zam\u00f3wienia jest przygotowywanie i dowo\u017cenie posi\u0142k\u00f3w (obiad\u00f3w), sk\u0142adaj\u0105cych si\u0119 z dw\u00f3ch da\u0144;<\/li>\n<li>Us\u0142uga realizowana b\u0119dzie w dni powszednie \u2013 od poniedzia\u0142ku do pi\u0105tku, w godzinach od 11.00 do 13.00;<\/li>\n<li>Posi\u0142ki (obiady) musz\u0105 cechowa\u0107 si\u0119 dobr\u0105 jako\u015bci\u0105, odpowiedni\u0105 wag\u0105 i warto\u015bci\u0105 od\u017cywcz\u0105 zgodnie z ustaw\u0105 o bezpiecze\u0144stwie \u017cywno\u015bci i \u017cywienia (t. j. Dz. U. z 2020 r. poz. 2021 ze zmianami) oraz odpowiada\u0107 zaleceniom G\u0142\u00f3wnego Inspektora Sanitarnego i Instytutu \u017bywno\u015bci i \u017bywienia w sprawie norm wy\u017cywienia i \u017cywienia, jakie obowi\u0105zuj\u0105 w zak\u0142adach \u017cywienia zbiorowego oraz jako\u015bci zdrowotnych \u017cywno\u015bci;<\/li>\n<li>Potrawy powinny by\u0107 lekkostrawne, przygotowywane z surowc\u00f3w wysokiej jako\u015bci, \u015bwie\u017cych, naturalnych, ma\u0142o przetworzonych, z ograniczon\u0105 ilo\u015bci\u0105 substancji dodatkowych \u2013 konserwuj\u0105cych, zag\u0119szczaj\u0105cych, barwi\u0105cych lub sztucznie aromatyzowanych;<\/li>\n<li>Posi\u0142ki (obiady) musz\u0105 by\u0107 zr\u00f3\u017cnicowane, sporz\u0105dzone z pe\u0142nowarto\u015bciowych produkt\u00f3w z uwzgl\u0119dnieniem sezonowo\u015bci ich wyst\u0119powania i pokrywa\u0107 \u00bd dziennego zapotrzebowania kalorycznego dla osoby doros\u0142ej, tj.: zapewni\u0107 nie mniej ni\u017c 1200 kcal;<\/li>\n<li>Posi\u0142ki (obiady) dowo\u017cone b\u0119d\u0105 w\u0142asnym transportem wykonawcy, dostosowanym do przewozu \u017cywno\u015bci, spe\u0142niaj\u0105cym wymogi sanitarno-epidemiologiczne;<\/li>\n<li>Posi\u0142ki (obiady) winny by\u0107 zapakowane w spos\u00f3b gwarantuj\u0105cy spo\u017cycie gor\u0105cego posi\u0142ku przez klienta, bezpo\u015brednio po dostarczeniu tego posi\u0142ku, bez konieczno\u015bci jego podgrzewania, w jednorazowe opakowania;<\/li>\n<li>Wykonawca zobowi\u0105zany jest przestrzega\u0107 zasad sanitarno-higienicznych na ka\u017cdym etapie produkcji i transportu posi\u0142k\u00f3w;<\/li>\n<li>Szacunkowa ilo\u015b\u0107 posi\u0142k\u00f3w dziennie: 15. Ilo\u015b\u0107 posi\u0142k\u00f3w mo\u017ce ulec zmianie w zale\u017cno\u015bci od rzeczywistych potrzeb;<\/li>\n<li>Rozliczenie us\u0142ug przez Wykonawc\u0119 nast\u0119powa\u0107 b\u0119dzie co miesi\u0105c, w terminie do 10 dnia nast\u0119pnego miesi\u0105ca, z wy\u0142\u0105czeniem miesi\u0105ca grudnia, za kt\u00f3ry rozliczenie nast\u0119powa\u0107 b\u0119dzie do dnia 25 tego miesi\u0105ca;<\/li>\n<li>Zap\u0142ata za wykonanie us\u0142ugi b\u0119dzie regulowana miesi\u0119cznie, po wykonaniu us\u0142ugi \u2013 w terminie 14 dni od daty dor\u0119czenia poprawnie wystawionej faktury\/rachunku do CUS.<\/li>\n<li>Zamawiaj\u0105cy zastrzega sobie prawo kontroli jako\u015bci \u015bwiadczonych us\u0142ug oraz zgodno\u015bci ich wykonywania z umow\u0105 i wymaganiami zawartymi w niniejszym zapytaniu.<\/li>\n<li>Termin realizacji zam\u00f3wienia: <em>od <strong>03.01.2022r.<\/strong>do&nbsp;<strong>31.12.2022r.<\/strong><\/em><\/li>\n<\/ol>\n<p><strong>III. KRYTERIA WYBORU OFERTY<\/strong>:<\/p>\n<p>Cena \u2013 za 1 posi\u0142ek (obiad) brutto wraz z dowozem<\/p>\n<p>Zamawiaj\u0105cy wybierze ofert\u0119 wykonawcy, kt\u00f3ry zaproponuje najni\u017csz\u0105 cen\u0119 za 1 posi\u0142ek (obiad) wraz z dowozem.<\/p>\n<ol>\n<li>Spos\u00f3b przygotowania oferty :<\/li>\n<\/ol>\n<p>\u2013 wype\u0142niony formularz ofertowy wg z\u0142\u0105cznika nr 1 \u2013 wz\u00f3r oferty.<\/p>\n<ol start=\"2\">\n<li>Wymagane dokumenty :<\/li>\n<\/ol>\n<p>\u2013 odpis z Krajowego Rejestru S\u0105dowego (je\u017celi dotyczy) lub inny dokument stanowi\u0105cy&nbsp; podstaw\u0119 dzia\u0142alno\u015bci podmiotu (m. in. wydruk z CEIDG);<br>\u2013 dokument zawieraj\u0105cy upowa\u017cnienie do reprezentowania podmiotu w zakresie z\u0142o\u017cenia oferty oraz zawarcia w imieniu podmiotu sk\u0142adaj\u0105cego ofert\u0119 umowy<br>z Gmin\u0105 Bojszowy \u2013 dot. podmiot\u00f3w, kt\u00f3re w dokumencie stanowi\u0105cym&nbsp; podstaw\u0119 dzia\u0142alno\u015bci nie posiadaj\u0105 informacji o osobach upowa\u017cnionych do ich reprezentowania.<\/p>\n<ol start=\"3\">\n<li>Miejsce i termin z\u0142o\u017cenia ofert<\/li>\n<\/ol>\n<p>Oferty mo\u017cna sk\u0142ada\u0107 w nast\u0119puj\u0105cy spos\u00f3b :<br>a) drog\u0105 elektroniczn\u0105 na adres e\u2010 mail : kontakt@cus.bojszowy.pl<br>b) drog\u0105 pocztow\u0105 na adres: Centrum Us\u0142ug Spo\u0142ecznych w Bojszowach<br>Sierpowa 38 ,43-220 \u015awierczyniec z dopiskiem&nbsp;<strong>\u201eUs\u0142uga przygotowywania i dowo\u017cenia posi\u0142k\u00f3w (obiad\u00f3w) dwudaniowych dla klient\u00f3w Centrum Us\u0142ug Spo\u0142ecznych w Bojszowach oraz dla uczestnik\u00f3w Dziennego Domu Senior + w Bojszowach, w dni powszednie z wy\u0142\u0105czeniem sob\u00f3t.\u201d.<\/strong><\/p>\n<p><strong>Oferty nale\u017cy sk\u0142ada\u0107 do 30.11.2021 r., do godz. 13.00.<\/strong><\/p>\n<p>Rozstrzygni\u0119cie ofert nast\u0105pi w terminie 14 dni roboczych i zostanie opublikowane na stronie internetowej CUS <br>w Bojszowach. Oferty, kt\u00f3re wp\u0142yn\u0105 po w\/w terminie nie b\u0119d\u0105 rozpatrywane.<\/p>\n<ol start=\"4\">\n<li>Osoba do kontaktu w przedmiotowej sprawie.<br>Imi\u0119 i Nazwisko : Amelia Tatoj<br>32&nbsp; 328 93 05; e\u2010mail: kontakt@cus.bojszowy.pl<\/li>\n<\/ol>\n<p>Za\u0142\u0105czniki :<\/p>\n<ol>\n<li><a href=\"https:\/\/cus.bojszowy.pl\/bip\/wp-content\/uploads\/sites\/2\/2021\/11\/zal-nr-1-do-z.o.-nr-1.pdf\">Formularz ofertowy<\/a><\/li>\n<li><a href=\"https:\/\/cus.bojszowy.pl\/bip\/wp-content\/uploads\/sites\/2\/2021\/11\/zal-nr-2-do-z.o.-nr-1.pdf\">O\u015bwiadczenie o spe\u0142nianiu warunk\u00f3w<\/a><\/li>\n<li><a href=\"https:\/\/cus.bojszowy.pl\/wp-content\/uploads\/2021\/11\/zal-nr-3-do-z.o.-nr-1.pdf\">Istotne postanowienia umowy<\/a><\/li>\n<\/ol>\n","protected":false},"excerpt":{"rendered":"Zaproszenie do sk\u0142adania ofert ZAPYTANIE OFERTOWE NR&nbsp; 1\/2021 z dnia 08.11.2021r. I. ZAMAWIAJ\u0104CY: Gmina Bojszowy, ul. Gaikowa 35, 43-220 BojszowyOdbiorca us\u0142ug \u2013 Centrum Us\u0142ug Spo\u0142ecznych w BojszowachTel. (32) 328 93 05faks (32) 328 93 20Adres e-mail: kontakt@cus.bojszowy.pl II. NAZWA I OPIS PRZEDMIOTU ZAM\u00d3WIENIA Dzia\u0142aj\u0105c zgodnie z art. 2 ust 1 pkt 1 ustawy z dnia&hellip;","protected":false},"author":6,"featured_media":0,"parent":0,"menu_order":0,"comment_status":"closed","ping_status":"closed","template":"","meta":{"ngg_post_thumbnail":0,"footnotes":""},"class_list":["post-2553","page","type-page","status-publish","hentry","description-off"],"_links":{"self":[{"href":"https:\/\/cus.bojszowy.pl\/bip\/wp-json\/wp\/v2\/pages\/2553","targetHints":{"allow":["GET"]}}],"collection":[{"href":"https:\/\/cus.bojszowy.pl\/bip\/wp-json\/wp\/v2\/pages"}],"about":[{"href":"https:\/\/cus.bojszowy.pl\/bip\/wp-json\/wp\/v2\/types\/page"}],"author":[{"embeddable":true,"href":"https:\/\/cus.bojszowy.pl\/bip\/wp-json\/wp\/v2\/users\/6"}],"replies":[{"embeddable":true,"href":"https:\/\/cus.bojszowy.pl\/bip\/wp-json\/wp\/v2\/comments?post=2553"}],"version-history":[{"count":11,"href":"https:\/\/cus.bojszowy.pl\/bip\/wp-json\/wp\/v2\/pages\/2553\/revisions"}],"predecessor-version":[{"id":2651,"href":"https:\/\/cus.bojszowy.pl\/bip\/wp-json\/wp\/v2\/pages\/2553\/revisions\/2651"}],"wp:attachment":[{"href":"https:\/\/cus.bojszowy.pl\/bip\/wp-json\/wp\/v2\/media?parent=2553"}],"curies":[{"name":"wp","href":"https:\/\/api.w.org\/{rel}","templated":true}]}}