{"id":2590,"date":"2021-07-23T10:59:57","date_gmt":"2021-07-23T08:59:57","guid":{"rendered":"https:\/\/cus.bojszowy.pl\/bip\/?page_id=2590"},"modified":"2021-12-07T09:09:05","modified_gmt":"2021-12-07T08:09:05","slug":"plan-postepowan-o-udzielenie-zamowien-na-rok-2021","status":"publish","type":"page","link":"https:\/\/cus.bojszowy.pl\/bip\/plan-postepowan-o-udzielenie-zamowien-na-rok-2021\/","title":{"rendered":"Plan post\u0119powa\u0144 o udzielenie zam\u00f3wie\u0144 na rok 2021"},"content":{"rendered":"\n<p><a href=\"https:\/\/cus.bojszowy.pl\/bip\/wp-content\/uploads\/sites\/2\/2021\/07\/2021_BZP-00126450_01_P.pdf\">Wersja nr 1 z dnia 26.07.2021r.<\/a><\/p>\n<p><a href=\"https:\/\/cus.bojszowy.pl\/wp-content\/uploads\/2021\/12\/2021_BZP-00126450_02_P.pdf\">Wersja nr 2 z dnia 06.12.2021r.<\/a><\/p>\n<p>&nbsp;<\/p>\n","protected":false},"excerpt":{"rendered":"Wersja nr 1 z dnia 26.07.2021r. Wersja nr 2 z dnia 06.12.2021r. &nbsp;","protected":false},"author":6,"featured_media":0,"parent":0,"menu_order":0,"comment_status":"closed","ping_status":"closed","template":"","meta":{"ngg_post_thumbnail":0,"footnotes":""},"class_list":["post-2590","page","type-page","status-publish","hentry","description-off"],"_links":{"self":[{"href":"https:\/\/cus.bojszowy.pl\/bip\/wp-json\/wp\/v2\/pages\/2590","targetHints":{"allow":["GET"]}}],"collection":[{"href":"https:\/\/cus.bojszowy.pl\/bip\/wp-json\/wp\/v2\/pages"}],"about":[{"href":"https:\/\/cus.bojszowy.pl\/bip\/wp-json\/wp\/v2\/types\/page"}],"author":[{"embeddable":true,"href":"https:\/\/cus.bojszowy.pl\/bip\/wp-json\/wp\/v2\/users\/6"}],"replies":[{"embeddable":true,"href":"https:\/\/cus.bojszowy.pl\/bip\/wp-json\/wp\/v2\/comments?post=2590"}],"version-history":[{"count":3,"href":"https:\/\/cus.bojszowy.pl\/bip\/wp-json\/wp\/v2\/pages\/2590\/revisions"}],"predecessor-version":[{"id":2654,"href":"https:\/\/cus.bojszowy.pl\/bip\/wp-json\/wp\/v2\/pages\/2590\/revisions\/2654"}],"wp:attachment":[{"href":"https:\/\/cus.bojszowy.pl\/bip\/wp-json\/wp\/v2\/media?parent=2590"}],"curies":[{"name":"wp","href":"https:\/\/api.w.org\/{rel}","templated":true}]}}