{"id":2646,"date":"2021-11-19T11:57:43","date_gmt":"2021-11-19T10:57:43","guid":{"rendered":"https:\/\/cus.bojszowy.pl\/bip\/?page_id=2646"},"modified":"2021-11-19T12:25:40","modified_gmt":"2021-11-19T11:25:40","slug":"zapytanie-ofertowe-2-2021","status":"publish","type":"page","link":"https:\/\/cus.bojszowy.pl\/bip\/zapytanie-ofertowe-2-2021\/","title":{"rendered":"Zapytanie ofertowe 2\/2021"},"content":{"rendered":"\n<p><strong>Zaproszenie do sk\u0142adania ofert<\/strong><\/p>\n<p><br>ZAPYTANIE OFERTOWE NR 2\/2021 z dnia 08.11.2021r.<\/p>\n<p><br><strong>I. ZAMAWIAJ\u0104CY:<\/strong><br>Gmina Bojszowy, ul. Gaikowa 35, 43-220 Bojszowy<br>Odbiorca us\u0142ug \u2013 Centrum Us\u0142ug Spo\u0142ecznych w Bojszowach<br>Tel. (32) 328 93 05<br>faks (32) 328 93 20<br>Adres e-mail: kontakt@cus.bojszowy.pl<\/p>\n<p><br><strong>II. NAZWA I OPIS PRZEDMIOTU ZAM\u00d3WIENIA<\/strong><br>Dzia\u0142aj\u0105c zgodnie z art. 2 ust. 1 pkt 1 ustawy z dnia 11 wrze\u015bnia 2019r. \u201dPrawo zam\u00f3wie\u0144 publicznych\u201d (t. j. Dz. U z 2021 r. poz. 1129 ze zm.), Zamawiaj\u0105cy zaprasza do z\u0142o\u017cenia oferty w post\u0119powaniu ofertowym, kt\u00f3rego przedmiotem jest:<br>\u015awiadczenie us\u0142ug tymczasowego schronienia dla 2 os\u00f3b bezdomnych oraz potrzebuj\u0105cych (\u0142\u0105cznie kobiet i m\u0119\u017cczyzn) w postaci schroniska dla bezdomnych, schroniska dla bezdomnych z us\u0142ugami opieku\u0144czymi, noclegowni lub ogrzewalni.<br>1. Ka\u017cdorazowe umieszczenie osoby bezdomnej lub potrzebuj\u0105cej w schronisku dla bezdomnych, schronisku dla bezdomnych z us\u0142ugami opieku\u0144czymi, noclegowni lub ogrzewalni odbywa si\u0119 na podstawie skierowania i indywidualnej decyzji administracyjnej o umieszczeniu w schronisku, wydanej przez Dyrektora Centrum Us\u0142ug Spo\u0142ecznych w Bojszowach. Decyzje zawiera\u0107 b\u0119d\u0105 m. in.: imi\u0119 i nazwisko \u015bwiadczeniobiorcy, rodzaj us\u0142ugi ze wskazaniem szczeg\u00f3\u0142owego zakresu, okres trwania us\u0142ugi.<br>W szczeg\u00f3lnie uzasadnionych przypadkach dopuszcza si\u0119 rozpocz\u0119cie \u015bwiadczenia us\u0142ugi w oparciu o dane przekazane faksem, telefonicznie lub e-mailem. Takie zlecenie us\u0142ug zostaje potwierdzone kopi\u0105 decyzji administracyjnej w ci\u0105gu 7 dni.<br>2. Podmiot sk\u0142adaj\u0105cy ofert\u0119 na schronisko dla bezdomnych, schronisko dla bezdomnych z us\u0142ugami opieku\u0144czymi zobowi\u0105zany jest do zapewnienia us\u0142ug oraz standardu obiektu okre\u015blonych w za\u0142\u0105czniku nr 2 do Rozporz\u0105dzenia Ministra Rodziny, Pracy i Polityki Spo\u0142ecznej z dnia 27 kwietnia 2018 r. w sprawie minimalnych standard\u00f3w noclegowni, schronisk dla os\u00f3b bezdomnych, schronisk dla os\u00f3b bezdomnych z us\u0142ugami opieku\u0144czymi i ogrzewalni (Dz. U. z 2018 r., poz. 896), prowadzenia pracy socjalnej, w tym motywowania os\u00f3b bezdomnych do podj\u0119cia zatrudnienia oraz podj\u0119cia terapii odwykowej i samopomocy, zapewnienia pomocy w za\u0142atwianiu spraw urz\u0119dowych, ukierunkowanych na wzmocnienie aktywno\u015bci spo\u0142ecznej i uzyskanie samodzielno\u015bci \u017cyciowej, wsp\u00f3\u0142pracy z Centrum Us\u0142ug Spo\u0142ecznych w Bojszowach w zakresie realizacji indywidualnych program\u00f3w wychodzenia z bezdomno\u015bci i zawartych kontrakt\u00f3w socjalnych, pisemnego informowania zamawiaj\u0105cego o wydaleniu z plac\u00f3wki skierowanej osoby &#8211; z podaniem przyczyny, w terminie 4 dni od dnia zdarzenia. <br>3. Podmiot sk\u0142adaj\u0105cy ofert\u0119 na \u015bwiadczenie us\u0142ugi noclegowni, zobowi\u0105zany jest do zapewnienia nast\u0119puj\u0105cego zakresu us\u0142ug: &#8211; czasowej pomocy w postaci miejsca noclegowego, umo\u017cliwiaj\u0105cego sp\u0119dzenie nocy w warunkach gwarantuj\u0105cych ochron\u0119 \u017cycia i zdrowia. <br>4. Podmiot sk\u0142adaj\u0105cy ofert\u0119 na \u015bwiadczenie us\u0142ugi ogrzewalni, zobowi\u0105zany jest do zapewnienia nast\u0119puj\u0105cego zakresu us\u0142ug: &#8211; tymczasowego schronienia umo\u017cliwiaj\u0105cego interwencyjny, bezpieczny pobyt w ogrzewanym pomieszczeniu wyposa\u017conym co najmniej w miejsca siedz\u0105ce.<br>5. Liczba os\u00f3b wymagaj\u0105cych schronienia ze wzgl\u0119du na specyfikacj\u0119 przedmiotu zam\u00f3wienia, faktyczna liczba os\u00f3b, kt\u00f3rym \u015bwiadczone b\u0119d\u0105 us\u0142ugi schronienia oraz liczba \u015bwiadcze\u0144 b\u0119dzie uzale\u017cniona od rzeczywistej liczby os\u00f3b, kt\u00f3re wymagaj\u0105 pomocy w formie us\u0142ug schronienia dla os\u00f3b bezdomnych z terenu Gminy Bojszowy, dlatego zamawiaj\u0105cy zastrzega sobie prawo niewyczerpania ca\u0142ego zakresu przedmiotu zam\u00f3wienia w trakcie realizowania umowy.<br>6. Rozliczenie us\u0142ug przez Wykonawc\u0119 nast\u0119powa\u0107 b\u0119dzie co miesi\u0105c, w terminie do 10 dnia nast\u0119pnego miesi\u0105ca, <br><strong>z wy\u0142\u0105czeniem miesi\u0105ca XII, za kt\u00f3ry rozliczenie nast\u0119powa\u0107 b\u0119dzie do 25 grudnia<\/strong>.<br>6.1. Zap\u0142ata za wykonanie us\u0142ugi b\u0119dzie regulowana miesi\u0119cznie, po wykonaniu us\u0142ugi &#8211; w terminie 14 dni od daty dor\u0119czenia poprawnie wystawionej faktury\/rachunku do CUS.<br>6.2. Podstaw\u0105 rozliczenia b\u0119dzie z\u0142o\u017cenie przez Wykonawc\u0119 faktury\/rachunku z imiennym wykazem os\u00f3b obj\u0119tych schronieniem w danym miesi\u0105cu i ilo\u015bci dni udzielonego schronienia ;<br>7. Wykonawca zobowi\u0105zany b\u0119dzie niezw\u0142ocznie informowa\u0107 Zamawiaj\u0105cego o ka\u017cdej zmianie sytuacji \u017cyciowej i zdrowotnej osoby korzystaj\u0105cej ze schronienia.<br>8. Zamawiaj\u0105cy zastrzega sobie prawo kontroli jako\u015bci \u015bwiadczonych us\u0142ug oraz zgodno\u015bci ich wykonywania z umow\u0105 i wymaganiami zawartymi w niniejszym zapytaniu.<br>9. Termin realizacji zam\u00f3wienia: <strong>od 03.01.2022r. do 31.12.2022r.<\/strong><br>10. Opis wymaga\u0144 stawianych Wykonawcy:<br>&#8211; wymagania niezb\u0119dne : w post\u0119powaniu ofertowym mog\u0105 bra\u0107 udzia\u0142 podmioty, je\u017celi ich cele statutowe obejmuj\u0105 prowadzenie dzia\u0142alno\u015bci w zakresie pomocy osobom bezdomnym i wpisane s\u0105 do rejestru plac\u00f3wek udzielaj\u0105cych tymczasowego schronienia prowadzonego przez wojewod\u0119. Warunek zostanie spe\u0142niony, je\u017celi Wykonawca z\u0142o\u017cy o\u015bwiadczenie, stanowi\u0105ce Za\u0142\u0105cznik nr 5 do niniejszego zapytania ofertowego .<br>10.1. Warunki i zakres realizacji :<br>&nbsp;&nbsp;&nbsp;&nbsp; 1. Miejscem realizacji zam\u00f3wienia jest miejsce udzielenia schronienia,<br>&nbsp;&nbsp;&nbsp;&nbsp; 2. Stawk\u0119 dzienn\u0105 nale\u017cy poda\u0107 w \u201eFormularzu ofertowym\u201d (odpowiednio za\u0142\u0105cznik nr 1, nr 2, nr 3, nr 4),<br>&nbsp;&nbsp;&nbsp;&nbsp; 3. Wykonawca okre\u015bli stawk\u0119 brutto za wykonanie przedmiotowego zadania.<br>10.2. Pozosta\u0142e warunki realizacji zadania okre\u015blone zosta\u0142y w tre\u015bci umowy (za\u0142\u0105cznik nr 6).<br><br><strong>III KRYTERIA WYBORU OFERTY:<\/strong><br>Cena &#8211; za pobyt jednej osoby za 1 dzie\u0144.<br>Zamawiaj\u0105cy wybierze ofert\u0119 wykonawcy, kt\u00f3ry zaproponuje najni\u017csz\u0105 cen\u0119 od osoby za 1 dzie\u0144 pobytu.<br>1. Spos\u00f3b przygotowania oferty :<br>&#8211; wype\u0142niony formularz ofertowy odpowiednio wg z\u0142\u0105cznika nr 1, nr 2, nr 3, nr 4 \u2013 wz\u00f3r oferty.<br>2. Wymagane dokumenty :<br>&#8211; odpis z Krajowego Rejestru S\u0105dowego (je\u017celi dotyczy) lub inny dokument stanowi\u0105cy podstaw\u0119 dzia\u0142alno\u015bci podmiotu (m. in. wydruk z CEIDG);<br>&#8211; dla podmiot\u00f3w dzia\u0142aj\u0105cych na podstawie przepis\u00f3w o stosunku Pa\u0144stwa do Ko\u015bcio\u0142a Katolickiego oraz do innych ko\u015bcio\u0142\u00f3w i zwi\u0105zk\u00f3w wyznaniowych, obowi\u0105zkowym dokumentem jest kopia dekretu o mianowaniu ksi\u0119dza na proboszcza parafii, pe\u0142nomocnictwo lub upowa\u017cnienie zarz\u0105du g\u0142\u00f3wnego, wydane dla os\u00f3b go reprezentuj\u0105cych z oddzia\u0142\u00f3w terenowych nieposiadaj\u0105cych osobowo\u015bci prawnej ,<br>&#8211; dokument zawieraj\u0105cy upowa\u017cnienie do reprezentowania podmiotu w zakresie z\u0142o\u017cenia oferty oraz zawarcia w imieniu podmiotu sk\u0142adaj\u0105cego ofert\u0119 umowy z Gmin\u0105 Bojszowy \u2013 dot. podmiot\u00f3w, kt\u00f3re w dokumencie stanowi\u0105cym podstaw\u0119 dzia\u0142alno\u015bci nie posiadaj\u0105 informacji o osobach upowa\u017cnionych do ich reprezentowania.<br>3. Miejsce i termin z\u0142o\u017cenia ofert<br>Oferty mo\u017cna sk\u0142ada\u0107 w nast\u0119puj\u0105cy spos\u00f3b :<br>a) drog\u0105 elektroniczn\u0105 na adres e\u2010 mail : kontakt@cus.bojszowy.pl<br>b) drog\u0105 pocztow\u0105 na adres: Centrum Us\u0142ug Spo\u0142ecznych w Bojszowach, ul. Sierpowa 38, 43-220 \u015awierczyniec z dopiskiem <strong>\u201e\u015awiadczenie us\u0142ug tymczasowego schronienia dla os\u00f3b bezdomnych oraz potrzebuj\u0105cych w postaci schroniska dla bezdomnych, schroniska dla bezdomnych z us\u0142ugami opieku\u0144czymi, noclegowni lub ogrzewalni\u201d<\/strong>.<br><strong>Oferty nale\u017cy sk\u0142ada\u0107 do 30.11.2021r. do godz. 13.00.<\/strong><br>Rozstrzygni\u0119cie ofert nast\u0105pi w termie 14 dni roboczych i zostanie opublikowane na stronie internetowej zamawiaj\u0105cego.<br>Aplikacje, kt\u00f3re wp\u0142yn\u0105 po w\/w terminie nie b\u0119d\u0105 rozpatrywane.<br>4. Osoba do kontaktu w przedmiotowej sprawie:<br>Imi\u0119 i Nazwisko : Amelia Tatoj<br>Tel. 32 328 93 05; e\u2010mail: kontakt@cus.bojszowy.pl<\/p>\n<p>Za\u0142\u0105czniki :<br><a href=\"https:\/\/cus.bojszowy.pl\/bip\/wp-content\/uploads\/sites\/2\/2021\/11\/zal-1.pdf\">Za\u0142\u0105cznik nr 1<\/a><br><a href=\"https:\/\/cus.bojszowy.pl\/bip\/wp-content\/uploads\/sites\/2\/2021\/11\/zal-2.pdf\">Za\u0142\u0105cznik nr 2<\/a><br><a href=\"https:\/\/cus.bojszowy.pl\/bip\/wp-content\/uploads\/sites\/2\/2021\/11\/zal-3.pdf\">Za\u0142\u0105cznik nr 3<\/a><br><a href=\"https:\/\/cus.bojszowy.pl\/bip\/wp-content\/uploads\/sites\/2\/2021\/11\/zal-4.pdf\">Za\u0142\u0105cznik nr 4<\/a><br><a href=\"https:\/\/cus.bojszowy.pl\/bip\/wp-content\/uploads\/sites\/2\/2021\/11\/zal-5.pdf\">Za\u0142\u0105cznik nr 5<\/a><br><a href=\"https:\/\/cus.bojszowy.pl\/bip\/wp-content\/uploads\/sites\/2\/2021\/11\/zal-6.pdf\">Za\u0142\u0105cznik nr 6<\/a><\/p>\n","protected":false},"excerpt":{"rendered":"Zaproszenie do sk\u0142adania ofert ZAPYTANIE OFERTOWE NR 2\/2021 z dnia 08.11.2021r. I. ZAMAWIAJ\u0104CY:Gmina Bojszowy, ul. Gaikowa 35, 43-220 BojszowyOdbiorca us\u0142ug \u2013 Centrum Us\u0142ug Spo\u0142ecznych w BojszowachTel. (32) 328 93 05faks (32) 328 93 20Adres e-mail: kontakt@cus.bojszowy.pl II. NAZWA I OPIS PRZEDMIOTU ZAM\u00d3WIENIADzia\u0142aj\u0105c zgodnie z art. 2 ust. 1 pkt 1 ustawy z dnia 11 wrze\u015bnia&hellip;","protected":false},"author":6,"featured_media":0,"parent":0,"menu_order":0,"comment_status":"closed","ping_status":"closed","template":"","meta":{"ngg_post_thumbnail":0,"footnotes":""},"class_list":["post-2646","page","type-page","status-publish","hentry","description-off"],"_links":{"self":[{"href":"https:\/\/cus.bojszowy.pl\/bip\/wp-json\/wp\/v2\/pages\/2646","targetHints":{"allow":["GET"]}}],"collection":[{"href":"https:\/\/cus.bojszowy.pl\/bip\/wp-json\/wp\/v2\/pages"}],"about":[{"href":"https:\/\/cus.bojszowy.pl\/bip\/wp-json\/wp\/v2\/types\/page"}],"author":[{"embeddable":true,"href":"https:\/\/cus.bojszowy.pl\/bip\/wp-json\/wp\/v2\/users\/6"}],"replies":[{"embeddable":true,"href":"https:\/\/cus.bojszowy.pl\/bip\/wp-json\/wp\/v2\/comments?post=2646"}],"version-history":[{"count":2,"href":"https:\/\/cus.bojszowy.pl\/bip\/wp-json\/wp\/v2\/pages\/2646\/revisions"}],"predecessor-version":[{"id":2650,"href":"https:\/\/cus.bojszowy.pl\/bip\/wp-json\/wp\/v2\/pages\/2646\/revisions\/2650"}],"wp:attachment":[{"href":"https:\/\/cus.bojszowy.pl\/bip\/wp-json\/wp\/v2\/media?parent=2646"}],"curies":[{"name":"wp","href":"https:\/\/api.w.org\/{rel}","templated":true}]}}