{"id":2672,"date":"2022-03-07T14:16:22","date_gmt":"2022-03-07T13:16:22","guid":{"rendered":"https:\/\/cus.bojszowy.pl\/bip\/?page_id=2672"},"modified":"2022-03-21T14:39:47","modified_gmt":"2022-03-21T13:39:47","slug":"zapytanie-ofertowe-1-2022","status":"publish","type":"page","link":"https:\/\/cus.bojszowy.pl\/bip\/zapytanie-ofertowe-1-2022\/","title":{"rendered":"Zapytanie ofertowe 1\/2022"},"content":{"rendered":"\n<p><a href=\"https:\/\/cus.bojszowy.pl\/bip\/wp-content\/uploads\/sites\/2\/2022\/03\/Zapytanie-ofertowe-1.ZO_.CUS_.2022.pdf\">Zapytanie ofertowe nr 1\/ZO\/CUS\/2022<\/a><\/p>\n<p><a href=\"https:\/\/cus.bojszowy.pl\/bip\/wp-content\/uploads\/sites\/2\/2022\/03\/Zalacznik-nr-1-1.ZO_.CUS_.2022.pdf\">Za\u0142\u0105cznik nr 1<\/a><\/p>\n<p><a href=\"https:\/\/cus.bojszowy.pl\/bip\/wp-content\/uploads\/sites\/2\/2022\/03\/Zalacznik-nr-2-1.ZO_.CUS_.2022.pdf\">Za\u0142\u0105cznik nr 2<\/a><\/p>\n<p><a href=\"https:\/\/cus.bojszowy.pl\/bip\/wp-content\/uploads\/sites\/2\/2022\/03\/Zalacznik-nr-3-1.ZO_.CUS_.2022.pdf\">Za\u0142\u0105cznik nr 3<\/a><\/p>\n<p><a href=\"https:\/\/cus.bojszowy.pl\/bip\/wp-content\/uploads\/sites\/2\/2022\/03\/K.0132.15.2022-CUS.pdf\">Odpowied\u017a na pytanie z dnia 14.03.2022r.<\/a><\/p>\n<p><a href=\"https:\/\/cus.bojszowy.pl\/bip\/wp-content\/uploads\/sites\/2\/2022\/03\/informacja-z-otwarcia-ofert.pdf\">Informacja z otwarcia ofert<\/a><\/p>\n<p><a href=\"https:\/\/cus.bojszowy.pl\/bip\/wp-content\/uploads\/sites\/2\/2022\/03\/anulowanie-zapytania.pdf\">Uniewa\u017cnienie post\u0119powania<\/a><\/p>\n","protected":false},"excerpt":{"rendered":"Zapytanie ofertowe nr 1\/ZO\/CUS\/2022 Za\u0142\u0105cznik nr 1 Za\u0142\u0105cznik nr 2 Za\u0142\u0105cznik nr 3 Odpowied\u017a na pytanie z dnia 14.03.2022r. Informacja z otwarcia ofert Uniewa\u017cnienie post\u0119powania","protected":false},"author":6,"featured_media":0,"parent":0,"menu_order":0,"comment_status":"closed","ping_status":"closed","template":"","meta":{"ngg_post_thumbnail":0,"footnotes":""},"class_list":["post-2672","page","type-page","status-publish","hentry","description-off"],"_links":{"self":[{"href":"https:\/\/cus.bojszowy.pl\/bip\/wp-json\/wp\/v2\/pages\/2672","targetHints":{"allow":["GET"]}}],"collection":[{"href":"https:\/\/cus.bojszowy.pl\/bip\/wp-json\/wp\/v2\/pages"}],"about":[{"href":"https:\/\/cus.bojszowy.pl\/bip\/wp-json\/wp\/v2\/types\/page"}],"author":[{"embeddable":true,"href":"https:\/\/cus.bojszowy.pl\/bip\/wp-json\/wp\/v2\/users\/6"}],"replies":[{"embeddable":true,"href":"https:\/\/cus.bojszowy.pl\/bip\/wp-json\/wp\/v2\/comments?post=2672"}],"version-history":[{"count":5,"href":"https:\/\/cus.bojszowy.pl\/bip\/wp-json\/wp\/v2\/pages\/2672\/revisions"}],"predecessor-version":[{"id":2690,"href":"https:\/\/cus.bojszowy.pl\/bip\/wp-json\/wp\/v2\/pages\/2672\/revisions\/2690"}],"wp:attachment":[{"href":"https:\/\/cus.bojszowy.pl\/bip\/wp-json\/wp\/v2\/media?parent=2672"}],"curies":[{"name":"wp","href":"https:\/\/api.w.org\/{rel}","templated":true}]}}