{"id":2691,"date":"2022-03-21T14:42:57","date_gmt":"2022-03-21T13:42:57","guid":{"rendered":"https:\/\/cus.bojszowy.pl\/bip\/?page_id=2691"},"modified":"2022-03-30T15:16:34","modified_gmt":"2022-03-30T13:16:34","slug":"zapytanie-ofertowe-2-2022","status":"publish","type":"page","link":"https:\/\/cus.bojszowy.pl\/bip\/zapytanie-ofertowe-2-2022\/","title":{"rendered":"Zapytanie ofertowe 2\/2022"},"content":{"rendered":"\n<p data-wahfont=\"14\"><a href=\"https:\/\/cus.bojszowy.pl\/bip\/wp-content\/uploads\/sites\/2\/2022\/03\/Zapytanie-ofertowe-2.ZO_.CUS_.2022.pdf\" data-wahfont=\"14\">Zapytanie ofertowe nr 2\/ZO\/CUS\/2022<\/a><\/p>\n<p data-wahfont=\"14\"><a href=\"https:\/\/cus.bojszowy.pl\/bip\/wp-content\/uploads\/sites\/2\/2022\/03\/Zalacznik-nr-1-2.ZO_.CUS_.2022.pdf\" data-wahfont=\"14\">Za\u0142\u0105cznik nr 1<\/a><\/p>\n<p data-wahfont=\"14\"><a href=\"https:\/\/cus.bojszowy.pl\/bip\/wp-content\/uploads\/sites\/2\/2022\/03\/Zalacznik-nr-2-2.ZO_.CUS_.2022.pdf\" data-wahfont=\"14\">Za\u0142\u0105cznik nr 2<\/a><\/p>\n<p data-wahfont=\"14\"><a href=\"https:\/\/cus.bojszowy.pl\/bip\/wp-content\/uploads\/sites\/2\/2022\/03\/Zalacznik-nr-3-2.ZO_.CUS_.2022.pdf\" data-wahfont=\"14\">Za\u0142\u0105cznik nr 3<\/a><\/p>\n<p data-wahfont=\"14\"><a href=\"https:\/\/cus.bojszowy.pl\/bip\/wp-content\/uploads\/sites\/2\/2022\/03\/Informacja-z-otw.-ofert.pdf\">Informacja z otwarcia ofert<\/a><\/p>\n<p data-wahfont=\"14\"><a href=\"https:\/\/cus.bojszowy.pl\/bip\/wp-content\/uploads\/sites\/2\/2022\/03\/scan_20220330135256.pdf\">Informacja o wyborze najkorzystniejszej oferty<\/a><\/p>\n","protected":false},"excerpt":{"rendered":"Zapytanie ofertowe nr 2\/ZO\/CUS\/2022 Za\u0142\u0105cznik nr 1 Za\u0142\u0105cznik nr 2 Za\u0142\u0105cznik nr 3 Informacja z otwarcia ofert Informacja o wyborze najkorzystniejszej oferty","protected":false},"author":6,"featured_media":0,"parent":0,"menu_order":0,"comment_status":"closed","ping_status":"closed","template":"","meta":{"ngg_post_thumbnail":0,"footnotes":""},"class_list":["post-2691","page","type-page","status-publish","hentry","description-off"],"_links":{"self":[{"href":"https:\/\/cus.bojszowy.pl\/bip\/wp-json\/wp\/v2\/pages\/2691","targetHints":{"allow":["GET"]}}],"collection":[{"href":"https:\/\/cus.bojszowy.pl\/bip\/wp-json\/wp\/v2\/pages"}],"about":[{"href":"https:\/\/cus.bojszowy.pl\/bip\/wp-json\/wp\/v2\/types\/page"}],"author":[{"embeddable":true,"href":"https:\/\/cus.bojszowy.pl\/bip\/wp-json\/wp\/v2\/users\/6"}],"replies":[{"embeddable":true,"href":"https:\/\/cus.bojszowy.pl\/bip\/wp-json\/wp\/v2\/comments?post=2691"}],"version-history":[{"count":4,"href":"https:\/\/cus.bojszowy.pl\/bip\/wp-json\/wp\/v2\/pages\/2691\/revisions"}],"predecessor-version":[{"id":2744,"href":"https:\/\/cus.bojszowy.pl\/bip\/wp-json\/wp\/v2\/pages\/2691\/revisions\/2744"}],"wp:attachment":[{"href":"https:\/\/cus.bojszowy.pl\/bip\/wp-json\/wp\/v2\/media?parent=2691"}],"curies":[{"name":"wp","href":"https:\/\/api.w.org\/{rel}","templated":true}]}}