{"id":2757,"date":"2022-05-23T08:57:29","date_gmt":"2022-05-23T06:57:29","guid":{"rendered":"https:\/\/cus.bojszowy.pl\/bip\/?page_id=2757"},"modified":"2022-05-23T08:57:32","modified_gmt":"2022-05-23T06:57:32","slug":"sprawozdawczosc-za-rok-2021","status":"publish","type":"page","link":"https:\/\/cus.bojszowy.pl\/bip\/sprawozdawczosc-za-rok-2021\/","title":{"rendered":"Sprawozdawczo\u015b\u0107 za rok 2021"},"content":{"rendered":"\n<p><a href=\"https:\/\/cus.bojszowy.pl\/bip\/wp-content\/uploads\/sites\/2\/2022\/05\/CCF18052022_0001.pdf\">Sprawozdawczo\u015b\u0107 Centrum Us\u0142ug Spo\u0142ecznych w Bojszowach za rok 2021<\/a><\/p>\n","protected":false},"excerpt":{"rendered":"Sprawozdawczo\u015b\u0107 Centrum Us\u0142ug Spo\u0142ecznych w Bojszowach za rok 2021","protected":false},"author":6,"featured_media":0,"parent":0,"menu_order":0,"comment_status":"closed","ping_status":"closed","template":"","meta":{"ngg_post_thumbnail":0,"footnotes":""},"class_list":["post-2757","page","type-page","status-publish","hentry","description-off"],"_links":{"self":[{"href":"https:\/\/cus.bojszowy.pl\/bip\/wp-json\/wp\/v2\/pages\/2757","targetHints":{"allow":["GET"]}}],"collection":[{"href":"https:\/\/cus.bojszowy.pl\/bip\/wp-json\/wp\/v2\/pages"}],"about":[{"href":"https:\/\/cus.bojszowy.pl\/bip\/wp-json\/wp\/v2\/types\/page"}],"author":[{"embeddable":true,"href":"https:\/\/cus.bojszowy.pl\/bip\/wp-json\/wp\/v2\/users\/6"}],"replies":[{"embeddable":true,"href":"https:\/\/cus.bojszowy.pl\/bip\/wp-json\/wp\/v2\/comments?post=2757"}],"version-history":[{"count":1,"href":"https:\/\/cus.bojszowy.pl\/bip\/wp-json\/wp\/v2\/pages\/2757\/revisions"}],"predecessor-version":[{"id":2760,"href":"https:\/\/cus.bojszowy.pl\/bip\/wp-json\/wp\/v2\/pages\/2757\/revisions\/2760"}],"wp:attachment":[{"href":"https:\/\/cus.bojszowy.pl\/bip\/wp-json\/wp\/v2\/media?parent=2757"}],"curies":[{"name":"wp","href":"https:\/\/api.w.org\/{rel}","templated":true}]}}