{"id":2786,"date":"2022-06-15T15:03:47","date_gmt":"2022-06-15T13:03:47","guid":{"rendered":"https:\/\/cus.bojszowy.pl\/bip\/?page_id=2786"},"modified":"2022-06-15T15:31:17","modified_gmt":"2022-06-15T13:31:17","slug":"konkursy-ofert-na-rok-2022","status":"publish","type":"page","link":"https:\/\/cus.bojszowy.pl\/bip\/konkursy-ofert-na-rok-2022\/","title":{"rendered":"Konkursy ofert na rok 2022"},"content":{"rendered":"\n\n\n<p><a href=\"https:\/\/cus.bojszowy.pl\/bip\/wp-content\/uploads\/sites\/2\/2022\/06\/Scan1.pdf\">Zarz\u0105dzenie w sprawie og\u0142oszenia otwartego konkursu ofert<\/a><\/p>\n<p><a href=\"https:\/\/cus.bojszowy.pl\/bip\/wp-content\/uploads\/sites\/2\/2022\/06\/Scan2.pdf\">Og\u0142oszenie otwartego konkursu ofert<\/a><\/p>\n<p><a href=\"https:\/\/cus.bojszowy.pl\/bip\/wp-content\/uploads\/sites\/2\/2022\/06\/Scan3.pdf\">Zarz\u0105dzenie w sprawie powo\u0142ania komisji konkursowej<\/a><\/p>\n<p><a href=\"https:\/\/cus.bojszowy.pl\/bip\/wp-content\/uploads\/sites\/2\/2022\/06\/wzor-sprawozdania.pdf\">Wz\u00f3r sprawozdania<\/a><\/p>\n<p><a href=\"https:\/\/cus.bojszowy.pl\/bip\/wp-content\/uploads\/sites\/2\/2022\/06\/wzor-oferty.pdf\">Wz\u00f3r oferty<\/a><\/p>\n<p>&nbsp;<\/p>\n","protected":false},"excerpt":{"rendered":"Zarz\u0105dzenie w sprawie og\u0142oszenia otwartego konkursu ofert Og\u0142oszenie otwartego konkursu ofert Zarz\u0105dzenie w sprawie powo\u0142ania komisji konkursowej Wz\u00f3r sprawozdania Wz\u00f3r oferty &nbsp;","protected":false},"author":6,"featured_media":0,"parent":0,"menu_order":0,"comment_status":"closed","ping_status":"closed","template":"","meta":{"ngg_post_thumbnail":0,"footnotes":""},"class_list":["post-2786","page","type-page","status-publish","hentry","description-off"],"_links":{"self":[{"href":"https:\/\/cus.bojszowy.pl\/bip\/wp-json\/wp\/v2\/pages\/2786","targetHints":{"allow":["GET"]}}],"collection":[{"href":"https:\/\/cus.bojszowy.pl\/bip\/wp-json\/wp\/v2\/pages"}],"about":[{"href":"https:\/\/cus.bojszowy.pl\/bip\/wp-json\/wp\/v2\/types\/page"}],"author":[{"embeddable":true,"href":"https:\/\/cus.bojszowy.pl\/bip\/wp-json\/wp\/v2\/users\/6"}],"replies":[{"embeddable":true,"href":"https:\/\/cus.bojszowy.pl\/bip\/wp-json\/wp\/v2\/comments?post=2786"}],"version-history":[{"count":2,"href":"https:\/\/cus.bojszowy.pl\/bip\/wp-json\/wp\/v2\/pages\/2786\/revisions"}],"predecessor-version":[{"id":2795,"href":"https:\/\/cus.bojszowy.pl\/bip\/wp-json\/wp\/v2\/pages\/2786\/revisions\/2795"}],"wp:attachment":[{"href":"https:\/\/cus.bojszowy.pl\/bip\/wp-json\/wp\/v2\/media?parent=2786"}],"curies":[{"name":"wp","href":"https:\/\/api.w.org\/{rel}","templated":true}]}}