{"id":2800,"date":"2022-11-16T09:14:57","date_gmt":"2022-11-16T08:14:57","guid":{"rendered":"https:\/\/cus.bojszowy.pl\/bip\/?page_id=2800"},"modified":"2022-12-14T14:56:12","modified_gmt":"2022-12-14T13:56:12","slug":"zapytanie-ofertowe-6-2022","status":"publish","type":"page","link":"https:\/\/cus.bojszowy.pl\/bip\/zapytanie-ofertowe-6-2022\/","title":{"rendered":"Zapytanie ofertowe 6\/2022"},"content":{"rendered":"\n\n\n<p><a href=\"https:\/\/cus.bojszowy.pl\/wp-content\/uploads\/2022\/11\/zapytanie-ofertowe-6ZOCUS2022.pdf\">Zapytanie ofertowe nr 6\/ZO\/CUS\/2022<\/a><\/p>\n<p><a href=\"https:\/\/cus.bojszowy.pl\/wp-content\/uploads\/2022\/11\/zalacznik-nr-1.pdf\">Za\u0142\u0105cznik nr 1<\/a><\/p>\n<p><a href=\"https:\/\/cus.bojszowy.pl\/wp-content\/uploads\/2022\/11\/zalacznik-nr-2.pdf\">Za\u0142\u0105cznik nr 2<\/a><\/p>\n<p><a href=\"https:\/\/cus.bojszowy.pl\/wp-content\/uploads\/2022\/11\/zalacznik-nr-3.pdf\">Za\u0142\u0105cznik nr 3<\/a><\/p>\n<p><a href=\"https:\/\/cus.bojszowy.pl\/wp-content\/uploads\/2022\/11\/zalacznik-nr-4.pdf\">Za\u0142\u0105cznik nr 4<\/a><\/p>\n<p><a href=\"https:\/\/cus.bojszowy.pl\/wp-content\/uploads\/2022\/11\/zalacznik-nr-5.pdf\">Za\u0142\u0105cznik nr 5<\/a><\/p>\n<p><a href=\"https:\/\/cus.bojszowy.pl\/wp-content\/uploads\/2022\/11\/zalacznik-nr-6.pdf\">Za\u0142\u0105cznik nr 6<\/a><\/p>\n<p><a href=\"https:\/\/cus.bojszowy.pl\/bip\/wp-content\/uploads\/sites\/2\/2022\/12\/SKM_C335122121414120.pdf\">Informacja z otwarcia ofert<\/a><\/p>\n<p><a href=\"https:\/\/cus.bojszowy.pl\/bip\/wp-content\/uploads\/sites\/2\/2022\/12\/SKM_C335122121414110.pdf\">Zawiadomienie o wyborze najkorzystniejszej oferty<\/a><\/p>\n","protected":false},"excerpt":{"rendered":"Zapytanie ofertowe nr 6\/ZO\/CUS\/2022 Za\u0142\u0105cznik nr 1 Za\u0142\u0105cznik nr 2 Za\u0142\u0105cznik nr 3 Za\u0142\u0105cznik nr 4 Za\u0142\u0105cznik nr 5 Za\u0142\u0105cznik nr 6 Informacja z otwarcia ofert Zawiadomienie o wyborze najkorzystniejszej oferty","protected":false},"author":6,"featured_media":0,"parent":0,"menu_order":0,"comment_status":"closed","ping_status":"closed","template":"","meta":{"ngg_post_thumbnail":0,"footnotes":""},"class_list":["post-2800","page","type-page","status-publish","hentry","description-off"],"_links":{"self":[{"href":"https:\/\/cus.bojszowy.pl\/bip\/wp-json\/wp\/v2\/pages\/2800","targetHints":{"allow":["GET"]}}],"collection":[{"href":"https:\/\/cus.bojszowy.pl\/bip\/wp-json\/wp\/v2\/pages"}],"about":[{"href":"https:\/\/cus.bojszowy.pl\/bip\/wp-json\/wp\/v2\/types\/page"}],"author":[{"embeddable":true,"href":"https:\/\/cus.bojszowy.pl\/bip\/wp-json\/wp\/v2\/users\/6"}],"replies":[{"embeddable":true,"href":"https:\/\/cus.bojszowy.pl\/bip\/wp-json\/wp\/v2\/comments?post=2800"}],"version-history":[{"count":3,"href":"https:\/\/cus.bojszowy.pl\/bip\/wp-json\/wp\/v2\/pages\/2800\/revisions"}],"predecessor-version":[{"id":2815,"href":"https:\/\/cus.bojszowy.pl\/bip\/wp-json\/wp\/v2\/pages\/2800\/revisions\/2815"}],"wp:attachment":[{"href":"https:\/\/cus.bojszowy.pl\/bip\/wp-json\/wp\/v2\/media?parent=2800"}],"curies":[{"name":"wp","href":"https:\/\/api.w.org\/{rel}","templated":true}]}}