{"id":2806,"date":"2022-12-01T10:03:47","date_gmt":"2022-12-01T09:03:47","guid":{"rendered":"https:\/\/cus.bojszowy.pl\/bip\/?page_id=2806"},"modified":"2022-12-19T13:57:31","modified_gmt":"2022-12-19T12:57:31","slug":"zapytanie-ofertowe-7-2022","status":"publish","type":"page","link":"https:\/\/cus.bojszowy.pl\/bip\/zapytanie-ofertowe-7-2022\/","title":{"rendered":"Zapytanie ofertowe 7\/2022"},"content":{"rendered":"\n\n\n<p><a href=\"https:\/\/cus.bojszowy.pl\/bip\/wp-content\/uploads\/sites\/2\/2022\/12\/zapytanie-ofertowe.pdf\">Zapytanie ofertowe nr 7\/ZO\/CUS\/2022 z dnia 2022-12-01<\/a><\/p>\n<p><a href=\"https:\/\/cus.bojszowy.pl\/bip\/wp-content\/uploads\/sites\/2\/2022\/12\/Zalacznik-Nr-1.pdf\">Za\u0142\u0105cznik nr 1<\/a><\/p>\n<p><a href=\"https:\/\/cus.bojszowy.pl\/bip\/wp-content\/uploads\/sites\/2\/2022\/12\/Zalacznik-Nr-2.pdf\">Za\u0142\u0105cznik nr 2<\/a><\/p>\n<p><a href=\"https:\/\/cus.bojszowy.pl\/bip\/wp-content\/uploads\/sites\/2\/2022\/12\/Zalacznik-Nr-3.pdf\">Za\u0142\u0105cznik nr 3<\/a><\/p>\n<p data-wahfont=\"14\"><a href=\"https:\/\/cus.bojszowy.pl\/bip\/wp-content\/uploads\/sites\/2\/2022\/12\/SKM_C335122121913141.pdf\" data-wahfont=\"14\">Informacja z otwarcia ofert<\/a><\/p>\n<p data-wahfont=\"14\"><a href=\"https:\/\/cus.bojszowy.pl\/bip\/wp-content\/uploads\/sites\/2\/2022\/12\/SKM_C335122121913140.pdf\" data-wahfont=\"14\">Zawiadomienie o wyborze najkorzystniejszej oferty<\/a><\/p>\n","protected":false},"excerpt":{"rendered":"Zapytanie ofertowe nr 7\/ZO\/CUS\/2022 z dnia 2022-12-01 Za\u0142\u0105cznik nr 1 Za\u0142\u0105cznik nr 2 Za\u0142\u0105cznik nr 3 Informacja z otwarcia ofert Zawiadomienie o wyborze najkorzystniejszej oferty","protected":false},"author":6,"featured_media":0,"parent":0,"menu_order":0,"comment_status":"closed","ping_status":"closed","template":"","meta":{"ngg_post_thumbnail":0,"footnotes":""},"class_list":["post-2806","page","type-page","status-publish","hentry","description-off"],"_links":{"self":[{"href":"https:\/\/cus.bojszowy.pl\/bip\/wp-json\/wp\/v2\/pages\/2806","targetHints":{"allow":["GET"]}}],"collection":[{"href":"https:\/\/cus.bojszowy.pl\/bip\/wp-json\/wp\/v2\/pages"}],"about":[{"href":"https:\/\/cus.bojszowy.pl\/bip\/wp-json\/wp\/v2\/types\/page"}],"author":[{"embeddable":true,"href":"https:\/\/cus.bojszowy.pl\/bip\/wp-json\/wp\/v2\/users\/6"}],"replies":[{"embeddable":true,"href":"https:\/\/cus.bojszowy.pl\/bip\/wp-json\/wp\/v2\/comments?post=2806"}],"version-history":[{"count":4,"href":"https:\/\/cus.bojszowy.pl\/bip\/wp-json\/wp\/v2\/pages\/2806\/revisions"}],"predecessor-version":[{"id":2829,"href":"https:\/\/cus.bojszowy.pl\/bip\/wp-json\/wp\/v2\/pages\/2806\/revisions\/2829"}],"wp:attachment":[{"href":"https:\/\/cus.bojszowy.pl\/bip\/wp-json\/wp\/v2\/media?parent=2806"}],"curies":[{"name":"wp","href":"https:\/\/api.w.org\/{rel}","templated":true}]}}