{"id":2842,"date":"2023-01-18T13:38:37","date_gmt":"2023-01-18T12:38:37","guid":{"rendered":"https:\/\/cus.bojszowy.pl\/bip\/?page_id=2842"},"modified":"2023-11-07T13:22:38","modified_gmt":"2023-11-07T12:22:38","slug":"konkursy-ofert-na-rok-2023","status":"publish","type":"page","link":"https:\/\/cus.bojszowy.pl\/bip\/konkursy-ofert-na-rok-2023\/","title":{"rendered":"Konkursy ofert na rok 2023"},"content":{"rendered":"\n<p data-wahfont=\"14\">&nbsp;<\/p>\n<p data-wahfont=\"14\">&nbsp;<\/p>\n<p data-wahfont=\"14\">&nbsp;<\/p>\n<p data-wahfont=\"14\">MAJ 2023<\/p>\n<p data-wahfont=\"14\"><a href=\"https:\/\/cus.bojszowy.pl\/bip\/wp-content\/uploads\/sites\/2\/2023\/05\/Zarzadzenie.pdf\">Zarz\u0105dzenie w sprawie og\u0142oszenia otwartego konkursu ofert<\/a><\/p>\n<p data-wahfont=\"14\"><a href=\"https:\/\/cus.bojszowy.pl\/bip\/wp-content\/uploads\/sites\/2\/2023\/05\/Ogloszenie-otwartego-konkursu-ofert.pdf\">Og\u0142oszenie otwartego konkursu ofert<\/a><\/p>\n<p data-wahfont=\"14\"><a href=\"https:\/\/cus.bojszowy.pl\/bip\/wp-content\/uploads\/sites\/2\/2022\/06\/wzor-sprawozdania.pdf\" data-wahfont=\"14\">Wz\u00f3r sprawozdania<\/a><\/p>\n<p data-wahfont=\"14\"><a href=\"https:\/\/cus.bojszowy.pl\/bip\/wp-content\/uploads\/sites\/2\/2023\/01\/wzor-oferty5.pdf\" data-wahfont=\"14\">Wz\u00f3r oferty<\/a><\/p>\n<p data-wahfont=\"14\"><a href=\"https:\/\/cus.bojszowy.pl\/bip\/wp-content\/uploads\/sites\/2\/2023\/06\/SKM_C454e23061914471.pdf\">Wyniki konkursu<\/a><\/p>\n<p data-wahfont=\"14\">&nbsp;<\/p>\n<p data-wahfont=\"14\">LUTY 2023<\/p>\n<p data-wahfont=\"14\"><a href=\"https:\/\/cus.bojszowy.pl\/bip\/wp-content\/uploads\/sites\/2\/2023\/02\/SKM_C335123021613050.pdf\">Zarz\u0105dzenie w sprawie og\u0142oszenia otwartego konkursu ofert<\/a><\/p>\n<p data-wahfont=\"14\"><a href=\"https:\/\/cus.bojszowy.pl\/bip\/wp-content\/uploads\/sites\/2\/2023\/02\/SKM_C335123021613080.pdf\">Og\u0142oszenie otwartego konkursu ofert<\/a><\/p>\n<p data-wahfont=\"14\"><a href=\"https:\/\/cus.bojszowy.pl\/bip\/wp-content\/uploads\/sites\/2\/2022\/06\/wzor-sprawozdania.pdf\" data-wahfont=\"14\">Wz\u00f3r sprawozdania<\/a><\/p>\n<p data-wahfont=\"14\"><a href=\"https:\/\/cus.bojszowy.pl\/bip\/wp-content\/uploads\/sites\/2\/2023\/01\/wzor-oferty5.pdf\" data-wahfont=\"14\">Wz\u00f3r oferty<\/a><\/p>\n<p data-wahfont=\"14\"><a href=\"https:\/\/cus.bojszowy.pl\/bip\/wp-content\/uploads\/sites\/2\/2023\/04\/wyniki-konkursu-PUS.pdf\">Wyniki konkursu<\/a><\/p>\n<p data-wahfont=\"14\">&nbsp;<\/p>\n<p data-wahfont=\"14\">STYCZE\u0143 2023<\/p>\n<p data-wahfont=\"14\"><a href=\"https:\/\/cus.bojszowy.pl\/bip\/wp-content\/uploads\/sites\/2\/2023\/11\/Zarzadzenie-nr-1.pdf\" data-wahfont=\"14\">Zarz\u0105dzenie w sprawie og\u0142oszenia otwartego konkursu ofert<\/a><\/p>\n<p data-wahfont=\"14\"><a href=\"https:\/\/cus.bojszowy.pl\/bip\/wp-content\/uploads\/sites\/2\/2023\/11\/zalacznik-nr-1.pdf\" data-wahfont=\"14\">Og\u0142oszenie otwartego konkursu ofert<\/a><\/p>\n<p data-wahfont=\"14\"><a href=\"https:\/\/cus.bojszowy.pl\/bip\/wp-content\/uploads\/sites\/2\/2022\/06\/wzor-sprawozdania.pdf\" data-wahfont=\"14\">Wz\u00f3r sprawozdania<\/a><\/p>\n<p data-wahfont=\"14\"><a href=\"https:\/\/cus.bojszowy.pl\/bip\/wp-content\/uploads\/sites\/2\/2023\/01\/wzor-oferty5.pdf\" data-wahfont=\"14\">Wz\u00f3r oferty<\/a><\/p>\n<p data-wahfont=\"14\"><a href=\"https:\/\/cus.bojszowy.pl\/bip\/wp-content\/uploads\/sites\/2\/2023\/11\/PP.842.1.pdf\">Wyniki konkursu<\/a><\/p>\n<p data-wahfont=\"14\">&nbsp;<\/p>\n<p data-wahfont=\"14\">&nbsp;<\/p>\n<p data-wahfont=\"14\">&nbsp;<\/p>\n<p data-wahfont=\"14\">&nbsp;<\/p>\n","protected":false},"excerpt":{"rendered":"&nbsp; &nbsp; &nbsp; MAJ 2023 Zarz\u0105dzenie w sprawie og\u0142oszenia otwartego konkursu ofert Og\u0142oszenie otwartego konkursu ofert Wz\u00f3r sprawozdania Wz\u00f3r oferty Wyniki konkursu &nbsp; LUTY 2023 Zarz\u0105dzenie w sprawie og\u0142oszenia otwartego konkursu ofert Og\u0142oszenie otwartego konkursu ofert Wz\u00f3r sprawozdania Wz\u00f3r oferty Wyniki konkursu &nbsp; STYCZE\u0143 2023 Zarz\u0105dzenie w sprawie og\u0142oszenia otwartego konkursu ofert Og\u0142oszenie otwartego konkursu&hellip;","protected":false},"author":6,"featured_media":0,"parent":0,"menu_order":0,"comment_status":"closed","ping_status":"closed","template":"","meta":{"ngg_post_thumbnail":0,"footnotes":""},"class_list":["post-2842","page","type-page","status-publish","hentry","description-off"],"_links":{"self":[{"href":"https:\/\/cus.bojszowy.pl\/bip\/wp-json\/wp\/v2\/pages\/2842","targetHints":{"allow":["GET"]}}],"collection":[{"href":"https:\/\/cus.bojszowy.pl\/bip\/wp-json\/wp\/v2\/pages"}],"about":[{"href":"https:\/\/cus.bojszowy.pl\/bip\/wp-json\/wp\/v2\/types\/page"}],"author":[{"embeddable":true,"href":"https:\/\/cus.bojszowy.pl\/bip\/wp-json\/wp\/v2\/users\/6"}],"replies":[{"embeddable":true,"href":"https:\/\/cus.bojszowy.pl\/bip\/wp-json\/wp\/v2\/comments?post=2842"}],"version-history":[{"count":11,"href":"https:\/\/cus.bojszowy.pl\/bip\/wp-json\/wp\/v2\/pages\/2842\/revisions"}],"predecessor-version":[{"id":2896,"href":"https:\/\/cus.bojszowy.pl\/bip\/wp-json\/wp\/v2\/pages\/2842\/revisions\/2896"}],"wp:attachment":[{"href":"https:\/\/cus.bojszowy.pl\/bip\/wp-json\/wp\/v2\/media?parent=2842"}],"curies":[{"name":"wp","href":"https:\/\/api.w.org\/{rel}","templated":true}]}}