{"id":2869,"date":"2023-05-10T12:15:19","date_gmt":"2023-05-10T10:15:19","guid":{"rendered":"https:\/\/cus.bojszowy.pl\/bip\/?page_id=2869"},"modified":"2024-07-26T13:20:09","modified_gmt":"2024-07-26T11:20:09","slug":"sprawozdawczosc-za-rok-2022","status":"publish","type":"page","link":"https:\/\/cus.bojszowy.pl\/bip\/sprawozdawczosc-za-rok-2022\/","title":{"rendered":"Sprawozdawczo\u015b\u0107 za rok 2022"},"content":{"rendered":"\n<p><a href=\"https:\/\/cus.bojszowy.pl\/bip\/wp-content\/uploads\/sites\/2\/2023\/05\/Scan10.05.23.pdf\" data-wahfont=\"14\">Sprawozdawczo\u015b\u0107 Centrum Us\u0142ug Spo\u0142ecznych w Bojszowach za rok 2022<\/a><\/p>\n","protected":false},"excerpt":{"rendered":"Sprawozdawczo\u015b\u0107 Centrum Us\u0142ug Spo\u0142ecznych w Bojszowach za rok 2022","protected":false},"author":6,"featured_media":0,"parent":0,"menu_order":0,"comment_status":"closed","ping_status":"closed","template":"","meta":{"ngg_post_thumbnail":0,"footnotes":""},"class_list":["post-2869","page","type-page","status-publish","hentry","description-off"],"_links":{"self":[{"href":"https:\/\/cus.bojszowy.pl\/bip\/wp-json\/wp\/v2\/pages\/2869","targetHints":{"allow":["GET"]}}],"collection":[{"href":"https:\/\/cus.bojszowy.pl\/bip\/wp-json\/wp\/v2\/pages"}],"about":[{"href":"https:\/\/cus.bojszowy.pl\/bip\/wp-json\/wp\/v2\/types\/page"}],"author":[{"embeddable":true,"href":"https:\/\/cus.bojszowy.pl\/bip\/wp-json\/wp\/v2\/users\/6"}],"replies":[{"embeddable":true,"href":"https:\/\/cus.bojszowy.pl\/bip\/wp-json\/wp\/v2\/comments?post=2869"}],"version-history":[{"count":2,"href":"https:\/\/cus.bojszowy.pl\/bip\/wp-json\/wp\/v2\/pages\/2869\/revisions"}],"predecessor-version":[{"id":2983,"href":"https:\/\/cus.bojszowy.pl\/bip\/wp-json\/wp\/v2\/pages\/2869\/revisions\/2983"}],"wp:attachment":[{"href":"https:\/\/cus.bojszowy.pl\/bip\/wp-json\/wp\/v2\/media?parent=2869"}],"curies":[{"name":"wp","href":"https:\/\/api.w.org\/{rel}","templated":true}]}}