{"id":2908,"date":"2023-11-15T09:50:45","date_gmt":"2023-11-15T08:50:45","guid":{"rendered":"https:\/\/cus.bojszowy.pl\/bip\/?page_id=2908"},"modified":"2023-12-11T12:12:07","modified_gmt":"2023-12-11T11:12:07","slug":"zapytanie-ofertowe-1-2023","status":"publish","type":"page","link":"https:\/\/cus.bojszowy.pl\/bip\/zapytanie-ofertowe-1-2023\/","title":{"rendered":"Zapytanie ofertowe 1\/2023"},"content":{"rendered":"\n\n\n<p data-wahfont=\"14\"><a href=\"https:\/\/cus.bojszowy.pl\/bip\/wp-content\/uploads\/sites\/2\/2023\/11\/zapytanie-ofertowe-1ZOCUS2023.pdf\" data-wahfont=\"14\">Zapytanie ofertowe nr 1\/ZO\/CUS\/2023<\/a><\/p>\n<p data-wahfont=\"14\"><a href=\"https:\/\/cus.bojszowy.pl\/bip\/wp-content\/uploads\/sites\/2\/2023\/11\/zalacznik-nr-1-1.pdf\" data-wahfont=\"14\">Za\u0142\u0105cznik nr 1<\/a><\/p>\n<p data-wahfont=\"14\"><a href=\"https:\/\/cus.bojszowy.pl\/bip\/wp-content\/uploads\/sites\/2\/2023\/11\/zalacznik-nr-2.pdf\" data-wahfont=\"14\">Za\u0142\u0105cznik nr 2<\/a><\/p>\n<p data-wahfont=\"14\"><a href=\"https:\/\/cus.bojszowy.pl\/bip\/wp-content\/uploads\/sites\/2\/2023\/11\/zalacznik-nr-3.pdf\" data-wahfont=\"14\">Za\u0142\u0105cznik nr 3<\/a><\/p>\n<p data-wahfont=\"14\"><a href=\"https:\/\/cus.bojszowy.pl\/bip\/wp-content\/uploads\/sites\/2\/2023\/11\/zalacznik-nr-4.pdf\" data-wahfont=\"14\">Za\u0142\u0105cznik nr 4<\/a><\/p>\n<p data-wahfont=\"14\"><a href=\"https:\/\/cus.bojszowy.pl\/bip\/wp-content\/uploads\/sites\/2\/2023\/11\/zalacznik-nr-5.pdf\" data-wahfont=\"14\">Za\u0142\u0105cznik nr 5<\/a><\/p>\n<p data-wahfont=\"14\"><a href=\"https:\/\/cus.bojszowy.pl\/bip\/wp-content\/uploads\/sites\/2\/2023\/11\/zalacznik-nr-6.pdf\" data-wahfont=\"14\">Za\u0142\u0105cznik nr 6<\/a><\/p>\n<p data-wahfont=\"14\"><a href=\"https:\/\/cus.bojszowy.pl\/bip\/wp-content\/uploads\/sites\/2\/2023\/12\/inf-z-otwarcia-ofert-1ZO.pdf\" data-wahfont=\"14\">Informacja z otwarcia ofert<\/a><\/p>\n<p data-wahfont=\"14\"><a href=\"https:\/\/cus.bojszowy.pl\/bip\/wp-content\/uploads\/sites\/2\/2023\/12\/zawiadomienie-o-wyborze-oferty-1ZO.pdf\" data-wahfont=\"14\">Informacja o wyborze najkorzystniejszej oferty<\/a><\/p>\n","protected":false},"excerpt":{"rendered":"Zapytanie ofertowe nr 1\/ZO\/CUS\/2023 Za\u0142\u0105cznik nr 1 Za\u0142\u0105cznik nr 2 Za\u0142\u0105cznik nr 3 Za\u0142\u0105cznik nr 4 Za\u0142\u0105cznik nr 5 Za\u0142\u0105cznik nr 6 Informacja z otwarcia ofert Informacja o wyborze najkorzystniejszej oferty","protected":false},"author":6,"featured_media":0,"parent":0,"menu_order":0,"comment_status":"closed","ping_status":"closed","template":"","meta":{"ngg_post_thumbnail":0,"footnotes":""},"class_list":["post-2908","page","type-page","status-publish","hentry","description-off"],"_links":{"self":[{"href":"https:\/\/cus.bojszowy.pl\/bip\/wp-json\/wp\/v2\/pages\/2908","targetHints":{"allow":["GET"]}}],"collection":[{"href":"https:\/\/cus.bojszowy.pl\/bip\/wp-json\/wp\/v2\/pages"}],"about":[{"href":"https:\/\/cus.bojszowy.pl\/bip\/wp-json\/wp\/v2\/types\/page"}],"author":[{"embeddable":true,"href":"https:\/\/cus.bojszowy.pl\/bip\/wp-json\/wp\/v2\/users\/6"}],"replies":[{"embeddable":true,"href":"https:\/\/cus.bojszowy.pl\/bip\/wp-json\/wp\/v2\/comments?post=2908"}],"version-history":[{"count":4,"href":"https:\/\/cus.bojszowy.pl\/bip\/wp-json\/wp\/v2\/pages\/2908\/revisions"}],"predecessor-version":[{"id":2928,"href":"https:\/\/cus.bojszowy.pl\/bip\/wp-json\/wp\/v2\/pages\/2908\/revisions\/2928"}],"wp:attachment":[{"href":"https:\/\/cus.bojszowy.pl\/bip\/wp-json\/wp\/v2\/media?parent=2908"}],"curies":[{"name":"wp","href":"https:\/\/api.w.org\/{rel}","templated":true}]}}