{"id":2918,"date":"2023-11-23T12:54:24","date_gmt":"2023-11-23T11:54:24","guid":{"rendered":"https:\/\/cus.bojszowy.pl\/bip\/?page_id=2918"},"modified":"2023-12-11T12:11:32","modified_gmt":"2023-12-11T11:11:32","slug":"zapytanie-ofertowe-2-2023","status":"publish","type":"page","link":"https:\/\/cus.bojszowy.pl\/bip\/zapytanie-ofertowe-2-2023\/","title":{"rendered":"Zapytanie ofertowe 2\/2023"},"content":{"rendered":"\n\n\n<p data-wahfont=\"14\"><a href=\"https:\/\/cus.bojszowy.pl\/bip\/wp-content\/uploads\/sites\/2\/2023\/11\/zapytanie-ofertowe-2ZOCUS2023.pdf\" data-wahfont=\"14\">Zapytanie ofertowe nr 2\/ZO\/CUS\/2023<\/a><\/p>\n<p data-wahfont=\"14\"><a href=\"https:\/\/cus.bojszowy.pl\/bip\/wp-content\/uploads\/sites\/2\/2023\/11\/Zalacznik-Nr-1.pdf\" data-wahfont=\"14\">Za\u0142\u0105cznik nr 1<\/a><\/p>\n<p data-wahfont=\"14\"><a href=\"https:\/\/cus.bojszowy.pl\/bip\/wp-content\/uploads\/sites\/2\/2023\/11\/Zalacznik-Nr-2.pdf\" data-wahfont=\"14\">Za\u0142\u0105cznik nr 2<\/a><\/p>\n<p data-wahfont=\"14\"><a href=\"https:\/\/cus.bojszowy.pl\/bip\/wp-content\/uploads\/sites\/2\/2023\/11\/Zalacznik-Nr-3.pdf\" data-wahfont=\"14\">Za\u0142\u0105cznik nr 3<\/a><\/p>\n<p data-wahfont=\"14\"><a href=\"https:\/\/cus.bojszowy.pl\/bip\/wp-content\/uploads\/sites\/2\/2023\/12\/inf-z-otwarcia-ofert-2ZO.pdf\" data-wahfont=\"14\">Informacja z otwarcia ofert<\/a><\/p>\n<p data-wahfont=\"14\"><a href=\"https:\/\/cus.bojszowy.pl\/bip\/wp-content\/uploads\/sites\/2\/2023\/12\/zawiadomienie-o-wyborze-ofert-2ZO.pdf\" data-wahfont=\"14\">Informacja o wyborze najkorzystniejszej oferty<\/a><\/p>\n<p data-wahfont=\"14\">&nbsp;<\/p>\n","protected":false},"excerpt":{"rendered":"Zapytanie ofertowe nr 2\/ZO\/CUS\/2023 Za\u0142\u0105cznik nr 1 Za\u0142\u0105cznik nr 2 Za\u0142\u0105cznik nr 3 Informacja z otwarcia ofert Informacja o wyborze najkorzystniejszej oferty &nbsp;","protected":false},"author":6,"featured_media":0,"parent":0,"menu_order":0,"comment_status":"closed","ping_status":"closed","template":"","meta":{"ngg_post_thumbnail":0,"footnotes":""},"class_list":["post-2918","page","type-page","status-publish","hentry","description-off"],"_links":{"self":[{"href":"https:\/\/cus.bojszowy.pl\/bip\/wp-json\/wp\/v2\/pages\/2918","targetHints":{"allow":["GET"]}}],"collection":[{"href":"https:\/\/cus.bojszowy.pl\/bip\/wp-json\/wp\/v2\/pages"}],"about":[{"href":"https:\/\/cus.bojszowy.pl\/bip\/wp-json\/wp\/v2\/types\/page"}],"author":[{"embeddable":true,"href":"https:\/\/cus.bojszowy.pl\/bip\/wp-json\/wp\/v2\/users\/6"}],"replies":[{"embeddable":true,"href":"https:\/\/cus.bojszowy.pl\/bip\/wp-json\/wp\/v2\/comments?post=2918"}],"version-history":[{"count":2,"href":"https:\/\/cus.bojszowy.pl\/bip\/wp-json\/wp\/v2\/pages\/2918\/revisions"}],"predecessor-version":[{"id":2927,"href":"https:\/\/cus.bojszowy.pl\/bip\/wp-json\/wp\/v2\/pages\/2918\/revisions\/2927"}],"wp:attachment":[{"href":"https:\/\/cus.bojszowy.pl\/bip\/wp-json\/wp\/v2\/media?parent=2918"}],"curies":[{"name":"wp","href":"https:\/\/api.w.org\/{rel}","templated":true}]}}