{"id":2940,"date":"2024-03-08T12:43:50","date_gmt":"2024-03-08T11:43:50","guid":{"rendered":"https:\/\/cus.bojszowy.pl\/bip\/?page_id=2940"},"modified":"2024-04-24T14:54:32","modified_gmt":"2024-04-24T12:54:32","slug":"nabory-partnerow-do-projektu-2024","status":"publish","type":"page","link":"https:\/\/cus.bojszowy.pl\/bip\/nabory-partnerow-do-projektu-2024\/","title":{"rendered":"Nabory partner\u00f3w do projektu 2024"},"content":{"rendered":"\n\n\n<p><a href=\"https:\/\/cus.bojszowy.pl\/bip\/wp-content\/uploads\/sites\/2\/2024\/04\/ogloszenie-o-uniewaznieniu.pdf\">ZARZ\u0104DZENIE NR 0050\/37\/2024 W\u00d3JTA GMINY BOJSZOWY z dnia 7 marca 2024 r. w sprawie og\u0142oszenia otwartego naboru ofert na zawarcie partnerstwa na realizacj\u0119 planowanego projektu pod roboczym tytu\u0142em \u201eWygrana rodzina\u201d &#8211; bojszowski model przeciwdzia\u0142ania dziedziczeniu biedy\u201d<\/a><\/p>\n<p><a href=\"https:\/\/cus.bojszowy.pl\/bip\/wp-content\/uploads\/sites\/2\/2024\/04\/ogloszenie-o-uniewaznieniu.pdf\">Og\u0142oszenie w sprawie uniewa\u017cnienia naboru<\/a><\/p>\n","protected":false},"excerpt":{"rendered":"ZARZ\u0104DZENIE NR 0050\/37\/2024 W\u00d3JTA GMINY BOJSZOWY z dnia 7 marca 2024 r. w sprawie og\u0142oszenia otwartego naboru ofert na zawarcie partnerstwa na realizacj\u0119 planowanego projektu pod roboczym tytu\u0142em \u201eWygrana rodzina\u201d - bojszowski model przeciwdzia\u0142ania dziedziczeniu biedy\u201d Og\u0142oszenie w sprawie uniewa\u017cnienia naboru","protected":false},"author":6,"featured_media":0,"parent":0,"menu_order":0,"comment_status":"closed","ping_status":"closed","template":"","meta":{"ngg_post_thumbnail":0,"footnotes":""},"class_list":["post-2940","page","type-page","status-publish","hentry","description-off"],"_links":{"self":[{"href":"https:\/\/cus.bojszowy.pl\/bip\/wp-json\/wp\/v2\/pages\/2940","targetHints":{"allow":["GET"]}}],"collection":[{"href":"https:\/\/cus.bojszowy.pl\/bip\/wp-json\/wp\/v2\/pages"}],"about":[{"href":"https:\/\/cus.bojszowy.pl\/bip\/wp-json\/wp\/v2\/types\/page"}],"author":[{"embeddable":true,"href":"https:\/\/cus.bojszowy.pl\/bip\/wp-json\/wp\/v2\/users\/6"}],"replies":[{"embeddable":true,"href":"https:\/\/cus.bojszowy.pl\/bip\/wp-json\/wp\/v2\/comments?post=2940"}],"version-history":[{"count":3,"href":"https:\/\/cus.bojszowy.pl\/bip\/wp-json\/wp\/v2\/pages\/2940\/revisions"}],"predecessor-version":[{"id":2946,"href":"https:\/\/cus.bojszowy.pl\/bip\/wp-json\/wp\/v2\/pages\/2940\/revisions\/2946"}],"wp:attachment":[{"href":"https:\/\/cus.bojszowy.pl\/bip\/wp-json\/wp\/v2\/media?parent=2940"}],"curies":[{"name":"wp","href":"https:\/\/api.w.org\/{rel}","templated":true}]}}