{"id":3009,"date":"2024-11-18T09:43:58","date_gmt":"2024-11-18T08:43:58","guid":{"rendered":"https:\/\/cus.bojszowy.pl\/bip\/?page_id=3009"},"modified":"2024-12-13T11:57:08","modified_gmt":"2024-12-13T10:57:08","slug":"zapytanie-ofertowe-1-2024","status":"publish","type":"page","link":"https:\/\/cus.bojszowy.pl\/bip\/zapytanie-ofertowe-1-2024\/","title":{"rendered":"Zapytanie ofertowe 1\/2024"},"content":{"rendered":"\n\n\n\n\n<p><a href=\"https:\/\/cus.bojszowy.pl\/bip\/wp-content\/uploads\/sites\/2\/2024\/11\/zapytanie-ofertowe-1ZOCUS2024.pdf\">Zapytanie ofertowe nr 1\/ZO\/CUS\/2024&nbsp;<\/a><\/p>\n<p><a href=\"https:\/\/cus.bojszowy.pl\/bip\/wp-content\/uploads\/sites\/2\/2024\/11\/zalacznik-nr-1.pdf\">Za\u0142\u0105cznik nr 1<\/a><\/p>\n<p><a href=\"https:\/\/cus.bojszowy.pl\/bip\/wp-content\/uploads\/sites\/2\/2024\/11\/zalacznik-nr-2.pdf\">Za\u0142\u0105cznik nr 2<\/a><\/p>\n<p><a href=\"https:\/\/cus.bojszowy.pl\/bip\/wp-content\/uploads\/sites\/2\/2024\/11\/zalacznik-nr-3.pdf\">Za\u0142\u0105cznik nr 3<\/a><\/p>\n<p><a href=\"https:\/\/cus.bojszowy.pl\/bip\/wp-content\/uploads\/sites\/2\/2024\/11\/zalacznik-nr-4.pdf\">Za\u0142\u0105cznik nr 4<\/a><\/p>\n<p><a href=\"https:\/\/cus.bojszowy.pl\/bip\/wp-content\/uploads\/sites\/2\/2024\/11\/zalacznik-nr-5.pdf\">Za\u0142\u0105cznik nr 5<\/a><\/p>\n<p><a href=\"https:\/\/cus.bojszowy.pl\/bip\/wp-content\/uploads\/sites\/2\/2024\/11\/zalacznik-nr-6.pdf\">Za\u0142\u0105cznik nr 6<\/a><\/p>\n<p><a href=\"https:\/\/cus.bojszowy.pl\/bip\/wp-content\/uploads\/sites\/2\/2024\/12\/SKM_C25824121308171.pdf\">Informacja z otwarcia ofert<\/a><\/p>\n<p><a href=\"https:\/\/cus.bojszowy.pl\/bip\/wp-content\/uploads\/sites\/2\/2024\/12\/SKM_C25824121308170.pdf\">Wyb\u00f3r najkorzystniejszej oferty<\/a><\/p>\n","protected":false},"excerpt":{"rendered":"Zapytanie ofertowe nr 1\/ZO\/CUS\/2024&nbsp; Za\u0142\u0105cznik nr 1 Za\u0142\u0105cznik nr 2 Za\u0142\u0105cznik nr 3 Za\u0142\u0105cznik nr 4 Za\u0142\u0105cznik nr 5 Za\u0142\u0105cznik nr 6 Informacja z otwarcia ofert Wyb\u00f3r najkorzystniejszej oferty","protected":false},"author":6,"featured_media":0,"parent":0,"menu_order":0,"comment_status":"closed","ping_status":"closed","template":"","meta":{"ngg_post_thumbnail":0,"footnotes":""},"class_list":["post-3009","page","type-page","status-publish","hentry","description-off"],"_links":{"self":[{"href":"https:\/\/cus.bojszowy.pl\/bip\/wp-json\/wp\/v2\/pages\/3009","targetHints":{"allow":["GET"]}}],"collection":[{"href":"https:\/\/cus.bojszowy.pl\/bip\/wp-json\/wp\/v2\/pages"}],"about":[{"href":"https:\/\/cus.bojszowy.pl\/bip\/wp-json\/wp\/v2\/types\/page"}],"author":[{"embeddable":true,"href":"https:\/\/cus.bojszowy.pl\/bip\/wp-json\/wp\/v2\/users\/6"}],"replies":[{"embeddable":true,"href":"https:\/\/cus.bojszowy.pl\/bip\/wp-json\/wp\/v2\/comments?post=3009"}],"version-history":[{"count":2,"href":"https:\/\/cus.bojszowy.pl\/bip\/wp-json\/wp\/v2\/pages\/3009\/revisions"}],"predecessor-version":[{"id":3027,"href":"https:\/\/cus.bojszowy.pl\/bip\/wp-json\/wp\/v2\/pages\/3009\/revisions\/3027"}],"wp:attachment":[{"href":"https:\/\/cus.bojszowy.pl\/bip\/wp-json\/wp\/v2\/media?parent=3009"}],"curies":[{"name":"wp","href":"https:\/\/api.w.org\/{rel}","templated":true}]}}