{"id":3013,"date":"2024-11-25T09:13:14","date_gmt":"2024-11-25T08:13:14","guid":{"rendered":"https:\/\/cus.bojszowy.pl\/bip\/?page_id=3013"},"modified":"2024-12-13T11:50:38","modified_gmt":"2024-12-13T10:50:38","slug":"zapytanie-ofertowe-2-2024","status":"publish","type":"page","link":"https:\/\/cus.bojszowy.pl\/bip\/zapytanie-ofertowe-2-2024\/","title":{"rendered":"Zapytanie ofertowe 2\/2024"},"content":{"rendered":"\n<p><a href=\"https:\/\/cus.bojszowy.pl\/bip\/wp-content\/uploads\/sites\/2\/2024\/11\/zapytanie-ofertowe-2.ZO_.CUS_.2024.pdf\">Zapytanie ofertowe nr 2\/ZO\/CUS\/2024<\/a><\/p>\n<p><a href=\"https:\/\/cus.bojszowy.pl\/bip\/wp-content\/uploads\/sites\/2\/2024\/11\/Zalacznik-Nr-1.2025.pdf\">Za\u0142\u0105cznik nr 1<\/a><\/p>\n<p><a href=\"https:\/\/cus.bojszowy.pl\/bip\/wp-content\/uploads\/sites\/2\/2024\/11\/Zalacznik-Nr-2.2025.pdf\">Za\u0142\u0105cznik nr 2<\/a><\/p>\n<p><a href=\"https:\/\/cus.bojszowy.pl\/bip\/wp-content\/uploads\/sites\/2\/2024\/11\/Zalacznik-Nr-3.2025.pdf\">Za\u0142\u0105cznik nr 3<\/a><\/p>\n<p><a href=\"https:\/\/cus.bojszowy.pl\/bip\/wp-content\/uploads\/sites\/2\/2024\/12\/SKM_C25824121211590.pdf\">Informacja z otwarcia ofert<\/a><\/p>\n<p><a href=\"https:\/\/cus.bojszowy.pl\/bip\/wp-content\/uploads\/sites\/2\/2024\/12\/SKM_C25824121211591.pdf\">Wyb\u00f3r najkorzystniejszej oferty<\/a><\/p>\n","protected":false},"excerpt":{"rendered":"Zapytanie ofertowe nr 2\/ZO\/CUS\/2024 Za\u0142\u0105cznik nr 1 Za\u0142\u0105cznik nr 2 Za\u0142\u0105cznik nr 3 Informacja z otwarcia ofert Wyb\u00f3r najkorzystniejszej oferty","protected":false},"author":6,"featured_media":0,"parent":0,"menu_order":0,"comment_status":"closed","ping_status":"closed","template":"","meta":{"ngg_post_thumbnail":0,"footnotes":""},"class_list":["post-3013","page","type-page","status-publish","hentry","description-off"],"_links":{"self":[{"href":"https:\/\/cus.bojszowy.pl\/bip\/wp-json\/wp\/v2\/pages\/3013","targetHints":{"allow":["GET"]}}],"collection":[{"href":"https:\/\/cus.bojszowy.pl\/bip\/wp-json\/wp\/v2\/pages"}],"about":[{"href":"https:\/\/cus.bojszowy.pl\/bip\/wp-json\/wp\/v2\/types\/page"}],"author":[{"embeddable":true,"href":"https:\/\/cus.bojszowy.pl\/bip\/wp-json\/wp\/v2\/users\/6"}],"replies":[{"embeddable":true,"href":"https:\/\/cus.bojszowy.pl\/bip\/wp-json\/wp\/v2\/comments?post=3013"}],"version-history":[{"count":2,"href":"https:\/\/cus.bojszowy.pl\/bip\/wp-json\/wp\/v2\/pages\/3013\/revisions"}],"predecessor-version":[{"id":3023,"href":"https:\/\/cus.bojszowy.pl\/bip\/wp-json\/wp\/v2\/pages\/3013\/revisions\/3023"}],"wp:attachment":[{"href":"https:\/\/cus.bojszowy.pl\/bip\/wp-json\/wp\/v2\/media?parent=3013"}],"curies":[{"name":"wp","href":"https:\/\/api.w.org\/{rel}","templated":true}]}}