{"id":3031,"date":"2025-01-15T09:11:53","date_gmt":"2025-01-15T08:11:53","guid":{"rendered":"https:\/\/cus.bojszowy.pl\/bip\/?page_id=3031"},"modified":"2025-01-15T09:11:56","modified_gmt":"2025-01-15T08:11:56","slug":"klauzula-informacyjna-kontrahent","status":"publish","type":"page","link":"https:\/\/cus.bojszowy.pl\/bip\/klauzula-informacyjna-kontrahent\/","title":{"rendered":"Klauzula informacyjna &#8211; kontrahent"},"content":{"rendered":"\n<pre class=\"wp-block-verse\"><strong>INFORMACJA DOTYCZ\u0104CA PRZETWARZANIA DANYCH OSOBOWYCH W ZWI\u0104ZKU Z REALIZACJ\u0104 UMOWY - KONTRAHENT<\/strong><br><br>Na podstawie art. 13 ust. 1 i 2  Rozporz\u0105dzenia Parlamentu Europejskiego i Rady (UE) 2016\/679 z 27 kwietnia 2016 r. w sprawie ochrony os\u00f3b fizycznych w zwi\u0105zku z przetwarzaniem danych osobowych i w sprawie swobodnego przep\u0142ywu takich danych oraz uchylenia dyrektywy 95\/46\/WE (og\u00f3lne rozporz\u0105dzenie o ochronie danych) (Dz. Urz. UE L 119, s. 1) \u2013 dalej RODO \u2212 informujemy, \u017ce:<br>1.\tAdministratorem Pa\u0144stwa danych osobowych jest Centrum Us\u0142ug Spo\u0142ecznych w Bojszowach. Mog\u0105 si\u0119 Pa\u0144stwo z nami kontaktowa\u0107 w nast\u0119puj\u0105cy spos\u00f3b:<br>\u2022\tlistownie na adres: ul. Ruchu Oporu 100, 43-220 Bojszowy Nowe,<br>\u2022\tpoprzez e-mail kontakt@cus.bojszowy.pl<br>\u2022\ttelefonicznie: 32 328-93-05<br>2.\tWyznaczyli\u015bmy Inspektora Ochrony Danych, z kt\u00f3rym mog\u0105 si\u0119 Pa\u0144stwo skontaktowa\u0107, w sprawach dotycz\u0105cych ochrony danych, pisz\u0105c na adres email iod@cus.bojszowy.pl lub na adres naszej plac\u00f3wki.<br>3.\tPa\u0144stwa dane osobowe b\u0119d\u0105 przetwarzane w celu:<br>\u2022\tpodj\u0119cia dzia\u0142a\u0144 przed wykonaniem umowy oraz realizacji zawartej umowy zgodnie z art. 6 ust. 1 lit. b RODO,<br>\u2022\twykonania przez Administratora prawnie ci\u0105\u017c\u0105cych na nim obowi\u0105zk\u00f3w zgodnie z art. 6 ust. 1 lit. c RODO w zakresie, w jakim przewiduj\u0105 to przepisy szczeg\u00f3lne, w tym realizacji obowi\u0105zk\u00f3w podatkowych, rozlicze\u0144 finansowych, podatkowych, sprawozdawczych,<br>\u2022\tw przypadku, gdy zostali Pa\u0144stwo wskazani w umowie jako reprezentanci strony umowy, osoby kontaktowe, podwykonawcy, osoby odpowiedzialne za realizacj\u0119 okre\u015blonego zakresu zada\u0144 lub w przypadku gdy Pa\u0144stwa dane zosta\u0142y przekazane w celu realizacji umowy lub poza tre\u015bci\u0105 umowy bezpo\u015brednio Administratorowi np. dane osobowe zwi\u0105zane z udokumentowaniem uprawnie\u0144 zawodowych, odbyciem przeszkole\u0144, zawarciem um\u00f3w o prac\u0119 itp. przetwarzanie nast\u0119puje w celu realizacji postanowie\u0144 zawartej umowy, co stanowi uzasadniony interes realizowany przez Administratora. Podstaw\u0105 prawn\u0105 przetwarzania danych osobowych w tym zakresie jest art. 6 ust. 1 lit. f RODO, <br>\u2022\tw celu ewentualnego ustalenia, dochodzenia lub obrony przed roszczeniami b\u0119d\u0105cego realizacj\u0105 prawnie uzasadnionego interesu Administratora na podstawie art. 6 ust. 1 lit. f RODO.<br>4.\tOdbiorcami Pa\u0144stwa danych osobowych b\u0119d\u0105 osoby lub podmioty upowa\u017cnione na podstawie przepis\u00f3w prawa, min. w oparciu o Ustaw\u0119 o dost\u0119pie do informacji publicznej z dnia 6 wrze\u015bnia 2001 roku, oraz podmioty, kt\u00f3re przetwarzaj\u0105 dane osobowe w zwi\u0105zku z realizacj\u0105 na rzecz Administratora: obs\u0142ugi informatycznej i serwisowej systemu informatycznego, hostingu poczty elektronicznej oraz strony internetowej, banki, operatorzy pocztowi.<br>5.\tPa\u0144stwa dane osobowe b\u0119d\u0105 przetwarzane przez okres trwania i wykonywania zawartej umowy, b\u0119d\u0105 przechowywane przez okres zgodny z kategori\u0105 archiwaln\u0105 w oparciu o Ustaw\u0119 z dnia 14 lipca 1983r. o narodowym zasobie archiwalnym i archiwach oraz wydanych na jej podstawie aktach wykonawczych.<br>6.\tPrzys\u0142uguje Pa\u0144stwu, na zasadach okre\u015blonych przepisami RODO, prawo \u017c\u0105dania od Administratora dost\u0119pu do swoich danych osobowych, otrzymania kopii danych osobowych, ich sprostowania (poprawiania), usuni\u0119cia, prawo do sprzeciwu, oraz prawo do ograniczenia przetwarzania. <br>7.\tW przypadku uznania, \u017ce przetwarzanie przez Administratora danych osobowych narusza przepisy o ochronie danych osobowych przys\u0142uguje Pa\u0144stwu prawo wniesienia skargi do Prezesa Urz\u0119du Ochrony Danych Osobowych z siedzib\u0105 w Warszawie, ul. Stawki 2. <br>8.\tPodanie danych osobowych, jest wymagane do zawarcia i realizacji umowy, a ich niepodanie uniemo\u017cliwi realizacj\u0119 umowy. <br><\/pre>\n","protected":false},"excerpt":{"rendered":"<p>INFORMACJA DOTYCZ\u0104CA PRZETWARZANIA DANYCH OSOBOWYCH W ZWI\u0104ZKU Z REALIZACJ\u0104 UMOWY &#8211; KONTRAHENTNa podstawie art. 13 ust. 1 i 2 Rozporz\u0105dzenia Parlamentu Europejskiego i Rady (UE) 2016\/679 z 27 kwietnia 2016 r. w sprawie ochrony os\u00f3b fizycznych w zwi\u0105zku z przetwarzaniem danych osobowych i w sprawie swobodnego przep\u0142ywu takich danych oraz uchylenia dyrektywy 95\/46\/WE (og\u00f3lne rozporz\u0105dzenie&hellip;<\/p>\n","protected":false},"author":6,"featured_media":0,"parent":0,"menu_order":0,"comment_status":"closed","ping_status":"closed","template":"","meta":{"ngg_post_thumbnail":0,"footnotes":""},"class_list":["post-3031","page","type-page","status-publish","hentry","description-off"],"_links":{"self":[{"href":"https:\/\/cus.bojszowy.pl\/bip\/wp-json\/wp\/v2\/pages\/3031","targetHints":{"allow":["GET"]}}],"collection":[{"href":"https:\/\/cus.bojszowy.pl\/bip\/wp-json\/wp\/v2\/pages"}],"about":[{"href":"https:\/\/cus.bojszowy.pl\/bip\/wp-json\/wp\/v2\/types\/page"}],"author":[{"embeddable":true,"href":"https:\/\/cus.bojszowy.pl\/bip\/wp-json\/wp\/v2\/users\/6"}],"replies":[{"embeddable":true,"href":"https:\/\/cus.bojszowy.pl\/bip\/wp-json\/wp\/v2\/comments?post=3031"}],"version-history":[{"count":1,"href":"https:\/\/cus.bojszowy.pl\/bip\/wp-json\/wp\/v2\/pages\/3031\/revisions"}],"predecessor-version":[{"id":3032,"href":"https:\/\/cus.bojszowy.pl\/bip\/wp-json\/wp\/v2\/pages\/3031\/revisions\/3032"}],"wp:attachment":[{"href":"https:\/\/cus.bojszowy.pl\/bip\/wp-json\/wp\/v2\/media?parent=3031"}],"curies":[{"name":"wp","href":"https:\/\/api.w.org\/{rel}","templated":true}]}}