{"id":3049,"date":"2025-03-25T11:31:48","date_gmt":"2025-03-25T10:31:48","guid":{"rendered":"https:\/\/cus.bojszowy.pl\/bip\/?page_id=3049"},"modified":"2025-03-25T11:45:40","modified_gmt":"2025-03-25T10:45:40","slug":"raport-o-stanie-zapewnienia-dostepnosci","status":"publish","type":"page","link":"https:\/\/cus.bojszowy.pl\/bip\/raport-o-stanie-zapewnienia-dostepnosci\/","title":{"rendered":"Raport o stanie zapewnienia dost\u0119pno\u015bci"},"content":{"rendered":"\n<p><a href=\"https:\/\/cus.bojszowy.pl\/bip\/wp-content\/uploads\/sites\/2\/2025\/03\/Raport-o-stanie-zapewnienia-dostepnosci-2025.pdf\">Raport o stanie zapewnienia dost\u0119pno\u015bci podmiotu publicznego &#8211; stan w dniu 01.01.2025r.<\/a><\/p>\n\n\n\n<p><a href=\"https:\/\/cus.bojszowy.pl\/bip\/wp-content\/uploads\/sites\/2\/2021\/03\/Raport-o-stanie-dostepnosci.pdf\">Raport o stanie zapewnienia dost\u0119pno\u015bci podmiotu publicznego &#8211; stan w dniu 01.01.2021r.<\/a><\/p>\n","protected":false},"excerpt":{"rendered":"<p>Raport o stanie zapewnienia dost\u0119pno\u015bci podmiotu publicznego &#8211; stan w dniu 01.01.2025r. Raport o stanie zapewnienia dost\u0119pno\u015bci podmiotu publicznego &#8211; stan w dniu 01.01.2021r.<\/p>\n","protected":false},"author":6,"featured_media":0,"parent":0,"menu_order":0,"comment_status":"closed","ping_status":"closed","template":"","meta":{"ngg_post_thumbnail":0,"footnotes":""},"class_list":["post-3049","page","type-page","status-publish","hentry","description-off"],"_links":{"self":[{"href":"https:\/\/cus.bojszowy.pl\/bip\/wp-json\/wp\/v2\/pages\/3049","targetHints":{"allow":["GET"]}}],"collection":[{"href":"https:\/\/cus.bojszowy.pl\/bip\/wp-json\/wp\/v2\/pages"}],"about":[{"href":"https:\/\/cus.bojszowy.pl\/bip\/wp-json\/wp\/v2\/types\/page"}],"author":[{"embeddable":true,"href":"https:\/\/cus.bojszowy.pl\/bip\/wp-json\/wp\/v2\/users\/6"}],"replies":[{"embeddable":true,"href":"https:\/\/cus.bojszowy.pl\/bip\/wp-json\/wp\/v2\/comments?post=3049"}],"version-history":[{"count":2,"href":"https:\/\/cus.bojszowy.pl\/bip\/wp-json\/wp\/v2\/pages\/3049\/revisions"}],"predecessor-version":[{"id":3055,"href":"https:\/\/cus.bojszowy.pl\/bip\/wp-json\/wp\/v2\/pages\/3049\/revisions\/3055"}],"wp:attachment":[{"href":"https:\/\/cus.bojszowy.pl\/bip\/wp-json\/wp\/v2\/media?parent=3049"}],"curies":[{"name":"wp","href":"https:\/\/api.w.org\/{rel}","templated":true}]}}