{"id":3144,"date":"2026-04-30T09:48:40","date_gmt":"2026-04-30T07:48:40","guid":{"rendered":"https:\/\/cus.bojszowy.pl\/bip\/?page_id=3144"},"modified":"2026-04-30T09:48:40","modified_gmt":"2026-04-30T07:48:40","slug":"sprawozdawczosc-za-rok-2025","status":"publish","type":"page","link":"https:\/\/cus.bojszowy.pl\/bip\/sprawozdawczosc-za-rok-2025\/","title":{"rendered":"Sprawozdawczo\u015b\u0107 za rok 2025"},"content":{"rendered":"\n<p><a href=\"https:\/\/cus.bojszowy.pl\/bip\/wp-content\/uploads\/sites\/2\/2026\/04\/Sprawozdanie-finansowe-za-2025.pdf\">Sprawozdawczo\u015b\u0107 Centrum Us\u0142ug Spo\u0142ecznych w Bojszowach za rok 2025<\/a><\/p>\n","protected":false},"excerpt":{"rendered":"<p>Sprawozdawczo\u015b\u0107 Centrum Us\u0142ug Spo\u0142ecznych w Bojszowach za rok 2025<\/p>\n","protected":false},"author":6,"featured_media":0,"parent":0,"menu_order":0,"comment_status":"closed","ping_status":"closed","template":"","meta":{"ngg_post_thumbnail":0,"footnotes":""},"class_list":["post-3144","page","type-page","status-publish","hentry","description-off"],"_links":{"self":[{"href":"https:\/\/cus.bojszowy.pl\/bip\/wp-json\/wp\/v2\/pages\/3144","targetHints":{"allow":["GET"]}}],"collection":[{"href":"https:\/\/cus.bojszowy.pl\/bip\/wp-json\/wp\/v2\/pages"}],"about":[{"href":"https:\/\/cus.bojszowy.pl\/bip\/wp-json\/wp\/v2\/types\/page"}],"author":[{"embeddable":true,"href":"https:\/\/cus.bojszowy.pl\/bip\/wp-json\/wp\/v2\/users\/6"}],"replies":[{"embeddable":true,"href":"https:\/\/cus.bojszowy.pl\/bip\/wp-json\/wp\/v2\/comments?post=3144"}],"version-history":[{"count":1,"href":"https:\/\/cus.bojszowy.pl\/bip\/wp-json\/wp\/v2\/pages\/3144\/revisions"}],"predecessor-version":[{"id":3145,"href":"https:\/\/cus.bojszowy.pl\/bip\/wp-json\/wp\/v2\/pages\/3144\/revisions\/3145"}],"wp:attachment":[{"href":"https:\/\/cus.bojszowy.pl\/bip\/wp-json\/wp\/v2\/media?parent=3144"}],"curies":[{"name":"wp","href":"https:\/\/api.w.org\/{rel}","templated":true}]}}