{"id":523,"date":"2011-03-22T12:40:54","date_gmt":"2011-03-22T11:40:54","guid":{"rendered":"https:\/\/cus.bojszowy.pl\/?page_id=523"},"modified":"2025-10-16T14:14:13","modified_gmt":"2025-10-16T12:14:13","slug":"status-prawny","status":"publish","type":"page","link":"https:\/\/cus.bojszowy.pl\/bip\/status-prawny\/","title":{"rendered":"Status prawny"},"content":{"rendered":"\n<p><a href=\"https:\/\/cus.bojszowy.pl\/bip\/wp-content\/uploads\/sites\/2\/2025\/10\/106-1.pdf\"><\/a><a href=\"https:\/\/cus.bojszowy.pl\/bip\/wp-content\/uploads\/sites\/2\/2025\/10\/106-1.pdf\">Uchwa\u0142a Nr XV\/106\/2025 Rady Gminy Bojszowy z dnia 21 sierpnia 2025 r. w sprawie nadania statutu Centrum Us\u0142ug Spo\u0142ecznych w Bojszowach<\/a><\/p>\n\n\n\n<p><a href=\"https:\/\/cus.bojszowy.pl\/bip\/wp-content\/uploads\/sites\/2\/2025\/05\/SKM_C25825052109240.pdf\">Uchwa\u0142a Nr LI\/336\/2022 Rady Gminy Bojszowy z dnia 24 pa\u017adziernika 2022r. w sprawie nadania statutu Centrum Us\u0142ug Spo\u0142ecznych w Bojszowach<\/a><\/p>\n\n\n\n<p><a href=\"https:\/\/bip.bojszowy.pl\/mfiles\/2822\/3\/23675\/z\/XXXVII_247_2021.pdf\">Uchwa\u0142a Nr XXXVII\/247\/2021 Rady Gminy Bojszowy z dnia 27 wrze\u015bnia 2021 r. w sprawie utworzenia jednostki bud\u017cetowej o nazwie Centrum Us\u0142ug Spo\u0142ecznych w Bojszowach poprzez przekszta\u0142cenie Gminnego O\u015brodka Pomocy Spo\u0142ecznej w Bojszowach oraz nadania jej statutu<\/a><\/p>\n","protected":false},"excerpt":{"rendered":"<p>Uchwa\u0142a Nr XV\/106\/2025 Rady Gminy Bojszowy z dnia 21 sierpnia 2025 r. w sprawie nadania statutu Centrum Us\u0142ug Spo\u0142ecznych w Bojszowach Uchwa\u0142a Nr LI\/336\/2022 Rady Gminy Bojszowy z dnia 24 pa\u017adziernika 2022r. w sprawie nadania statutu Centrum Us\u0142ug Spo\u0142ecznych w Bojszowach<\/p>\n","protected":false},"author":1,"featured_media":0,"parent":0,"menu_order":0,"comment_status":"closed","ping_status":"closed","template":"","meta":{"ngg_post_thumbnail":0,"footnotes":""},"class_list":["post-523","page","type-page","status-publish","hentry","description-off"],"_links":{"self":[{"href":"https:\/\/cus.bojszowy.pl\/bip\/wp-json\/wp\/v2\/pages\/523","targetHints":{"allow":["GET"]}}],"collection":[{"href":"https:\/\/cus.bojszowy.pl\/bip\/wp-json\/wp\/v2\/pages"}],"about":[{"href":"https:\/\/cus.bojszowy.pl\/bip\/wp-json\/wp\/v2\/types\/page"}],"author":[{"embeddable":true,"href":"https:\/\/cus.bojszowy.pl\/bip\/wp-json\/wp\/v2\/users\/1"}],"replies":[{"embeddable":true,"href":"https:\/\/cus.bojszowy.pl\/bip\/wp-json\/wp\/v2\/comments?post=523"}],"version-history":[{"count":12,"href":"https:\/\/cus.bojszowy.pl\/bip\/wp-json\/wp\/v2\/pages\/523\/revisions"}],"predecessor-version":[{"id":3106,"href":"https:\/\/cus.bojszowy.pl\/bip\/wp-json\/wp\/v2\/pages\/523\/revisions\/3106"}],"wp:attachment":[{"href":"https:\/\/cus.bojszowy.pl\/bip\/wp-json\/wp\/v2\/media?parent=523"}],"curies":[{"name":"wp","href":"https:\/\/api.w.org\/{rel}","templated":true}]}}