{"id":529,"date":"2011-03-22T12:43:13","date_gmt":"2011-03-22T11:43:13","guid":{"rendered":"https:\/\/cus.bojszowy.pl\/?page_id=529"},"modified":"2026-01-26T13:37:31","modified_gmt":"2026-01-26T12:37:31","slug":"kadra","status":"publish","type":"page","link":"https:\/\/cus.bojszowy.pl\/bip\/kadra\/","title":{"rendered":"Kadra"},"content":{"rendered":"<p>Kadra Centrum Us\u0142ug Spo\u0142ecznych w Bojszowach<\/p>\n<p><strong>Anna M\u0142ocek<br \/>\n<\/strong>Stanowisko: Dyrektor CUS w Bojszowach\/Organizator us\u0142ug spo\u0142ecznych<br \/>\nNr pokoju: 11<br \/>\nGodziny urz\u0119dowania: Pn.7.30.-17.00, Wt-Czw. 7.30-15.30, Pt. 7.30-14.00<br \/>\nTelefon: (32) 328-93-05<\/p>\n<p><strong>Jolanta Uszok<br \/>\n<\/strong>Stanowisko: G\u0142\u00f3wny specjalista\/Organizator pomocy spo\u0142ecznej<br \/>\nNr pokoju: 14<br \/>\nGodziny urz\u0119dowania: Pn.7.30.-17.00, Wt-Czw. 7.30-15.30, Pt. 7.30-14.00<br \/>\nTelefon: (32) 328-93-05 wew. 26<\/p>\n<p><strong>Edyta Mandzik<br \/>\n<\/strong>Stanowisko: G\u0142\u00f3wna ksi\u0119gowa<br \/>\nNr pokoju: 18<br \/>\nGodziny urz\u0119dowania: Pn.7.30.-17.00, Wt-Czw. 7.30-15.30, Pt. 7.30-14.00<br \/>\nTelefon: (32) 328-93-05 wew. 29<\/p>\n<p><strong>Tomasz Nosalik<br \/>\n<\/strong>Stanowisko: Konsultant &#8211; prawnik<br \/>\nNr pokoju: 16<br \/>\nTelefon: (32) 328-93-05 wew. 23<\/p>\n<p><strong>Aleksandra Kubeczko<br \/>\n<\/strong>Stanowisko: G\u0142\u00f3wny specjalista ds. pracowniczych<br \/>\nNr pokoju: 13<br \/>\nGodziny urz\u0119dowania: Pn.7.30.-17.00, Wt-Czw. 7.30-15.30, Pt. 7.30-14.00<br \/>\nTelefon: (32) 328-93-05 wew. 28<\/p>\n<p><strong>Grzegorz Wietrzny<br \/>\n<\/strong>Stanowisko: Konsultant ds. reintegracji zawodowej i spo\u0142ecznej<br \/>\nNr pokoju: 14<br \/>\nGodziny urz\u0119dowania: Pn.7.30.-17.00, Wt-Czw. 7.30-15.30, Pt. 7.30-14.00<br \/>\nTelefon: (32) 328-93-05 wew. 26<\/p>\n<p><strong>Anna Losko-Galbierz<br \/>\n<\/strong>Stanowisko: G\u0142\u00f3wny specjalista pracy socjalnej<br \/>\nNr pokoju: 17<br \/>\nGodziny urz\u0119dowania: Pn.7.30.-17.00, Wt-Czw. 7.30-15.30, Pt. 7.30-14.00<br \/>\nTelefon: (32) 328-93-05 wew. 24<\/p>\n<p><strong>Amelia Tatoj<br \/>\n<\/strong>Stanowisko: Starszy Inspektor ds. pomocy spo\u0142ecznej<br \/>\nNr pokoju: 17<br \/>\nGodziny urz\u0119dowania: Pn.7.30.-17.00, Wt-Czw. 7.30-15.30, Pt. 7.30-14.00<br \/>\nTelefon: (32) 328-93-05 wew. 24<\/p>\n<p><strong>Barbara Janota<br \/>\n<\/strong>Stanowisko: Asystent rodziny<br \/>\nNr pokoju: 12<br \/>\nGodziny urz\u0119dowania: Pn.7.30.-17.00, Wt-Czw. 7.30-15.30, Pt. 7.30-14.00<br \/>\nTelefon: (32) 328-93-05 wew. 27<\/p>\n<p><strong>Weronika Maj<br \/>\n<\/strong>Stanowisko: Terapeuta zaj\u0119ciowy<br \/>\nDzienny Dom Senior +<br \/>\nTelefon: (32) 218-94-63<\/p>\n<p><strong>Klaudia Kolny<br \/>\n<\/strong>Stanowisko: Pomoc administracyjna<br \/>\nNr pokoju: 16<br \/>\nTelefon: (32) 328-93-05 wew. 29<\/p>\n<p><strong>Ma\u0142gorzata Kulpi\u0144ska<br \/>\n<\/strong>Stanowisko: Pomoc administracyjna<br \/>\nNr pokoju: 16<br \/>\nTelefon: (32) 328-93-05 wew. 23<\/p>\n<p><strong>Anna Skalska<br \/>\n<\/strong>Stanowisko: Pomoc administracyjna<br \/>\nNr pokoju: 10<br \/>\nTelefon: (32) 328-93-05 wew. 25<\/p>\n<p><strong>Maria Mijalska<br \/>\n<\/strong>Stanowisko: Starszy Inspektor<br \/>\nNr pokoju: 12<br \/>\nGodziny urz\u0119dowania: Pn.7.30.-17.00, Wt-Czw. 7.30-15.30, Pt. 7.30-14.00<br \/>\nTelefon: (32) 328-93-05 wew. 27<\/p>\n<p><strong>Marzena Makosz<br \/>\n<\/strong>Stanowisko: Koordynator indywidualnych plan\u00f3w us\u0142ug spo\u0142ecznych<br \/>\nNr pokoju: 12<br \/>\nGodziny urz\u0119dowania: Pn.7.30.-17.00, Wt-Czw. 7.30-15.30, Pt. 7.30-14.00<br \/>\nTelefon: (32) 328-93-05 wew. 27<\/p>\n<p><strong>Halina Kielar<br \/>\n<\/strong>Stanowisko: Koordynator indywidualnych plan\u00f3w us\u0142ug spo\u0142ecznych<br \/>\nNr pokoju: 12<br \/>\nGodziny urz\u0119dowania: Pn.7.30.-17.00, Wt-Czw. 7.30-15.30, Pt. 7.30-14.00<br \/>\nTelefon: (32) 328-93-05 wew. 27<\/p>\n<p><strong>Julia Szarmach<br \/>\n<\/strong>Stanowisko: Organizator Spo\u0142eczno\u015bci Lokalnej<br \/>\nNr pokoju: 10<br \/>\nGodziny urz\u0119dowania: Pn.7.30.-17.00, Wt-Czw. 7.30-15.30, Pt. 7.30-14.00<br \/>\nTelefon: (32) 328-93-05 wew. 25<\/p>\n<p><strong>Patrycja Groborz<br \/>\n<\/strong>Stanowisko: Pracownik socjalny<br \/>\nNr pokoju: 17<br \/>\nGodziny urz\u0119dowania: Pn.7.30.-17.00, Wt-Czw. 7.30-15.30, Pt. 7.30-14.00<br \/>\nTelefon: (32) 328-93-05 wew. 24<\/p>\n<p><strong>Edyta P\u0142awecka<br \/>\n<\/strong>Stanowisko: Pracownik socjalny<br \/>\nNr pokoju: 17<br \/>\nGodziny urz\u0119dowania: Pn.7.30.-17.00, Wt-Czw. 7.30-15.30, Pt. 7.30-14.00<br \/>\nTelefon: (32) 328-93-05 wew. 24<strong><br \/>\n<\/strong><\/p>\n<p><strong>Monika Janosz<br \/>\n<\/strong>Stanowisko: Opiekun medyczny\/Terapeuta zaj\u0119ciowy<br \/>\nDzienny Dom Senior +<br \/>\nTelefon: (32) 218-94-63<\/p>\n<p><strong>Joanna W\u00f3jcik<br \/>\n<\/strong>Stanowisko: Terapeuta integracji sensorycznej \/ M\u0142odszy Wychowawca w Plac\u00f3wce Wsparcia Dziennego<\/p>\n<p><strong>Sabina Szatanik<br \/>\n<\/strong>Stanowisko: Starszy Wychowawca &#8211; socjoterapeuta w Plac\u00f3wce Wsparcia Dziennego<br \/>\nTelefon: 782 301 304<\/p>\n<p><strong>Monika Czarnynoga<br \/>\n<\/strong>Stanowisko: Starszy Wychowawca &#8211; Koordynator<br \/>\nTelefon: 782 301 304<\/p>\n<p><strong>Sylwia Adamus<br \/>\n<\/strong>Stanowisko: Opiekunka \u015brodowiskowa<\/p>\n<p><strong>Olga Jankowycz<br \/>\n<\/strong>Stanowisko: Opiekunka \u015brodowiskowa<\/p>\n<p><strong>Agnieszka B\u0142ach-Tomera<br \/>\n<\/strong>Stanowisko: Psycholog<\/p>\n<p><strong>Hanna Kubeczko<br \/>\n<\/strong>Stanowisko: Opiekun w Klubie Dzieci\u0119cym<\/p>\n<p><strong>Maria Mizera<br \/>\n<\/strong>Stanowisko: Opiekun w Klubie Dzieci\u0119cym<\/p>\n<p><strong>Marta Piekorz<br \/>\n<\/strong>Stanowisko: Wychowawca<\/p>\n<p><strong>Paulina Pietrowska<br \/>\n<\/strong>Stanowisko: Wychowawca<\/p>\n<p><strong>Urszula Pomiet\u0142o<br \/>\n<\/strong>Stanowisko: Sprz\u0105taczka<\/p>\n","protected":false},"excerpt":{"rendered":"<p>Kadra Centrum Us\u0142ug Spo\u0142ecznych w Bojszowach Anna M\u0142ocek Stanowisko: Dyrektor CUS w Bojszowach\/Organizator us\u0142ug spo\u0142ecznych Nr pokoju: 11 Godziny urz\u0119dowania: Pn.7.30.-17.00, Wt-Czw. 7.30-15.30, Pt. 7.30-14.00 Telefon: (32) 328-93-05 Jolanta Uszok Stanowisko: G\u0142\u00f3wny specjalista\/Organizator pomocy spo\u0142ecznej Nr pokoju: 14 Godziny urz\u0119dowania: Pn.7.30.-17.00, Wt-Czw. 7.30-15.30, Pt. 7.30-14.00 Telefon: (32) 328-93-05 wew. 26 Edyta Mandzik Stanowisko: G\u0142\u00f3wna ksi\u0119gowa&hellip;<\/p>\n","protected":false},"author":1,"featured_media":0,"parent":0,"menu_order":0,"comment_status":"closed","ping_status":"closed","template":"","meta":{"ngg_post_thumbnail":0,"footnotes":""},"class_list":["post-529","page","type-page","status-publish","hentry","description-off"],"_links":{"self":[{"href":"https:\/\/cus.bojszowy.pl\/bip\/wp-json\/wp\/v2\/pages\/529","targetHints":{"allow":["GET"]}}],"collection":[{"href":"https:\/\/cus.bojszowy.pl\/bip\/wp-json\/wp\/v2\/pages"}],"about":[{"href":"https:\/\/cus.bojszowy.pl\/bip\/wp-json\/wp\/v2\/types\/page"}],"author":[{"embeddable":true,"href":"https:\/\/cus.bojszowy.pl\/bip\/wp-json\/wp\/v2\/users\/1"}],"replies":[{"embeddable":true,"href":"https:\/\/cus.bojszowy.pl\/bip\/wp-json\/wp\/v2\/comments?post=529"}],"version-history":[{"count":26,"href":"https:\/\/cus.bojszowy.pl\/bip\/wp-json\/wp\/v2\/pages\/529\/revisions"}],"predecessor-version":[{"id":3132,"href":"https:\/\/cus.bojszowy.pl\/bip\/wp-json\/wp\/v2\/pages\/529\/revisions\/3132"}],"wp:attachment":[{"href":"https:\/\/cus.bojszowy.pl\/bip\/wp-json\/wp\/v2\/media?parent=529"}],"curies":[{"name":"wp","href":"https:\/\/api.w.org\/{rel}","templated":true}]}}