{"id":547,"date":"2011-03-22T12:46:15","date_gmt":"2011-03-22T11:46:15","guid":{"rendered":"https:\/\/cus.bojszowy.pl\/?page_id=547"},"modified":"2015-08-27T10:43:29","modified_gmt":"2015-08-27T08:43:29","slug":"intukcja-obslugi","status":"publish","type":"page","link":"https:\/\/cus.bojszowy.pl\/bip\/intukcja-obslugi\/","title":{"rendered":"Instrukcja obs\u0142ugi"},"content":{"rendered":"<p>Dost\u0119p do informacji publicznych zawartych w Biuletynie jest mo\u017cliwy poprzez stron\u0119 g\u0142\u00f3wn\u0105 Biuletynu posiadaj\u0105c\u0105 adres URL &#8211; www.bip.gov.pl, wed\u0142ug menu podmiotowego lub przedmiotowego albo poprzez podmiotowe strony Biuletynu.<\/p>\n<p>&nbsp;<\/p>\n<p>Informacje publiczne zawarte w Biuletynie organizuje si\u0119 w postaci baz danych, a ich udost\u0119pnianie odbywa si\u0119 w oparciu o mechanizmy baz danych.<\/p>\n<p>&nbsp;<\/p>\n<p>Stron\u0119 g\u0142\u00f3wn\u0105 Biuletynu redaguje si\u0119 w spos\u00f3b umo\u017cliwiaj\u0105cy modyfikacje menu podmiotowego i przedmiotowego, a tak\u017ce uwzgl\u0119dniaj\u0105c technologiczny rozw\u00f3j systemu teleinformatycznego, w kt\u00f3rym dzia\u0142a Biuletyn.<\/p>\n<p>&nbsp;<\/p>\n<p>Podmioty zobowi\u0105zane do publikowania informacji, przekazuj\u0105 ministrowi w\u0142a\u015bciwemu do spraw administracji publicznej informacje o adresie URL utworzonej przez siebie podmiotowej strony Biuletynu, o nazwie podmiotu oraz o liczbie odwiedzin podmiotowej strony Biuletynu.<\/p>\n<p>Podmioty te powiadamiaj\u0105 ministra w\u0142a\u015bciwego do spraw administracji publicznej o zmianach w tre\u015bci informacji, kt\u00f3re przekazali w celu zamieszczenia na stronie g\u0142\u00f3wnej Biuletynu, oraz o likwidacji podmiotu.<\/p>\n<p>&nbsp;<\/p>\n<p>Przekazywanie informacji odbywa si\u0119 poprzez modu\u0142 administracyjny strony g\u0142\u00f3wnej Biuletynu lub na adres poczty elektronicznej: redakcja@bip.gov.pl w spos\u00f3b zapewniaj\u0105cy integralno\u015b\u0107 i uwierzytelnienie nadawcy przes\u0142anych informacji.<\/p>\n<p>W przypadku braku mo\u017cliwo\u015bci przekazania informacji dopuszcza si\u0119 przekazywanie tych informacji drog\u0105 pocztow\u0105.<\/p>\n<p>Administrator strony g\u0142\u00f3wnej Biuletynu jest obowi\u0105zany potwierdzi\u0107 odbi\u00f3r informacji.<\/p>\n<p>&nbsp;<\/p>\n<p>Podmioty wyznaczaj\u0105 pracownik\u00f3w odpowiedzialnych za:<\/p>\n<ol>\n<li>przekazywanie ministrowi w\u0142a\u015bciwemu do spraw administracji publicznej informacji niezb\u0119dnych do zamieszczenia na stronie g\u0142\u00f3wnej Biuletynu oraz powiadamianie tego ministra o zmianach w tre\u015bci tych informacji,<\/li>\n<li>dokonywanie zmian tre\u015bci informacji publicznych udost\u0119pnianych na podmiotowej stronie Biuletynu.<\/li>\n<\/ol>\n<p>Pracownicy powinni posiada\u0107 indywidualny zewn\u0119trzny identyfikator oraz zewn\u0119trzne has\u0142o dost\u0119pu do modu\u0142u administracyjnego strony g\u0142\u00f3wnej Biuletynu, nadane przez administratora tej strony. Powinni tak\u017ce posiada\u0107 indywidualny wewn\u0119trzny identyfikator oraz wewn\u0119trzne has\u0142o dost\u0119pu do modu\u0142u administracyjnego podmiotowej strony Biuletynu, nadane przez administratora internetowego serwisu informacyjnego podmiotu.<\/p>\n<p>&nbsp;<\/p>\n<p>W przypadku, gdy podmiot nie posiada w\u0142asnego internetowego serwisu informacyjnego, indywidualny wewn\u0119trzny identyfikator oraz wewn\u0119trzne has\u0142o dost\u0119pu do modu\u0142u administracyjnego podmiotowej strony Biuletynu nadaje pracownikom administrator podmiotowej strony Biuletynu.<\/p>\n<p>&nbsp;<\/p>\n<p>Serwer strony g\u0142\u00f3wnej Biuletynu oraz serwery podmiotowych stron Biuletynu ochrania si\u0119 przez modu\u0142 bezpiecze\u0144stwa.<\/p>\n<p>Informacje zgromadzone w bazie danych strony g\u0142\u00f3wnej Biuletynu oraz informacje publiczne zgromadzone na podmiotowych stronach Biuletynu kopiuje si\u0119 systematycznie na odr\u0119bne elektroniczne no\u015bniki informacji, nie rzadziej ni\u017c raz na dob\u0119.<\/p>\n<p>&nbsp;<\/p>\n<p>Oprogramowanie serwera strony g\u0142\u00f3wnej Biuletynu oraz serwer\u00f3w podmiotowych stron Biuletynu zawiera zabezpieczenia uniemo\u017cliwiaj\u0105ce instalacj\u0119 na tych serwerach przez osoby nieuprawnione innego oprogramowania, w szczeg\u00f3lno\u015bci spowalniaj\u0105cego obs\u0142ug\u0119 Biuletynu lub uniemo\u017cliwiaj\u0105cego tak\u0105 obs\u0142ug\u0119.<\/p>\n","protected":false},"excerpt":{"rendered":"<p>Dost\u0119p do informacji publicznych zawartych w Biuletynie jest mo\u017cliwy poprzez stron\u0119 g\u0142\u00f3wn\u0105 Biuletynu posiadaj\u0105c\u0105 adres URL &#8211; www.bip.gov.pl, wed\u0142ug menu podmiotowego lub przedmiotowego albo poprzez podmiotowe strony Biuletynu. &nbsp; Informacje publiczne zawarte w Biuletynie organizuje si\u0119 w postaci baz danych, a ich udost\u0119pnianie odbywa si\u0119 w oparciu o mechanizmy baz danych. &nbsp; Stron\u0119 g\u0142\u00f3wn\u0105 Biuletynu&hellip;<\/p>\n","protected":false},"author":1,"featured_media":0,"parent":0,"menu_order":0,"comment_status":"closed","ping_status":"closed","template":"","meta":{"ngg_post_thumbnail":0,"footnotes":""},"class_list":["post-547","page","type-page","status-publish","hentry","description-off"],"_links":{"self":[{"href":"https:\/\/cus.bojszowy.pl\/bip\/wp-json\/wp\/v2\/pages\/547","targetHints":{"allow":["GET"]}}],"collection":[{"href":"https:\/\/cus.bojszowy.pl\/bip\/wp-json\/wp\/v2\/pages"}],"about":[{"href":"https:\/\/cus.bojszowy.pl\/bip\/wp-json\/wp\/v2\/types\/page"}],"author":[{"embeddable":true,"href":"https:\/\/cus.bojszowy.pl\/bip\/wp-json\/wp\/v2\/users\/1"}],"replies":[{"embeddable":true,"href":"https:\/\/cus.bojszowy.pl\/bip\/wp-json\/wp\/v2\/comments?post=547"}],"version-history":[{"count":3,"href":"https:\/\/cus.bojszowy.pl\/bip\/wp-json\/wp\/v2\/pages\/547\/revisions"}],"predecessor-version":[{"id":1765,"href":"https:\/\/cus.bojszowy.pl\/bip\/wp-json\/wp\/v2\/pages\/547\/revisions\/1765"}],"wp:attachment":[{"href":"https:\/\/cus.bojszowy.pl\/bip\/wp-json\/wp\/v2\/media?parent=547"}],"curies":[{"name":"wp","href":"https:\/\/api.w.org\/{rel}","templated":true}]}}